{"id":2069,"date":"2024-12-22T17:48:31","date_gmt":"2024-12-22T20:48:31","guid":{"rendered":"https:\/\/mariasanzkimono.com\/fuga\/"},"modified":"2025-01-06T15:06:47","modified_gmt":"2025-01-06T18:06:47","slug":"fuga","status":"publish","type":"page","link":"https:\/\/mariasanzkimono.com\/pt-br\/fuga\/","title":{"rendered":"Fuga"},"content":{"rendered":"\t\t<div data-elementor-type=\"wp-page\" data-elementor-id=\"2069\" class=\"elementor elementor-2069 elementor-2067\" data-elementor-settings=\"{&quot;ha_cmc_init_switcher&quot;:&quot;no&quot;}\" data-elementor-post-type=\"page\">\n\t\t\t\t<div class=\"elementor-element elementor-element-5b58ed74 e-con-full e-flex e-con e-parent\" data-id=\"5b58ed74\" data-element_type=\"container\" data-settings=\"{&quot;background_background&quot;:&quot;classic&quot;,&quot;_ha_eqh_enable&quot;:false}\">\n\t\t\t\t<\/div>\n\t\t<div class=\"elementor-element elementor-element-51d903ca e-flex e-con-boxed e-con e-parent\" data-id=\"51d903ca\" data-element_type=\"container\" data-settings=\"{&quot;background_background&quot;:&quot;classic&quot;,&quot;_ha_eqh_enable&quot;:false}\">\n\t\t\t\t\t<div class=\"e-con-inner\">\n\t\t<div class=\"elementor-element elementor-element-3824d4a8 e-con-full e-flex e-con e-child\" data-id=\"3824d4a8\" data-element_type=\"container\" data-settings=\"{&quot;background_background&quot;:&quot;classic&quot;,&quot;_ha_eqh_enable&quot;:false}\">\n\t\t\t\t<div class=\"elementor-element elementor-element-56b5b53f elementor-widget elementor-widget-image\" data-id=\"56b5b53f\" data-element_type=\"widget\" data-widget_type=\"image.default\">\n\t\t\t\t<div class=\"elementor-widget-container\">\n\t\t\t\t\t\t\t\t\t\t\t\t\t\t\t<img fetchpriority=\"high\" decoding=\"async\" width=\"768\" height=\"1024\" src=\"https:\/\/mariasanzkimono.com\/wp-content\/uploads\/2024\/12\/2404-scaled-1-768x1024.jpg\" class=\"attachment-large size-large wp-image-2024\" alt=\"\" srcset=\"https:\/\/mariasanzkimono.com\/wp-content\/uploads\/2024\/12\/2404-scaled-1-768x1024.jpg 768w, https:\/\/mariasanzkimono.com\/wp-content\/uploads\/2024\/12\/2404-scaled-1-225x300.jpg 225w, https:\/\/mariasanzkimono.com\/wp-content\/uploads\/2024\/12\/2404-scaled-1-1152x1536.jpg 1152w, https:\/\/mariasanzkimono.com\/wp-content\/uploads\/2024\/12\/2404-scaled-1-1536x2048.jpg 1536w, https:\/\/mariasanzkimono.com\/wp-content\/uploads\/2024\/12\/2404-scaled-1-800x1067.jpg 800w, https:\/\/mariasanzkimono.com\/wp-content\/uploads\/2024\/12\/2404-scaled-1.jpg 1600w\" sizes=\"(max-width: 768px) 100vw, 768px\" \/>\t\t\t\t\t\t\t\t\t\t\t\t\t\t\t<\/div>\n\t\t\t\t<\/div>\n\t\t\t\t<\/div>\n\t\t<div class=\"elementor-element elementor-element-1b04a5a1 e-con-full e-flex e-con e-child\" data-id=\"1b04a5a1\" data-element_type=\"container\" data-settings=\"{&quot;_ha_eqh_enable&quot;:false}\">\n\t\t\t\t<div class=\"elementor-element elementor-element-71448996 elementor-widget elementor-widget-heading\" data-id=\"71448996\" data-element_type=\"widget\" data-widget_type=\"heading.default\">\n\t\t\t\t<div class=\"elementor-widget-container\">\n\t\t\t\t\t<h2 class=\"elementor-heading-title elementor-size-default\">viscose<\/h2>\t\t\t\t<\/div>\n\t\t\t\t<\/div>\n\t\t\t\t<div class=\"elementor-element elementor-element-22e807e elementor-widget elementor-widget-text-editor\" data-id=\"22e807e\" data-element_type=\"widget\" data-widget_type=\"text-editor.default\">\n\t\t\t\t<div class=\"elementor-widget-container\">\n\t\t\t\t\t\t\t\t\t<p>A seda pura oferece um toque incompar\u00e1vel ao guarda-roupa de viagem do resort, harmonizando-se com a linha de moda praia, desenvolvida para complementar os quimonos de forma \u00fanica e sofisticada.<\/p>\n<p>As estampas da cole\u00e7\u00e3o RESORT foram desenvolvidas por Maria Sanz e inspiradas na natureza vibrante e delicada do Oriente.<\/p>\n<p>Os quimonos de seda pura podem ser usados como uma elegante capa sobre um biqu\u00edni \u00e0 beira da piscina ou como uma pe\u00e7a-chave em um sofisticado jantar \u00e0 noite. A combina\u00e7\u00e3o com um biqu\u00edni ou collant garante estilo e funcionalidade para qualquer ocasi\u00e3o.<\/p>\n\t\t\t\t\t\t\t\t<\/div>\n\t\t\t\t<\/div>\n\t\t\t\t<div class=\"elementor-element elementor-element-0b62553 elementor-widget elementor-widget-heading\" data-id=\"0b62553\" data-element_type=\"widget\" data-widget_type=\"heading.default\">\n\t\t\t\t<div class=\"elementor-widget-container\">\n\t\t\t\t\t<h2 class=\"elementor-heading-title elementor-size-default\">ESCAPE<\/h2>\t\t\t\t<\/div>\n\t\t\t\t<\/div>\n\t\t\t\t<div class=\"elementor-element elementor-element-0df49e9 elementor-widget elementor-widget-text-editor\" data-id=\"0df49e9\" data-element_type=\"widget\" data-widget_type=\"text-editor.default\">\n\t\t\t\t<div class=\"elementor-widget-container\">\n\t\t\t\t\t\t\t\t\t<p>Esta \u00e9 uma cole\u00e7\u00e3o feita para deixar o ver\u00e3o ainda mais estiloso em qualquer lugar ensolarado do mundo.<\/p>\n\t\t\t\t\t\t\t\t<\/div>\n\t\t\t\t<\/div>\n\t\t\t\t<\/div>\n\t\t\t\t\t<\/div>\n\t\t\t\t<\/div>\n\t\t<div class=\"elementor-element elementor-element-bc7e6dd e-flex e-con-boxed e-con e-parent\" data-id=\"bc7e6dd\" data-element_type=\"container\" data-settings=\"{&quot;background_background&quot;:&quot;classic&quot;,&quot;_ha_eqh_enable&quot;:false}\">\n\t\t\t\t\t<div class=\"e-con-inner\">\n\t\t<div class=\"elementor-element elementor-element-5a028cd8 e-con-full e-flex e-con e-child\" data-id=\"5a028cd8\" data-element_type=\"container\" data-settings=\"{&quot;_ha_eqh_enable&quot;:false}\">\n\t\t\t\t<div class=\"elementor-element elementor-element-5f6879ae elementor-widget elementor-widget-image\" data-id=\"5f6879ae\" data-element_type=\"widget\" data-widget_type=\"image.default\">\n\t\t\t\t<div class=\"elementor-widget-container\">\n\t\t\t\t\t\t\t\t\t\t\t\t\t\t\t<img decoding=\"async\" width=\"768\" height=\"1024\" src=\"https:\/\/mariasanzkimono.com\/wp-content\/uploads\/2024\/12\/2422-scaled-1-768x1024.jpg\" class=\"attachment-large size-large wp-image-2038\" alt=\"\" srcset=\"https:\/\/mariasanzkimono.com\/wp-content\/uploads\/2024\/12\/2422-scaled-1-768x1024.jpg 768w, https:\/\/mariasanzkimono.com\/wp-content\/uploads\/2024\/12\/2422-scaled-1-225x300.jpg 225w, https:\/\/mariasanzkimono.com\/wp-content\/uploads\/2024\/12\/2422-scaled-1-1152x1536.jpg 1152w, https:\/\/mariasanzkimono.com\/wp-content\/uploads\/2024\/12\/2422-scaled-1-1536x2048.jpg 1536w, https:\/\/mariasanzkimono.com\/wp-content\/uploads\/2024\/12\/2422-scaled-1-800x1067.jpg 800w, https:\/\/mariasanzkimono.com\/wp-content\/uploads\/2024\/12\/2422-scaled-1.jpg 1600w\" sizes=\"(max-width: 768px) 100vw, 768px\" \/>\t\t\t\t\t\t\t\t\t\t\t\t\t\t\t<\/div>\n\t\t\t\t<\/div>\n\t\t\t\t<div class=\"elementor-element elementor-element-71374d48 elementor-widget elementor-widget-heading\" data-id=\"71374d48\" data-element_type=\"widget\" data-widget_type=\"heading.default\">\n\t\t\t\t<div class=\"elementor-widget-container\">\n\t\t\t\t\t<h2 class=\"elementor-heading-title elementor-size-default\">pav\u00e3o preto<\/h2>\t\t\t\t<\/div>\n\t\t\t\t<\/div>\n\t\t\t\t<div class=\"elementor-element elementor-element-1c0820ee elementor-widget elementor-widget-text-editor\" data-id=\"1c0820ee\" data-element_type=\"widget\" data-widget_type=\"text-editor.default\">\n\t\t\t\t<div class=\"elementor-widget-container\">\n\t\t\t\t\t\t\t\t\t<p>A combina\u00e7\u00e3o de quimonos suavemente transparentes, feitos de viscose e biqu\u00ednis com desenhos exclusivos, deixa o visual elegante e vers\u00e1til, fazendo com que a mulher se sinta confort\u00e1vel, descolada e sofisticada, seja na praia, na piscina ou em ocasi\u00f5es especiais.<\/p>\n\t\t\t\t\t\t\t\t<\/div>\n\t\t\t\t<\/div>\n\t\t\t\t<\/div>\n\t\t<div class=\"elementor-element elementor-element-5f6a44f4 e-con-full e-flex e-con e-child\" data-id=\"5f6a44f4\" data-element_type=\"container\" data-settings=\"{&quot;background_background&quot;:&quot;classic&quot;,&quot;_ha_eqh_enable&quot;:false}\">\n\t\t\t\t<div class=\"elementor-element elementor-element-56eeb2aa elementor-widget elementor-widget-image\" data-id=\"56eeb2aa\" data-element_type=\"widget\" data-widget_type=\"image.default\">\n\t\t\t\t<div class=\"elementor-widget-container\">\n\t\t\t\t\t\t\t\t\t\t\t\t\t\t\t<img decoding=\"async\" width=\"768\" height=\"1024\" src=\"https:\/\/mariasanzkimono.com\/wp-content\/uploads\/2024\/12\/2381-1-scaled-1-768x1024.jpg\" class=\"attachment-large size-large wp-image-2018\" alt=\"\" srcset=\"https:\/\/mariasanzkimono.com\/wp-content\/uploads\/2024\/12\/2381-1-scaled-1-768x1024.jpg 768w, https:\/\/mariasanzkimono.com\/wp-content\/uploads\/2024\/12\/2381-1-scaled-1-225x300.jpg 225w, https:\/\/mariasanzkimono.com\/wp-content\/uploads\/2024\/12\/2381-1-scaled-1-1152x1536.jpg 1152w, https:\/\/mariasanzkimono.com\/wp-content\/uploads\/2024\/12\/2381-1-scaled-1-1536x2048.jpg 1536w, https:\/\/mariasanzkimono.com\/wp-content\/uploads\/2024\/12\/2381-1-scaled-1-800x1067.jpg 800w, https:\/\/mariasanzkimono.com\/wp-content\/uploads\/2024\/12\/2381-1-scaled-1.jpg 1600w\" sizes=\"(max-width: 768px) 100vw, 768px\" \/>\t\t\t\t\t\t\t\t\t\t\t\t\t\t\t<\/div>\n\t\t\t\t<\/div>\n\t\t\t\t<\/div>\n\t\t\t\t\t<\/div>\n\t\t\t\t<\/div>\n\t\t<div class=\"elementor-element elementor-element-7524e0dd e-flex e-con-boxed e-con e-parent\" data-id=\"7524e0dd\" data-element_type=\"container\" data-settings=\"{&quot;background_background&quot;:&quot;classic&quot;,&quot;_ha_eqh_enable&quot;:false}\">\n\t\t\t\t\t<div class=\"e-con-inner\">\n\t\t<div class=\"elementor-element elementor-element-6e95bd7e e-con-full e-flex e-con e-child\" data-id=\"6e95bd7e\" data-element_type=\"container\" data-settings=\"{&quot;_ha_eqh_enable&quot;:false}\">\n\t\t\t\t<div class=\"elementor-element elementor-element-7bd76a35 elementor-widget elementor-widget-image\" data-id=\"7bd76a35\" data-element_type=\"widget\" data-widget_type=\"image.default\">\n\t\t\t\t<div class=\"elementor-widget-container\">\n\t\t\t\t\t\t\t\t\t\t\t\t\t\t\t<img loading=\"lazy\" decoding=\"async\" width=\"1600\" height=\"2133\" src=\"https:\/\/mariasanzkimono.com\/wp-content\/uploads\/2024\/12\/2338-scaled-1.jpg\" class=\"attachment-full size-full wp-image-1998\" alt=\"\" srcset=\"https:\/\/mariasanzkimono.com\/wp-content\/uploads\/2024\/12\/2338-scaled-1.jpg 1600w, https:\/\/mariasanzkimono.com\/wp-content\/uploads\/2024\/12\/2338-scaled-1-225x300.jpg 225w, https:\/\/mariasanzkimono.com\/wp-content\/uploads\/2024\/12\/2338-scaled-1-768x1024.jpg 768w, https:\/\/mariasanzkimono.com\/wp-content\/uploads\/2024\/12\/2338-scaled-1-1152x1536.jpg 1152w, https:\/\/mariasanzkimono.com\/wp-content\/uploads\/2024\/12\/2338-scaled-1-1536x2048.jpg 1536w, https:\/\/mariasanzkimono.com\/wp-content\/uploads\/2024\/12\/2338-scaled-1-800x1067.jpg 800w\" sizes=\"(max-width: 1600px) 100vw, 1600px\" \/>\t\t\t\t\t\t\t\t\t\t\t\t\t\t\t<\/div>\n\t\t\t\t<\/div>\n\t\t\t\t<\/div>\n\t\t<div class=\"elementor-element elementor-element-6b107283 e-con-full e-flex e-con e-child\" data-id=\"6b107283\" data-element_type=\"container\" data-settings=\"{&quot;_ha_eqh_enable&quot;:false}\">\n\t\t\t\t<div class=\"elementor-element elementor-element-e34017d elementor-widget elementor-widget-heading\" data-id=\"e34017d\" data-element_type=\"widget\" data-widget_type=\"heading.default\">\n\t\t\t\t<div class=\"elementor-widget-container\">\n\t\t\t\t\t<h2 class=\"elementor-heading-title elementor-size-default\">ESCAPE<\/h2>\t\t\t\t<\/div>\n\t\t\t\t<\/div>\n\t\t\t\t<div class=\"elementor-element elementor-element-50aadc9c elementor-widget elementor-widget-text-editor\" data-id=\"50aadc9c\" data-element_type=\"widget\" data-widget_type=\"text-editor.default\">\n\t\t\t\t<div class=\"elementor-widget-container\">\n\t\t\t\t\t\t\t\t\t<p>\u00c9 uma celebra\u00e7\u00e3o do ver\u00e3o leve e elegante e \u00e9 perfeito para mulheres que amam o extraordin\u00e1rio.<\/p>\n\t\t\t\t\t\t\t\t<\/div>\n\t\t\t\t<\/div>\n\t\t\t\t<\/div>\n\t\t\t\t\t<\/div>\n\t\t\t\t<\/div>\n\t\t<div class=\"elementor-element elementor-element-3cbfd607 e-flex e-con-boxed e-con e-parent\" data-id=\"3cbfd607\" data-element_type=\"container\" data-settings=\"{&quot;background_background&quot;:&quot;classic&quot;,&quot;_ha_eqh_enable&quot;:false}\">\n\t\t\t\t\t<div class=\"e-con-inner\">\n\t\t\t\t<div class=\"elementor-element elementor-element-50953346 elementor-widget elementor-widget-heading\" data-id=\"50953346\" data-element_type=\"widget\" data-widget_type=\"heading.default\">\n\t\t\t\t<div class=\"elementor-widget-container\">\n\t\t\t\t\t<h2 class=\"elementor-heading-title elementor-size-default\">LEIA TAMB\u00c9M<\/h2>\t\t\t\t<\/div>\n\t\t\t\t<\/div>\n\t\t\t\t<div class=\"elementor-element elementor-element-27e7f9f8 elementor-widget elementor-widget-button\" data-id=\"27e7f9f8\" data-element_type=\"widget\" data-widget_type=\"button.default\">\n\t\t\t\t<div class=\"elementor-widget-container\">\n\t\t\t\t\t\t\t\t\t<div class=\"elementor-button-wrapper\">\n\t\t\t\t\t<a class=\"elementor-button elementor-button-link elementor-size-sm\" href=\"https:\/\/mariasanzkimono.com\/pt-br\/resort\/\">\n\t\t\t\t\t\t<span class=\"elementor-button-content-wrapper\">\n\t\t\t\t\t\t\t\t\t<span class=\"elementor-button-text\">RESORT<\/span>\n\t\t\t\t\t<\/span>\n\t\t\t\t\t<\/a>\n\t\t\t\t<\/div>\n\t\t\t\t\t\t\t\t<\/div>\n\t\t\t\t<\/div>\n\t\t\t\t<div class=\"elementor-element elementor-element-877cb82 elementor-widget elementor-widget-button\" data-id=\"877cb82\" data-element_type=\"widget\" data-widget_type=\"button.default\">\n\t\t\t\t<div class=\"elementor-widget-container\">\n\t\t\t\t\t\t\t\t\t<div class=\"elementor-button-wrapper\">\n\t\t\t\t\t<a class=\"elementor-button elementor-button-link elementor-size-sm\" href=\"https:\/\/mariasanzkimono.com\/pt-br\/party\/\">\n\t\t\t\t\t\t<span class=\"elementor-button-content-wrapper\">\n\t\t\t\t\t\t\t\t\t<span class=\"elementor-button-text\">FESTA<\/span>\n\t\t\t\t\t<\/span>\n\t\t\t\t\t<\/a>\n\t\t\t\t<\/div>\n\t\t\t\t\t\t\t\t<\/div>\n\t\t\t\t<\/div>\n\t\t\t\t<div class=\"elementor-element elementor-element-5cbd1887 elementor-widget elementor-widget-button\" data-id=\"5cbd1887\" data-element_type=\"widget\" data-widget_type=\"button.default\">\n\t\t\t\t<div class=\"elementor-widget-container\">\n\t\t\t\t\t\t\t\t\t<div class=\"elementor-button-wrapper\">\n\t\t\t\t\t<a class=\"elementor-button elementor-button-link elementor-size-sm\" href=\"https:\/\/mariasanzkimono.com\/pt-br\/garden\/\">\n\t\t\t\t\t\t<span class=\"elementor-button-content-wrapper\">\n\t\t\t\t\t\t\t\t\t<span class=\"elementor-button-text\">JARDIM<\/span>\n\t\t\t\t\t<\/span>\n\t\t\t\t\t<\/a>\n\t\t\t\t<\/div>\n\t\t\t\t\t\t\t\t<\/div>\n\t\t\t\t<\/div>\n\t\t\t\t<div class=\"elementor-element elementor-element-8dbdb3a elementor-widget elementor-widget-button\" data-id=\"8dbdb3a\" data-element_type=\"widget\" data-widget_type=\"button.default\">\n\t\t\t\t<div class=\"elementor-widget-container\">\n\t\t\t\t\t\t\t\t\t<div class=\"elementor-button-wrapper\">\n\t\t\t\t\t<a class=\"elementor-button elementor-button-link elementor-size-sm\" href=\"https:\/\/mariasanzkimono.com\/pt-br\/yawa-colors\/\">\n\t\t\t\t\t\t<span class=\"elementor-button-content-wrapper\">\n\t\t\t\t\t\t\t\t\t<span class=\"elementor-button-text\">YAWA COLORS<\/span>\n\t\t\t\t\t<\/span>\n\t\t\t\t\t<\/a>\n\t\t\t\t<\/div>\n\t\t\t\t\t\t\t\t<\/div>\n\t\t\t\t<\/div>\n\t\t\t\t<div class=\"elementor-element elementor-element-1b7ff78 elementor-widget elementor-widget-button\" data-id=\"1b7ff78\" data-element_type=\"widget\" data-widget_type=\"button.default\">\n\t\t\t\t<div class=\"elementor-widget-container\">\n\t\t\t\t\t\t\t\t\t<div class=\"elementor-button-wrapper\">\n\t\t\t\t\t<a class=\"elementor-button elementor-button-link elementor-size-sm\" href=\"https:\/\/mariasanzkimono.com\/pt-br\/life\/\">\n\t\t\t\t\t\t<span class=\"elementor-button-content-wrapper\">\n\t\t\t\t\t\t\t\t\t<span class=\"elementor-button-text\">VIDA<\/span>\n\t\t\t\t\t<\/span>\n\t\t\t\t\t<\/a>\n\t\t\t\t<\/div>\n\t\t\t\t\t\t\t\t<\/div>\n\t\t\t\t<\/div>\n\t\t\t\t\t<\/div>\n\t\t\t\t<\/div>\n\t\t<div class=\"elementor-element elementor-element-2fd995a6 e-flex e-con-boxed e-con e-parent\" data-id=\"2fd995a6\" data-element_type=\"container\" data-settings=\"{&quot;_ha_eqh_enable&quot;:false}\">\n\t\t\t\t\t<div class=\"e-con-inner\">\n\t\t\t\t<div class=\"elementor-element elementor-element-65de4769 ha-product-grid--hover ha-product-grid--center ha-product-grid--btns-center elementor-widget elementor-widget-ha-product-grid-new happy-addon ha-product-grid-new happy-addon-pro ha-product-grid\" data-id=\"65de4769\" data-element_type=\"widget\" data-widget_type=\"ha-product-grid-new.default\">\n\t\t\t\t<div class=\"elementor-widget-container\">\n\t\t\t\t\t\n\t\t\t<article class=\"ha-product-grid__item product type-product post-1985 status-publish first instock product_cat-beachwear product_cat-fuga product_tag-biquini product_tag-conforto product_tag-elegancia product_tag-estampa-pt-br product_tag-moda-pt-br product_tag-onca-pt-br product_tag-praia-pt-br has-post-thumbnail shipping-taxable purchasable product-type-simple\">\n\t\t\t\t<div role=\"figure\" class=\"ha-product-grid__img\">\n\t\t\t\t\t<a href=\"https:\/\/mariasanzkimono.com\/pt-br\/produto\/biquini-aza\/\" rel=\"bookmark\">\n\t\t\t\t\t\t<img loading=\"lazy\" decoding=\"async\" width=\"500\" height=\"700\" src=\"https:\/\/mariasanzkimono.com\/wp-content\/uploads\/2024\/12\/2334-scaled-1-500x700.jpg\" class=\"attachment-woocommerce_thumbnail size-woocommerce_thumbnail\" alt=\"Biqu\u00edni Aza\" \/>\t\t\t\t\t<\/a>\n\n\t\t\t\t\t\t\t\t\t\t\t\t\t\t\t\t\t\t\t\t\t\t\t\t\t<\/div>\n\n\t\t\t\t\n\t\t\t\t<h2 class=\"ha-product-grid__title\"><a href=\"https:\/\/mariasanzkimono.com\/pt-br\/produto\/biquini-aza\/\" rel=\"bookmark\">Biqu\u00edni Aza<\/a><\/h2>\n\n\t\t\t\t\t\t\t\t\t<div class=\"ha-product-grid__price\">\n\t<span class=\"price\"><span class=\"woocommerce-Price-amount amount\"><bdi><span class=\"woocommerce-Price-currencySymbol\">&#36;<\/span>&nbsp;120,00<\/bdi><\/span><\/span>\n<\/div>\n\t\t\t\t\n\t\t\t\t\n\t\t\t<\/article>\n\n\n\t\t\t<article class=\"ha-product-grid__item product type-product post-1987 status-publish instock product_cat-beachwear product_cat-fuga product_tag-biquini product_tag-conforto product_tag-elegancia product_tag-estampa-pt-br product_tag-moda-pt-br product_tag-pavao-pt-br product_tag-praia-pt-br product_tag-preto has-post-thumbnail shipping-taxable purchasable product-type-simple\">\n\t\t\t\t<div role=\"figure\" class=\"ha-product-grid__img\">\n\t\t\t\t\t<a href=\"https:\/\/mariasanzkimono.com\/pt-br\/produto\/biquini-aza-2\/\" rel=\"bookmark\">\n\t\t\t\t\t\t<img loading=\"lazy\" decoding=\"async\" width=\"500\" height=\"700\" src=\"https:\/\/mariasanzkimono.com\/wp-content\/uploads\/2024\/12\/2381-1-scaled-1-500x700.jpg\" class=\"attachment-woocommerce_thumbnail size-woocommerce_thumbnail\" alt=\"Biqu\u00edni Aza\" \/>\t\t\t\t\t<\/a>\n\n\t\t\t\t\t\t\t\t\t\t\t\t\t\t\t\t\t\t\t\t\t\t\t\t\t<\/div>\n\n\t\t\t\t\n\t\t\t\t<h2 class=\"ha-product-grid__title\"><a href=\"https:\/\/mariasanzkimono.com\/pt-br\/produto\/biquini-aza-2\/\" rel=\"bookmark\">Biqu\u00edni Aza<\/a><\/h2>\n\n\t\t\t\t\t\t\t\t\t<div class=\"ha-product-grid__price\">\n\t<span class=\"price\"><span class=\"woocommerce-Price-amount amount\"><bdi><span class=\"woocommerce-Price-currencySymbol\">&#36;<\/span>&nbsp;120,00<\/bdi><\/span><\/span>\n<\/div>\n\t\t\t\t\n\t\t\t\t\n\t\t\t<\/article>\n\n\n\t\t\t<article class=\"ha-product-grid__item product type-product post-1982 status-publish last instock product_cat-beachwear product_cat-fuga product_tag-collant-pt-br product_tag-conforto product_tag-elegancia product_tag-moda-pt-br product_tag-praia-pt-br has-post-thumbnail shipping-taxable purchasable product-type-variable\">\n\t\t\t\t<div role=\"figure\" class=\"ha-product-grid__img\">\n\t\t\t\t\t<a href=\"https:\/\/mariasanzkimono.com\/pt-br\/produto\/collant-nina-4\/\" rel=\"bookmark\">\n\t\t\t\t\t\t<img loading=\"lazy\" decoding=\"async\" width=\"500\" height=\"700\" src=\"https:\/\/mariasanzkimono.com\/wp-content\/uploads\/2024\/12\/2434-scaled-1-500x700.jpg\" class=\"attachment-woocommerce_thumbnail size-woocommerce_thumbnail\" alt=\"Collant Nina\" \/>\t\t\t\t\t<\/a>\n\n\t\t\t\t\t\t\t\t\t\t\t\t\t\t\t\t\t\t\t\t\t\t\t\t\t<\/div>\n\n\t\t\t\t\n\t\t\t\t<h2 class=\"ha-product-grid__title\"><a href=\"https:\/\/mariasanzkimono.com\/pt-br\/produto\/collant-nina-4\/\" rel=\"bookmark\">Collant Nina<\/a><\/h2>\n\n\t\t\t\t\t\t\t\t\t<div class=\"ha-product-grid__price\">\n\t<span class=\"price\"><span class=\"woocommerce-Price-amount amount\"><bdi><span class=\"woocommerce-Price-currencySymbol\">&#36;<\/span>&nbsp;150,00<\/bdi><\/span><\/span>\n<\/div>\n\t\t\t\t\n\t\t\t\t\n\t\t\t<\/article>\n\n\n\t\t\t<article class=\"ha-product-grid__item product type-product post-1984 status-publish first instock product_cat-beachwear product_cat-fuga product_tag-collant-pt-br product_tag-conforto product_tag-elegancia product_tag-estampa-pt-br product_tag-maio-pt-br product_tag-moda-pt-br product_tag-onca-pt-br product_tag-praia-pt-br has-post-thumbnail shipping-taxable purchasable product-type-variable\">\n\t\t\t\t<div role=\"figure\" class=\"ha-product-grid__img\">\n\t\t\t\t\t<a href=\"https:\/\/mariasanzkimono.com\/pt-br\/produto\/collant-nina-5\/\" rel=\"bookmark\">\n\t\t\t\t\t\t<img loading=\"lazy\" decoding=\"async\" width=\"500\" height=\"700\" src=\"https:\/\/mariasanzkimono.com\/wp-content\/uploads\/2024\/12\/2346-scaled-1-500x700.jpg\" class=\"attachment-woocommerce_thumbnail size-woocommerce_thumbnail\" alt=\"Collant Nina\" \/>\t\t\t\t\t<\/a>\n\n\t\t\t\t\t\t\t\t\t\t\t\t\t\t\t\t\t\t\t\t\t\t\t\t\t<\/div>\n\n\t\t\t\t\n\t\t\t\t<h2 class=\"ha-product-grid__title\"><a href=\"https:\/\/mariasanzkimono.com\/pt-br\/produto\/collant-nina-5\/\" rel=\"bookmark\">Collant Nina<\/a><\/h2>\n\n\t\t\t\t\t\t\t\t\t<div class=\"ha-product-grid__price\">\n\t<span class=\"price\"><span class=\"woocommerce-Price-amount amount\"><bdi><span class=\"woocommerce-Price-currencySymbol\">&#36;<\/span>&nbsp;160,00<\/bdi><\/span><\/span>\n<\/div>\n\t\t\t\t\n\t\t\t\t\n\t\t\t<\/article>\n\n\n\t\t\t<article class=\"ha-product-grid__item product type-product post-1977 status-publish instock product_cat-beachwear product_cat-fuga product_tag-collant-pt-br product_tag-conforto product_tag-elegancia product_tag-moda-pt-br product_tag-praia-pt-br has-post-thumbnail shipping-taxable purchasable product-type-variable\">\n\t\t\t\t<div role=\"figure\" class=\"ha-product-grid__img\">\n\t\t\t\t\t<a href=\"https:\/\/mariasanzkimono.com\/pt-br\/produto\/collant-ross\/\" rel=\"bookmark\">\n\t\t\t\t\t\t<img loading=\"lazy\" decoding=\"async\" width=\"500\" height=\"700\" src=\"https:\/\/mariasanzkimono.com\/wp-content\/uploads\/2024\/12\/2444-scaled-1-500x700.jpg\" class=\"attachment-woocommerce_thumbnail size-woocommerce_thumbnail\" alt=\"Collant Ross\" \/>\t\t\t\t\t<\/a>\n\n\t\t\t\t\t\t\t\t\t\t\t\t\t\t\t\t\t\t\t\t\t\t\t\t\t<\/div>\n\n\t\t\t\t\n\t\t\t\t<h2 class=\"ha-product-grid__title\"><a href=\"https:\/\/mariasanzkimono.com\/pt-br\/produto\/collant-ross\/\" rel=\"bookmark\">Collant Ross<\/a><\/h2>\n\n\t\t\t\t\t\t\t\t\t<div class=\"ha-product-grid__price\">\n\t<span class=\"price\"><span class=\"woocommerce-Price-amount amount\"><bdi><span class=\"woocommerce-Price-currencySymbol\">&#36;<\/span>&nbsp;160,00<\/bdi><\/span><\/span>\n<\/div>\n\t\t\t\t\n\t\t\t\t\n\t\t\t<\/article>\n\n\n\t\t\t<article class=\"ha-product-grid__item product type-product post-1979 status-publish last instock product_cat-beachwear product_cat-fuga product_tag-collant-pt-br product_tag-conforto product_tag-elegancia product_tag-estampa-pt-br product_tag-maio-pt-br product_tag-moda-pt-br product_tag-onca-pt-br product_tag-praia-pt-br has-post-thumbnail shipping-taxable purchasable product-type-variable\">\n\t\t\t\t<div role=\"figure\" class=\"ha-product-grid__img\">\n\t\t\t\t\t<a href=\"https:\/\/mariasanzkimono.com\/pt-br\/produto\/collant-ross-2\/\" rel=\"bookmark\">\n\t\t\t\t\t\t<img loading=\"lazy\" decoding=\"async\" width=\"500\" height=\"700\" src=\"https:\/\/mariasanzkimono.com\/wp-content\/uploads\/2024\/12\/2355-scaled-1-500x700.jpg\" class=\"attachment-woocommerce_thumbnail size-woocommerce_thumbnail\" alt=\"Collant Ross\" \/>\t\t\t\t\t<\/a>\n\n\t\t\t\t\t\t\t\t\t\t\t\t\t\t\t\t\t\t\t\t\t\t\t\t\t<\/div>\n\n\t\t\t\t\n\t\t\t\t<h2 class=\"ha-product-grid__title\"><a href=\"https:\/\/mariasanzkimono.com\/pt-br\/produto\/collant-ross-2\/\" rel=\"bookmark\">Collant Ross<\/a><\/h2>\n\n\t\t\t\t\t\t\t\t\t<div class=\"ha-product-grid__price\">\n\t<span class=\"price\"><span class=\"woocommerce-Price-amount amount\"><bdi><span class=\"woocommerce-Price-currencySymbol\">&#36;<\/span>&nbsp;180,00<\/bdi><\/span><\/span>\n<\/div>\n\t\t\t\t\n\t\t\t\t\n\t\t\t<\/article>\n\n\t\t\t\t<\/div>\n\t\t\t\t<\/div>\n\t\t\t\t<div class=\"elementor-element elementor-element-28327331 elementor-align-center elementor-widget elementor-widget-button\" data-id=\"28327331\" data-element_type=\"widget\" data-widget_type=\"button.default\">\n\t\t\t\t<div class=\"elementor-widget-container\">\n\t\t\t\t\t\t\t\t\t<div class=\"elementor-button-wrapper\">\n\t\t\t\t\t<a class=\"elementor-button elementor-button-link elementor-size-sm\" href=\"\/product-category\/escape\/\">\n\t\t\t\t\t\t<span class=\"elementor-button-content-wrapper\">\n\t\t\t\t\t\t\t\t\t<span class=\"elementor-button-text\">VER TODOS OS PRODUTOS<\/span>\n\t\t\t\t\t<\/span>\n\t\t\t\t\t<\/a>\n\t\t\t\t<\/div>\n\t\t\t\t\t\t\t\t<\/div>\n\t\t\t\t<\/div>\n\t\t\t\t\t<\/div>\n\t\t\t\t<\/div>\n\t\t\t\t<\/div>\n\t\t","protected":false},"excerpt":{"rendered":"<p>viscose A seda pura oferece um toque incompar\u00e1vel ao guarda-roupa de viagem do resort, harmonizando-se com a linha de moda praia, desenvolvida para complementar os quimonos de forma \u00fanica e sofisticada. As estampas da cole\u00e7\u00e3o RESORT foram desenvolvidas por Maria Sanz e inspiradas na natureza vibrante e delicada do Oriente. Os quimonos de seda pura [&hellip;]<\/p>\n","protected":false},"author":33,"featured_media":0,"parent":0,"menu_order":0,"comment_status":"closed","ping_status":"closed","template":"elementor_header_footer","meta":{"inline_featured_image":false,"footnotes":""},"class_list":["post-2069","page","type-page","status-publish","hentry"],"_links":{"self":[{"href":"https:\/\/mariasanzkimono.com\/pt-br\/wp-json\/wp\/v2\/pages\/2069","targetHints":{"allow":["GET"]}}],"collection":[{"href":"https:\/\/mariasanzkimono.com\/pt-br\/wp-json\/wp\/v2\/pages"}],"about":[{"href":"https:\/\/mariasanzkimono.com\/pt-br\/wp-json\/wp\/v2\/types\/page"}],"author":[{"embeddable":true,"href":"https:\/\/mariasanzkimono.com\/pt-br\/wp-json\/wp\/v2\/users\/33"}],"replies":[{"embeddable":true,"href":"https:\/\/mariasanzkimono.com\/pt-br\/wp-json\/wp\/v2\/comments?post=2069"}],"version-history":[{"count":7,"href":"https:\/\/mariasanzkimono.com\/pt-br\/wp-json\/wp\/v2\/pages\/2069\/revisions"}],"predecessor-version":[{"id":2256,"href":"https:\/\/mariasanzkimono.com\/pt-br\/wp-json\/wp\/v2\/pages\/2069\/revisions\/2256"}],"wp:attachment":[{"href":"https:\/\/mariasanzkimono.com\/pt-br\/wp-json\/wp\/v2\/media?parent=2069"}],"curies":[{"name":"wp","href":"https:\/\/api.w.org\/{rel}","templated":true}]}}