{"id":659,"date":"2024-09-16T13:49:06","date_gmt":"2024-09-16T13:49:06","guid":{"rendered":"https:\/\/mariasanzkimono.com\/?page_id=659"},"modified":"2024-10-07T15:39:34","modified_gmt":"2024-10-07T18:39:34","slug":"garden","status":"publish","type":"page","link":"https:\/\/mariasanzkimono.com\/pt-br\/garden\/","title":{"rendered":"Garden"},"content":{"rendered":"\t\t<div data-elementor-type=\"wp-page\" data-elementor-id=\"659\" class=\"elementor elementor-659\" data-elementor-settings=\"{&quot;ha_cmc_init_switcher&quot;:&quot;no&quot;}\" data-elementor-post-type=\"page\">\n\t\t\t\t<div class=\"elementor-element elementor-element-e85e5f3 e-con-full e-flex e-con e-parent\" data-id=\"e85e5f3\" data-element_type=\"container\" data-settings=\"{&quot;background_background&quot;:&quot;classic&quot;,&quot;_ha_eqh_enable&quot;:false}\">\n\t\t\t\t<\/div>\n\t\t<div class=\"elementor-element elementor-element-94ee8cf e-flex e-con-boxed e-con e-parent\" data-id=\"94ee8cf\" data-element_type=\"container\" data-settings=\"{&quot;background_background&quot;:&quot;classic&quot;,&quot;_ha_eqh_enable&quot;:false}\">\n\t\t\t\t\t<div class=\"e-con-inner\">\n\t\t<div class=\"elementor-element elementor-element-b83eedb e-con-full e-flex e-con e-child\" data-id=\"b83eedb\" data-element_type=\"container\" data-settings=\"{&quot;_ha_eqh_enable&quot;:false}\">\n\t\t\t\t<div class=\"elementor-element elementor-element-c9850e7 elementor-widget elementor-widget-heading\" data-id=\"c9850e7\" data-element_type=\"widget\" data-widget_type=\"heading.default\">\n\t\t\t\t<div class=\"elementor-widget-container\">\n\t\t\t\t\t<h2 class=\"elementor-heading-title elementor-size-default\">VISCOSE<\/h2>\t\t\t\t<\/div>\n\t\t\t\t<\/div>\n\t\t\t\t<div class=\"elementor-element elementor-element-b2562db elementor-widget elementor-widget-text-editor\" data-id=\"b2562db\" data-element_type=\"widget\" data-widget_type=\"text-editor.default\">\n\t\t\t\t<div class=\"elementor-widget-container\">\n\t\t\t\t\t\t\t\t\t<p><span style=\"font-weight: 400;\">A cole\u00e7\u00e3o Garden \u00e9 composta de kimono-vestidos, ideal para dar leveza \u00e0s festas. S\u00e3o tr\u00eas estampas florais com mandalas japonesas de prosperidade. <\/span><\/p><p>\u00a0<\/p><p><span style=\"font-weight: 400;\">O kimono-vestido pode ser usado com rasteiras elegantes para eventos de dia, ou com acess\u00f3rios luxuosos para um look mais sofisticado em festas de noite. <br \/><\/span><\/p>\t\t\t\t\t\t\t\t<\/div>\n\t\t\t\t<\/div>\n\t\t\t\t<\/div>\n\t\t<div class=\"elementor-element elementor-element-51bedfc e-con-full e-flex e-con e-child\" data-id=\"51bedfc\" data-element_type=\"container\" data-settings=\"{&quot;background_background&quot;:&quot;classic&quot;,&quot;_ha_eqh_enable&quot;:false}\">\n\t\t\t\t<div class=\"elementor-element elementor-element-5906513 elementor-widget elementor-widget-image\" data-id=\"5906513\" data-element_type=\"widget\" data-widget_type=\"image.default\">\n\t\t\t\t<div class=\"elementor-widget-container\">\n\t\t\t\t\t\t\t\t\t\t\t\t\t\t\t<img fetchpriority=\"high\" decoding=\"async\" width=\"800\" height=\"996\" src=\"https:\/\/mariasanzkimono.com\/wp-content\/uploads\/2024\/09\/Conceito_Garden_01.jpg\" class=\"attachment-large size-large wp-image-663\" alt=\"\" srcset=\"https:\/\/mariasanzkimono.com\/wp-content\/uploads\/2024\/09\/Conceito_Garden_01.jpg 810w, https:\/\/mariasanzkimono.com\/wp-content\/uploads\/2024\/09\/Conceito_Garden_01-800x996.jpg 800w, https:\/\/mariasanzkimono.com\/wp-content\/uploads\/2024\/09\/Conceito_Garden_01-241x300.jpg 241w, https:\/\/mariasanzkimono.com\/wp-content\/uploads\/2024\/09\/Conceito_Garden_01-768x956.jpg 768w\" sizes=\"(max-width: 800px) 100vw, 800px\" \/>\t\t\t\t\t\t\t\t\t\t\t\t\t\t\t<\/div>\n\t\t\t\t<\/div>\n\t\t\t\t<\/div>\n\t\t\t\t\t<\/div>\n\t\t\t\t<\/div>\n\t\t<div class=\"elementor-element elementor-element-d3a60d3 e-flex e-con-boxed e-con e-parent\" data-id=\"d3a60d3\" data-element_type=\"container\" data-settings=\"{&quot;background_background&quot;:&quot;classic&quot;,&quot;_ha_eqh_enable&quot;:false}\">\n\t\t\t\t\t<div class=\"e-con-inner\">\n\t\t<div class=\"elementor-element elementor-element-9c72538 e-con-full e-flex e-con e-child\" data-id=\"9c72538\" data-element_type=\"container\" data-settings=\"{&quot;_ha_eqh_enable&quot;:false}\">\n\t\t\t\t<div class=\"elementor-element elementor-element-0ebb8c3 elementor-widget elementor-widget-image\" data-id=\"0ebb8c3\" data-element_type=\"widget\" data-widget_type=\"image.default\">\n\t\t\t\t<div class=\"elementor-widget-container\">\n\t\t\t\t\t\t\t\t\t\t\t\t\t\t\t<img decoding=\"async\" width=\"810\" height=\"1008\" src=\"https:\/\/mariasanzkimono.com\/wp-content\/uploads\/2024\/09\/Conceito_Garden_02.jpg\" class=\"attachment-full size-full wp-image-664\" alt=\"\" srcset=\"https:\/\/mariasanzkimono.com\/wp-content\/uploads\/2024\/09\/Conceito_Garden_02.jpg 810w, https:\/\/mariasanzkimono.com\/wp-content\/uploads\/2024\/09\/Conceito_Garden_02-800x996.jpg 800w, https:\/\/mariasanzkimono.com\/wp-content\/uploads\/2024\/09\/Conceito_Garden_02-241x300.jpg 241w, https:\/\/mariasanzkimono.com\/wp-content\/uploads\/2024\/09\/Conceito_Garden_02-768x956.jpg 768w\" sizes=\"(max-width: 810px) 100vw, 810px\" \/>\t\t\t\t\t\t\t\t\t\t\t\t\t\t\t<\/div>\n\t\t\t\t<\/div>\n\t\t\t\t<\/div>\n\t\t<div class=\"elementor-element elementor-element-385c66f e-con-full e-flex e-con e-child\" data-id=\"385c66f\" data-element_type=\"container\" data-settings=\"{&quot;_ha_eqh_enable&quot;:false}\">\n\t\t\t\t<div class=\"elementor-element elementor-element-72009f3 elementor-widget elementor-widget-heading\" data-id=\"72009f3\" data-element_type=\"widget\" data-widget_type=\"heading.default\">\n\t\t\t\t<div class=\"elementor-widget-container\">\n\t\t\t\t\t<h2 class=\"elementor-heading-title elementor-size-default\">ESTAMPAS GARDEN:<\/h2>\t\t\t\t<\/div>\n\t\t\t\t<\/div>\n\t\t\t\t<div class=\"elementor-element elementor-element-99af8ba elementor-widget elementor-widget-text-editor\" data-id=\"99af8ba\" data-element_type=\"widget\" data-widget_type=\"text-editor.default\">\n\t\t\t\t<div class=\"elementor-widget-container\">\n\t\t\t\t\t\t\t\t\t<p><span style=\"font-weight: 400;\">Navy Blue Rose \u00a0\u2013\u00a0Elegante\u00a0<\/span><\/p><p><span style=\"font-weight: 400;\">Black Rose \u2013\u00a0Sofisticado\u00a0<\/span><\/p><p><span style=\"font-weight: 400;\">Green Rose \u2013\u00a0Chic &amp; Rom\u00e2ntico\u00a0<\/span><\/p>\t\t\t\t\t\t\t\t<\/div>\n\t\t\t\t<\/div>\n\t\t\t\t<\/div>\n\t\t\t\t\t<\/div>\n\t\t\t\t<\/div>\n\t\t<div class=\"elementor-element elementor-element-91a3dbd e-flex e-con-boxed e-con e-parent\" data-id=\"91a3dbd\" data-element_type=\"container\" data-settings=\"{&quot;background_background&quot;:&quot;classic&quot;,&quot;_ha_eqh_enable&quot;:false}\">\n\t\t\t\t\t<div class=\"e-con-inner\">\n\t\t\t\t<div class=\"elementor-element elementor-element-ff9345e elementor-widget elementor-widget-heading\" data-id=\"ff9345e\" data-element_type=\"widget\" data-widget_type=\"heading.default\">\n\t\t\t\t<div class=\"elementor-widget-container\">\n\t\t\t\t\t<h2 class=\"elementor-heading-title elementor-size-default\">CONHE\u00c7A TAMB\u00c9M<\/h2>\t\t\t\t<\/div>\n\t\t\t\t<\/div>\n\t\t\t\t<div class=\"elementor-element elementor-element-210bd28 elementor-widget elementor-widget-button\" data-id=\"210bd28\" data-element_type=\"widget\" data-widget_type=\"button.default\">\n\t\t\t\t<div class=\"elementor-widget-container\">\n\t\t\t\t\t\t\t\t\t<div class=\"elementor-button-wrapper\">\n\t\t\t\t\t<a class=\"elementor-button elementor-button-link elementor-size-sm\" href=\"\/resort\/\">\n\t\t\t\t\t\t<span class=\"elementor-button-content-wrapper\">\n\t\t\t\t\t\t\t\t\t<span class=\"elementor-button-text\">RESORT<\/span>\n\t\t\t\t\t<\/span>\n\t\t\t\t\t<\/a>\n\t\t\t\t<\/div>\n\t\t\t\t\t\t\t\t<\/div>\n\t\t\t\t<\/div>\n\t\t\t\t<div class=\"elementor-element elementor-element-0a2e166 elementor-widget elementor-widget-button\" data-id=\"0a2e166\" data-element_type=\"widget\" data-widget_type=\"button.default\">\n\t\t\t\t<div class=\"elementor-widget-container\">\n\t\t\t\t\t\t\t\t\t<div class=\"elementor-button-wrapper\">\n\t\t\t\t\t<a class=\"elementor-button elementor-button-link elementor-size-sm\" href=\"\/party\/\">\n\t\t\t\t\t\t<span class=\"elementor-button-content-wrapper\">\n\t\t\t\t\t\t\t\t\t<span class=\"elementor-button-text\">PARTY<\/span>\n\t\t\t\t\t<\/span>\n\t\t\t\t\t<\/a>\n\t\t\t\t<\/div>\n\t\t\t\t\t\t\t\t<\/div>\n\t\t\t\t<\/div>\n\t\t\t\t<div class=\"elementor-element elementor-element-bcbd413 elementor-widget elementor-widget-button\" data-id=\"bcbd413\" data-element_type=\"widget\" data-widget_type=\"button.default\">\n\t\t\t\t<div class=\"elementor-widget-container\">\n\t\t\t\t\t\t\t\t\t<div class=\"elementor-button-wrapper\">\n\t\t\t\t\t<a class=\"elementor-button elementor-button-link elementor-size-sm\" href=\"\/life\/\">\n\t\t\t\t\t\t<span class=\"elementor-button-content-wrapper\">\n\t\t\t\t\t\t\t\t\t<span class=\"elementor-button-text\">LIFE<\/span>\n\t\t\t\t\t<\/span>\n\t\t\t\t\t<\/a>\n\t\t\t\t<\/div>\n\t\t\t\t\t\t\t\t<\/div>\n\t\t\t\t<\/div>\n\t\t\t\t<div class=\"elementor-element elementor-element-6ba012f elementor-widget elementor-widget-button\" data-id=\"6ba012f\" data-element_type=\"widget\" data-widget_type=\"button.default\">\n\t\t\t\t<div class=\"elementor-widget-container\">\n\t\t\t\t\t\t\t\t\t<div class=\"elementor-button-wrapper\">\n\t\t\t\t\t<a class=\"elementor-button elementor-button-link elementor-size-sm\" href=\"\/yawa-colors\/\">\n\t\t\t\t\t\t<span class=\"elementor-button-content-wrapper\">\n\t\t\t\t\t\t\t\t\t<span class=\"elementor-button-text\">YAWA COLORS<\/span>\n\t\t\t\t\t<\/span>\n\t\t\t\t\t<\/a>\n\t\t\t\t<\/div>\n\t\t\t\t\t\t\t\t<\/div>\n\t\t\t\t<\/div>\n\t\t\t\t\t<\/div>\n\t\t\t\t<\/div>\n\t\t<div class=\"elementor-element elementor-element-1f30a13 e-flex e-con-boxed e-con e-parent\" data-id=\"1f30a13\" data-element_type=\"container\" data-settings=\"{&quot;_ha_eqh_enable&quot;:false}\">\n\t\t\t\t\t<div class=\"e-con-inner\">\n\t\t\t\t<div class=\"elementor-element elementor-element-4adb1bc ha-product-grid--hover ha-product-grid--center ha-product-grid--btns-center elementor-widget elementor-widget-ha-product-grid-new happy-addon ha-product-grid-new happy-addon-pro ha-product-grid\" data-id=\"4adb1bc\" data-element_type=\"widget\" data-widget_type=\"ha-product-grid-new.default\">\n\t\t\t\t<div class=\"elementor-widget-container\">\n\t\t\t\t\t\n\t\t\t<article class=\"ha-product-grid__item product type-product post-543 status-publish first instock product_cat-garden product_cat-kimono-dress product_tag-conforto product_tag-elegancia product_tag-estampa-de-rosas product_tag-home product_tag-kimono-vestido product_tag-luxo product_tag-moda-feminina product_tag-praticidade product_tag-romantismo product_tag-viscose-transparente has-post-thumbnail shipping-taxable purchasable product-type-simple\">\n\t\t\t\t<div role=\"figure\" class=\"ha-product-grid__img\">\n\t\t\t\t\t<a href=\"https:\/\/mariasanzkimono.com\/pt-br\/produto\/kimono-izadora\/\" rel=\"bookmark\">\n\t\t\t\t\t\t<img decoding=\"async\" width=\"500\" height=\"700\" src=\"https:\/\/mariasanzkimono.com\/wp-content\/uploads\/2024\/09\/Kimono-Izadora-Navy-Blue-Rose-MARIA_SANZ_KIMONO_capa-scaled-500x700.jpg\" class=\"attachment-woocommerce_thumbnail size-woocommerce_thumbnail\" alt=\"kimono Izadora\" \/>\t\t\t\t\t<\/a>\n\n\t\t\t\t\t\t\t\t\t\t\t\t\t\t\t\t\t\t\t\t\t\t\t\t\t<\/div>\n\n\t\t\t\t\n\t\t\t\t<h2 class=\"ha-product-grid__title\"><a href=\"https:\/\/mariasanzkimono.com\/pt-br\/produto\/kimono-izadora\/\" rel=\"bookmark\">kimono Izadora<\/a><\/h2>\n\n\t\t\t\t\t\t\t\t\t<div class=\"ha-product-grid__price\">\n\t<span class=\"price\"><span class=\"woocommerce-Price-amount amount\"><bdi><span class=\"woocommerce-Price-currencySymbol\">&#36;<\/span>&nbsp;550,00<\/bdi><\/span><\/span>\n<\/div>\n\t\t\t\t\n\t\t\t\t\n\t\t\t<\/article>\n\n\n\t\t\t<article class=\"ha-product-grid__item product type-product post-544 status-publish instock product_cat-garden product_cat-kimono-dress product_tag-conforto product_tag-elegancia product_tag-estampa-de-rosas product_tag-home product_tag-kimono-vestido product_tag-luxo product_tag-moda-feminina product_tag-praticidade product_tag-romantismo product_tag-viscose-transparente has-post-thumbnail shipping-taxable purchasable product-type-simple\">\n\t\t\t\t<div role=\"figure\" class=\"ha-product-grid__img\">\n\t\t\t\t\t<a href=\"https:\/\/mariasanzkimono.com\/pt-br\/produto\/kimono-izadora-2\/\" rel=\"bookmark\">\n\t\t\t\t\t\t<img loading=\"lazy\" decoding=\"async\" width=\"500\" height=\"700\" src=\"https:\/\/mariasanzkimono.com\/wp-content\/uploads\/2024\/09\/Kimono-Izadora-Black-Rose-MARIA_SANZ_KIMONO-capa-500x700.jpg\" class=\"attachment-woocommerce_thumbnail size-woocommerce_thumbnail\" alt=\"Kimono Izadora\" \/>\t\t\t\t\t<\/a>\n\n\t\t\t\t\t\t\t\t\t\t\t\t\t\t\t\t\t\t\t\t\t\t\t\t\t<\/div>\n\n\t\t\t\t\n\t\t\t\t<h2 class=\"ha-product-grid__title\"><a href=\"https:\/\/mariasanzkimono.com\/pt-br\/produto\/kimono-izadora-2\/\" rel=\"bookmark\">Kimono Izadora<\/a><\/h2>\n\n\t\t\t\t\t\t\t\t\t<div class=\"ha-product-grid__price\">\n\t<span class=\"price\"><span class=\"woocommerce-Price-amount amount\"><bdi><span class=\"woocommerce-Price-currencySymbol\">&#36;<\/span>&nbsp;550,00<\/bdi><\/span><\/span>\n<\/div>\n\t\t\t\t\n\t\t\t\t\n\t\t\t<\/article>\n\n\n\t\t\t<article class=\"ha-product-grid__item product type-product post-545 status-publish last instock product_cat-garden product_cat-kimono-dress product_tag-conforto product_tag-elegancia product_tag-estampa-de-rosas product_tag-home product_tag-kimono-vestido product_tag-luxo product_tag-moda-feminina product_tag-praticidade product_tag-romantismo product_tag-viscose-transparente has-post-thumbnail shipping-taxable purchasable product-type-simple\">\n\t\t\t\t<div role=\"figure\" class=\"ha-product-grid__img\">\n\t\t\t\t\t<a href=\"https:\/\/mariasanzkimono.com\/pt-br\/produto\/kimono-izadora-3\/\" rel=\"bookmark\">\n\t\t\t\t\t\t<img loading=\"lazy\" decoding=\"async\" width=\"500\" height=\"700\" src=\"https:\/\/mariasanzkimono.com\/wp-content\/uploads\/2024\/09\/Kimono-Izadora-Green-Rose-MARIA_SANZ_KIMONO_capa-scaled-500x700.jpg\" class=\"attachment-woocommerce_thumbnail size-woocommerce_thumbnail\" alt=\"Kimono Izadora\" \/>\t\t\t\t\t<\/a>\n\n\t\t\t\t\t\t\t\t\t\t\t\t\t\t\t\t\t\t\t\t\t\t\t\t\t<\/div>\n\n\t\t\t\t\n\t\t\t\t<h2 class=\"ha-product-grid__title\"><a href=\"https:\/\/mariasanzkimono.com\/pt-br\/produto\/kimono-izadora-3\/\" rel=\"bookmark\">Kimono Izadora<\/a><\/h2>\n\n\t\t\t\t\t\t\t\t\t<div class=\"ha-product-grid__price\">\n\t<span class=\"price\"><span class=\"woocommerce-Price-amount amount\"><bdi><span class=\"woocommerce-Price-currencySymbol\">&#36;<\/span>&nbsp;550,00<\/bdi><\/span><\/span>\n<\/div>\n\t\t\t\t\n\t\t\t\t\n\t\t\t<\/article>\n\n\t\t\t\t<\/div>\n\t\t\t\t<\/div>\n\t\t\t\t<div class=\"elementor-element elementor-element-35467fe elementor-align-center elementor-widget elementor-widget-button\" data-id=\"35467fe\" data-element_type=\"widget\" data-widget_type=\"button.default\">\n\t\t\t\t<div class=\"elementor-widget-container\">\n\t\t\t\t\t\t\t\t\t<div class=\"elementor-button-wrapper\">\n\t\t\t\t\t<a class=\"elementor-button elementor-button-link elementor-size-sm\" href=\"\/product-category\/garden\/\">\n\t\t\t\t\t\t<span class=\"elementor-button-content-wrapper\">\n\t\t\t\t\t\t\t\t\t<span class=\"elementor-button-text\">VER TODOS OS PRODUTOS<\/span>\n\t\t\t\t\t<\/span>\n\t\t\t\t\t<\/a>\n\t\t\t\t<\/div>\n\t\t\t\t\t\t\t\t<\/div>\n\t\t\t\t<\/div>\n\t\t\t\t\t<\/div>\n\t\t\t\t<\/div>\n\t\t\t\t<\/div>\n\t\t","protected":false},"excerpt":{"rendered":"<p>VISCOSE A cole\u00e7\u00e3o Garden \u00e9 composta de kimono-vestidos, ideal para dar leveza \u00e0s festas. S\u00e3o tr\u00eas estampas florais com mandalas japonesas de prosperidade. \u00a0 O kimono-vestido pode ser usado com rasteiras elegantes para eventos de dia, ou com acess\u00f3rios luxuosos para um look mais sofisticado em festas de noite. ESTAMPAS GARDEN: Navy Blue Rose \u00a0\u2013\u00a0Elegante\u00a0 [&hellip;]<\/p>\n","protected":false},"author":1,"featured_media":0,"parent":0,"menu_order":0,"comment_status":"closed","ping_status":"closed","template":"elementor_header_footer","meta":{"inline_featured_image":false,"footnotes":""},"class_list":["post-659","page","type-page","status-publish","hentry"],"_links":{"self":[{"href":"https:\/\/mariasanzkimono.com\/pt-br\/wp-json\/wp\/v2\/pages\/659","targetHints":{"allow":["GET"]}}],"collection":[{"href":"https:\/\/mariasanzkimono.com\/pt-br\/wp-json\/wp\/v2\/pages"}],"about":[{"href":"https:\/\/mariasanzkimono.com\/pt-br\/wp-json\/wp\/v2\/types\/page"}],"author":[{"embeddable":true,"href":"https:\/\/mariasanzkimono.com\/pt-br\/wp-json\/wp\/v2\/users\/1"}],"replies":[{"embeddable":true,"href":"https:\/\/mariasanzkimono.com\/pt-br\/wp-json\/wp\/v2\/comments?post=659"}],"version-history":[{"count":0,"href":"https:\/\/mariasanzkimono.com\/pt-br\/wp-json\/wp\/v2\/pages\/659\/revisions"}],"wp:attachment":[{"href":"https:\/\/mariasanzkimono.com\/pt-br\/wp-json\/wp\/v2\/media?parent=659"}],"curies":[{"name":"wp","href":"https:\/\/api.w.org\/{rel}","templated":true}]}}