{"id":674,"date":"2024-09-16T19:06:07","date_gmt":"2024-09-16T19:06:07","guid":{"rendered":"https:\/\/mariasanzkimono.com\/?page_id=674"},"modified":"2024-10-07T15:40:10","modified_gmt":"2024-10-07T18:40:10","slug":"party","status":"publish","type":"page","link":"https:\/\/mariasanzkimono.com\/pt-br\/party\/","title":{"rendered":"Party"},"content":{"rendered":"\t\t<div data-elementor-type=\"wp-page\" data-elementor-id=\"674\" class=\"elementor elementor-674\" data-elementor-settings=\"{&quot;ha_cmc_init_switcher&quot;:&quot;no&quot;}\" data-elementor-post-type=\"page\">\n\t\t\t\t<div class=\"elementor-element elementor-element-e85e5f3 e-con-full e-flex e-con e-parent\" data-id=\"e85e5f3\" data-element_type=\"container\" data-settings=\"{&quot;background_background&quot;:&quot;classic&quot;,&quot;_ha_eqh_enable&quot;:false}\">\n\t\t\t\t<\/div>\n\t\t<div class=\"elementor-element elementor-element-94ee8cf e-flex e-con-boxed e-con e-parent\" data-id=\"94ee8cf\" data-element_type=\"container\" data-settings=\"{&quot;background_background&quot;:&quot;classic&quot;,&quot;_ha_eqh_enable&quot;:false}\">\n\t\t\t\t\t<div class=\"e-con-inner\">\n\t\t<div class=\"elementor-element elementor-element-b83eedb e-con-full e-flex e-con e-child\" data-id=\"b83eedb\" data-element_type=\"container\" data-settings=\"{&quot;_ha_eqh_enable&quot;:false}\">\n\t\t\t\t<div class=\"elementor-element elementor-element-c9850e7 elementor-widget elementor-widget-heading\" data-id=\"c9850e7\" data-element_type=\"widget\" data-widget_type=\"heading.default\">\n\t\t\t\t<div class=\"elementor-widget-container\">\n\t\t\t\t\t<h2 class=\"elementor-heading-title elementor-size-default\">JERSEY DE VISCOSE<\/h2>\t\t\t\t<\/div>\n\t\t\t\t<\/div>\n\t\t\t\t<div class=\"elementor-element elementor-element-b2562db elementor-widget elementor-widget-text-editor\" data-id=\"b2562db\" data-element_type=\"widget\" data-widget_type=\"text-editor.default\">\n\t\t\t\t<div class=\"elementor-widget-container\">\n\t\t\t\t\t\t\t\t\t<p><span style=\"font-weight: 400;\">Cole\u00e7\u00e3o exclusiva de vestidos-Kimonos, em Jersey de Viscose. Cada pe\u00e7a desta linha de kimono-vestido foi concebida para oferecer um caimento perfeito, transformando qualquer festa em uma ocasi\u00e3o inesquec\u00edvel de eleg\u00e2ncia e estilo. O Jersey de Viscose \u00e9 um tecido conhecido por sua suavidade sedosa, elasticidade e acabamento impec\u00e1vel. Este material superior garante um toque agrad\u00e1vel \u00e0 pele, proporcionando conforto excepcional e liberdade de movimento sem sacrificar a sofistica\u00e7\u00e3o.<\/span><\/p><p>\u00a0<\/p>\t\t\t\t\t\t\t\t<\/div>\n\t\t\t\t<\/div>\n\t\t\t\t<\/div>\n\t\t<div class=\"elementor-element elementor-element-51bedfc e-con-full e-flex e-con e-child\" data-id=\"51bedfc\" data-element_type=\"container\" data-settings=\"{&quot;background_background&quot;:&quot;classic&quot;,&quot;_ha_eqh_enable&quot;:false}\">\n\t\t\t\t<div class=\"elementor-element elementor-element-5906513 elementor-widget elementor-widget-image\" data-id=\"5906513\" data-element_type=\"widget\" data-widget_type=\"image.default\">\n\t\t\t\t<div class=\"elementor-widget-container\">\n\t\t\t\t\t\t\t\t\t\t\t\t\t\t\t<img fetchpriority=\"high\" decoding=\"async\" width=\"800\" height=\"996\" src=\"https:\/\/mariasanzkimono.com\/wp-content\/uploads\/2024\/09\/Conceito_Party_01.jpg\" class=\"attachment-large size-large wp-image-679\" alt=\"\" srcset=\"https:\/\/mariasanzkimono.com\/wp-content\/uploads\/2024\/09\/Conceito_Party_01.jpg 810w, https:\/\/mariasanzkimono.com\/wp-content\/uploads\/2024\/09\/Conceito_Party_01-800x996.jpg 800w, https:\/\/mariasanzkimono.com\/wp-content\/uploads\/2024\/09\/Conceito_Party_01-241x300.jpg 241w, https:\/\/mariasanzkimono.com\/wp-content\/uploads\/2024\/09\/Conceito_Party_01-768x956.jpg 768w\" sizes=\"(max-width: 800px) 100vw, 800px\" \/>\t\t\t\t\t\t\t\t\t\t\t\t\t\t\t<\/div>\n\t\t\t\t<\/div>\n\t\t\t\t<\/div>\n\t\t\t\t\t<\/div>\n\t\t\t\t<\/div>\n\t\t<div class=\"elementor-element elementor-element-0045d74 e-flex e-con-boxed e-con e-parent\" data-id=\"0045d74\" data-element_type=\"container\" data-settings=\"{&quot;background_background&quot;:&quot;classic&quot;,&quot;_ha_eqh_enable&quot;:false}\">\n\t\t\t\t\t<div class=\"e-con-inner\">\n\t\t<div class=\"elementor-element elementor-element-0e42dda e-con-full e-flex e-con e-child\" data-id=\"0e42dda\" data-element_type=\"container\" data-settings=\"{&quot;_ha_eqh_enable&quot;:false}\">\n\t\t\t\t<div class=\"elementor-element elementor-element-653b08e elementor-widget elementor-widget-image\" data-id=\"653b08e\" data-element_type=\"widget\" data-widget_type=\"image.default\">\n\t\t\t\t<div class=\"elementor-widget-container\">\n\t\t\t\t\t\t\t\t\t\t\t\t\t\t\t<img decoding=\"async\" width=\"420\" height=\"612\" src=\"https:\/\/mariasanzkimono.com\/wp-content\/uploads\/2024\/09\/Conceito_Party_04.jpg\" class=\"attachment-large size-large wp-image-677\" alt=\"\" srcset=\"https:\/\/mariasanzkimono.com\/wp-content\/uploads\/2024\/09\/Conceito_Party_04.jpg 420w, https:\/\/mariasanzkimono.com\/wp-content\/uploads\/2024\/09\/Conceito_Party_04-206x300.jpg 206w\" sizes=\"(max-width: 420px) 100vw, 420px\" \/>\t\t\t\t\t\t\t\t\t\t\t\t\t\t\t<\/div>\n\t\t\t\t<\/div>\n\t\t\t\t<div class=\"elementor-element elementor-element-ff854e0 elementor-widget elementor-widget-text-editor\" data-id=\"ff854e0\" data-element_type=\"widget\" data-widget_type=\"text-editor.default\">\n\t\t\t\t<div class=\"elementor-widget-container\">\n\t\t\t\t\t\t\t\t\t<p><i><span style=\"font-weight: 400;\">*Edi\u00e7\u00e3o Limitada*<\/span><\/i><\/p><p>\u00a0<\/p><p><span style=\"font-weight: 400;\">Para garantir a exclusividade e a alta qualidade de cada pe\u00e7a, a cole\u00e7\u00e3o de vestidos em Jersey de Viscose \u00e9 lan\u00e7ada em quantidades limitadas. Ao escolher um de nossos vestidos, voc\u00ea adquire n\u00e3o apenas uma roupa, mas uma experi\u00eancia singular de luxo e estilo.<\/span><\/p>\t\t\t\t\t\t\t\t<\/div>\n\t\t\t\t<\/div>\n\t\t\t\t<\/div>\n\t\t<div class=\"elementor-element elementor-element-b13c7cb e-con-full e-flex e-con e-child\" data-id=\"b13c7cb\" data-element_type=\"container\" data-settings=\"{&quot;background_background&quot;:&quot;classic&quot;,&quot;_ha_eqh_enable&quot;:false}\">\n\t\t\t\t<div class=\"elementor-element elementor-element-9e1ca05 elementor-widget elementor-widget-image\" data-id=\"9e1ca05\" data-element_type=\"widget\" data-widget_type=\"image.default\">\n\t\t\t\t<div class=\"elementor-widget-container\">\n\t\t\t\t\t\t\t\t\t\t\t\t\t\t\t<img decoding=\"async\" width=\"800\" height=\"996\" src=\"https:\/\/mariasanzkimono.com\/wp-content\/uploads\/2024\/09\/Conceito_Party_02.jpg\" class=\"attachment-large size-large wp-image-678\" alt=\"\" srcset=\"https:\/\/mariasanzkimono.com\/wp-content\/uploads\/2024\/09\/Conceito_Party_02.jpg 810w, https:\/\/mariasanzkimono.com\/wp-content\/uploads\/2024\/09\/Conceito_Party_02-800x996.jpg 800w, https:\/\/mariasanzkimono.com\/wp-content\/uploads\/2024\/09\/Conceito_Party_02-241x300.jpg 241w, https:\/\/mariasanzkimono.com\/wp-content\/uploads\/2024\/09\/Conceito_Party_02-768x956.jpg 768w\" sizes=\"(max-width: 800px) 100vw, 800px\" \/>\t\t\t\t\t\t\t\t\t\t\t\t\t\t\t<\/div>\n\t\t\t\t<\/div>\n\t\t\t\t<\/div>\n\t\t\t\t\t<\/div>\n\t\t\t\t<\/div>\n\t\t<div class=\"elementor-element elementor-element-d3a60d3 e-flex e-con-boxed e-con e-parent\" data-id=\"d3a60d3\" data-element_type=\"container\" data-settings=\"{&quot;background_background&quot;:&quot;classic&quot;,&quot;_ha_eqh_enable&quot;:false}\">\n\t\t\t\t\t<div class=\"e-con-inner\">\n\t\t<div class=\"elementor-element elementor-element-9c72538 e-con-full e-flex e-con e-child\" data-id=\"9c72538\" data-element_type=\"container\" data-settings=\"{&quot;_ha_eqh_enable&quot;:false}\">\n\t\t\t\t<div class=\"elementor-element elementor-element-0ebb8c3 elementor-widget elementor-widget-image\" data-id=\"0ebb8c3\" data-element_type=\"widget\" data-widget_type=\"image.default\">\n\t\t\t\t<div class=\"elementor-widget-container\">\n\t\t\t\t\t\t\t\t\t\t\t\t\t\t\t<img loading=\"lazy\" decoding=\"async\" width=\"1920\" height=\"2560\" src=\"https:\/\/mariasanzkimono.com\/wp-content\/uploads\/2024\/09\/Kimono-Izadora-Arroboboi-MARIA_SANZ_KIMONO_-capa2jpg-scaled.jpg\" class=\"attachment-full size-full wp-image-344\" alt=\"\" srcset=\"https:\/\/mariasanzkimono.com\/wp-content\/uploads\/2024\/09\/Kimono-Izadora-Arroboboi-MARIA_SANZ_KIMONO_-capa2jpg-scaled.jpg 1920w, https:\/\/mariasanzkimono.com\/wp-content\/uploads\/2024\/09\/Kimono-Izadora-Arroboboi-MARIA_SANZ_KIMONO_-capa2jpg-scaled-800x1067.jpg 800w, https:\/\/mariasanzkimono.com\/wp-content\/uploads\/2024\/09\/Kimono-Izadora-Arroboboi-MARIA_SANZ_KIMONO_-capa2jpg-225x300.jpg 225w, https:\/\/mariasanzkimono.com\/wp-content\/uploads\/2024\/09\/Kimono-Izadora-Arroboboi-MARIA_SANZ_KIMONO_-capa2jpg-768x1024.jpg 768w, https:\/\/mariasanzkimono.com\/wp-content\/uploads\/2024\/09\/Kimono-Izadora-Arroboboi-MARIA_SANZ_KIMONO_-capa2jpg-1152x1536.jpg 1152w, https:\/\/mariasanzkimono.com\/wp-content\/uploads\/2024\/09\/Kimono-Izadora-Arroboboi-MARIA_SANZ_KIMONO_-capa2jpg-1536x2048.jpg 1536w\" sizes=\"(max-width: 1920px) 100vw, 1920px\" \/>\t\t\t\t\t\t\t\t\t\t\t\t\t\t\t<\/div>\n\t\t\t\t<\/div>\n\t\t\t\t<\/div>\n\t\t<div class=\"elementor-element elementor-element-385c66f e-con-full e-flex e-con e-child\" data-id=\"385c66f\" data-element_type=\"container\" data-settings=\"{&quot;_ha_eqh_enable&quot;:false}\">\n\t\t\t\t<div class=\"elementor-element elementor-element-72009f3 elementor-widget elementor-widget-heading\" data-id=\"72009f3\" data-element_type=\"widget\" data-widget_type=\"heading.default\">\n\t\t\t\t<div class=\"elementor-widget-container\">\n\t\t\t\t\t<h2 class=\"elementor-heading-title elementor-size-default\">ESTAMPAS JERSEY DE VISCOSE:<\/h2>\t\t\t\t<\/div>\n\t\t\t\t<\/div>\n\t\t\t\t<div class=\"elementor-element elementor-element-99af8ba elementor-widget elementor-widget-text-editor\" data-id=\"99af8ba\" data-element_type=\"widget\" data-widget_type=\"text-editor.default\">\n\t\t\t\t<div class=\"elementor-widget-container\">\n\t\t\t\t\t\t\t\t\t<p><span style=\"font-weight: 400;\"><strong>Estampa Joker | Edi\u00e7\u00e3o Limitada<\/strong><br \/><br \/><\/span><span style=\"font-weight: 400;\">O fundo preto desta estampa n\u00e3o \u00e9 apenas uma cor, mas um elemento que simboliza o infinito e destaca o olho enquanto janela da alma. A aus\u00eancia de outros elementos visuais permite que a mente divague e crie suas pr\u00f3prias interpreta\u00e7\u00f5es, transformando cada pe\u00e7a em uma experi\u00eancia pessoal e \u00fanica para quem a observa.<\/span><\/p><p><strong>Estampa Cheeta | Edi\u00e7\u00e3o Limitada<\/strong><\/p><p><span style=\"font-weight: 400;\">Este \u00e9 um animal print cl\u00e1ssico da marca. Cheeta tem eleg\u00e2ncia e irrever\u00eancia na mesma medida. O tom caramelo vibrante confere personalidade a essa estampa que funciona tanto para um evento noturno sofisticado, quanto para um encontro casual onde a eleg\u00e2ncia \u00e9 prioridade.<\/span><\/p><p><strong>Estampa Arroboboi | Edi\u00e7\u00e3o Limitada<\/strong><\/p><p><span style=\"font-weight: 400;\">Esta \u00e9 um cria\u00e7\u00e3o deslumbrante que celebra a exuber\u00e2ncia e a vitalidade do mundo natural. Com um fundo verde bandeira e elementos de poder, como o arco-\u00edris e a serpente, a estampa Arroboboi \u00e9 uma explos\u00e3o de cores vibrantes e personalidade, ideal para quem quer fazer uma declara\u00e7\u00e3o ousada e alegre atrav\u00e9s da moda.<\/span><\/p>\t\t\t\t\t\t\t\t<\/div>\n\t\t\t\t<\/div>\n\t\t\t\t<\/div>\n\t\t\t\t\t<\/div>\n\t\t\t\t<\/div>\n\t\t<div class=\"elementor-element elementor-element-91a3dbd e-flex e-con-boxed e-con e-parent\" data-id=\"91a3dbd\" data-element_type=\"container\" data-settings=\"{&quot;background_background&quot;:&quot;classic&quot;,&quot;_ha_eqh_enable&quot;:false}\">\n\t\t\t\t\t<div class=\"e-con-inner\">\n\t\t\t\t<div class=\"elementor-element elementor-element-ff9345e elementor-widget elementor-widget-heading\" data-id=\"ff9345e\" data-element_type=\"widget\" data-widget_type=\"heading.default\">\n\t\t\t\t<div class=\"elementor-widget-container\">\n\t\t\t\t\t<h2 class=\"elementor-heading-title elementor-size-default\">CONHE\u00c7A TAMB\u00c9M<\/h2>\t\t\t\t<\/div>\n\t\t\t\t<\/div>\n\t\t\t\t<div class=\"elementor-element elementor-element-210bd28 elementor-widget elementor-widget-button\" data-id=\"210bd28\" data-element_type=\"widget\" data-widget_type=\"button.default\">\n\t\t\t\t<div class=\"elementor-widget-container\">\n\t\t\t\t\t\t\t\t\t<div class=\"elementor-button-wrapper\">\n\t\t\t\t\t<a class=\"elementor-button elementor-button-link elementor-size-sm\" href=\"\/resort\/\">\n\t\t\t\t\t\t<span class=\"elementor-button-content-wrapper\">\n\t\t\t\t\t\t\t\t\t<span class=\"elementor-button-text\">RESORT<\/span>\n\t\t\t\t\t<\/span>\n\t\t\t\t\t<\/a>\n\t\t\t\t<\/div>\n\t\t\t\t\t\t\t\t<\/div>\n\t\t\t\t<\/div>\n\t\t\t\t<div class=\"elementor-element elementor-element-0a2e166 elementor-widget elementor-widget-button\" data-id=\"0a2e166\" data-element_type=\"widget\" data-widget_type=\"button.default\">\n\t\t\t\t<div class=\"elementor-widget-container\">\n\t\t\t\t\t\t\t\t\t<div class=\"elementor-button-wrapper\">\n\t\t\t\t\t<a class=\"elementor-button elementor-button-link elementor-size-sm\" href=\"\/ggarden\/\">\n\t\t\t\t\t\t<span class=\"elementor-button-content-wrapper\">\n\t\t\t\t\t\t\t\t\t<span class=\"elementor-button-text\">GARDEN<\/span>\n\t\t\t\t\t<\/span>\n\t\t\t\t\t<\/a>\n\t\t\t\t<\/div>\n\t\t\t\t\t\t\t\t<\/div>\n\t\t\t\t<\/div>\n\t\t\t\t<div class=\"elementor-element elementor-element-bcbd413 elementor-widget elementor-widget-button\" data-id=\"bcbd413\" data-element_type=\"widget\" data-widget_type=\"button.default\">\n\t\t\t\t<div class=\"elementor-widget-container\">\n\t\t\t\t\t\t\t\t\t<div class=\"elementor-button-wrapper\">\n\t\t\t\t\t<a class=\"elementor-button elementor-button-link elementor-size-sm\" href=\"\/life\/\">\n\t\t\t\t\t\t<span class=\"elementor-button-content-wrapper\">\n\t\t\t\t\t\t\t\t\t<span class=\"elementor-button-text\">LIFE<\/span>\n\t\t\t\t\t<\/span>\n\t\t\t\t\t<\/a>\n\t\t\t\t<\/div>\n\t\t\t\t\t\t\t\t<\/div>\n\t\t\t\t<\/div>\n\t\t\t\t<div class=\"elementor-element elementor-element-6ba012f elementor-widget elementor-widget-button\" data-id=\"6ba012f\" data-element_type=\"widget\" data-widget_type=\"button.default\">\n\t\t\t\t<div class=\"elementor-widget-container\">\n\t\t\t\t\t\t\t\t\t<div class=\"elementor-button-wrapper\">\n\t\t\t\t\t<a class=\"elementor-button elementor-button-link elementor-size-sm\" href=\"\/yawa-colors\/\">\n\t\t\t\t\t\t<span class=\"elementor-button-content-wrapper\">\n\t\t\t\t\t\t\t\t\t<span class=\"elementor-button-text\">YAWA COLORS<\/span>\n\t\t\t\t\t<\/span>\n\t\t\t\t\t<\/a>\n\t\t\t\t<\/div>\n\t\t\t\t\t\t\t\t<\/div>\n\t\t\t\t<\/div>\n\t\t\t\t\t<\/div>\n\t\t\t\t<\/div>\n\t\t<div class=\"elementor-element elementor-element-1f30a13 e-flex e-con-boxed e-con e-parent\" data-id=\"1f30a13\" data-element_type=\"container\" data-settings=\"{&quot;_ha_eqh_enable&quot;:false}\">\n\t\t\t\t\t<div class=\"e-con-inner\">\n\t\t\t\t<div class=\"elementor-element elementor-element-4adb1bc ha-product-grid--hover ha-product-grid--center ha-product-grid--btns-center elementor-widget elementor-widget-ha-product-grid-new happy-addon ha-product-grid-new happy-addon-pro ha-product-grid\" data-id=\"4adb1bc\" data-element_type=\"widget\" data-widget_type=\"ha-product-grid-new.default\">\n\t\t\t\t<div class=\"elementor-widget-container\">\n\t\t\t\t\t\n\t\t\t<article class=\"ha-product-grid__item product type-product post-546 status-publish first outofstock product_cat-kimono-dress product_cat-party product_tag-conforto product_tag-elegancia product_tag-estampa-de-cheeta product_tag-kimono-vestido product_tag-luxo product_tag-moda-feminina product_tag-praticidade product_tag-viscose-de-jersey has-post-thumbnail shipping-taxable purchasable product-type-simple\">\n\t\t\t\t<div role=\"figure\" class=\"ha-product-grid__img\">\n\t\t\t\t\t<a href=\"https:\/\/mariasanzkimono.com\/pt-br\/produto\/kimono-izadora-4\/\" rel=\"bookmark\">\n\t\t\t\t\t\t<img loading=\"lazy\" decoding=\"async\" width=\"500\" height=\"700\" src=\"https:\/\/mariasanzkimono.com\/wp-content\/uploads\/2024\/09\/Kimono-Izadora-Cheeta-MARIA_SANZ_KIMONO_-0jpg-scaled-500x700.jpg\" class=\"attachment-woocommerce_thumbnail size-woocommerce_thumbnail\" alt=\"Kimono Izadora\" \/>\t\t\t\t\t<\/a>\n\n\t\t\t\t\t\t\t\t\t\t\t\t\t\t\t\t\t\t\t\t\t\t\t\t\t<\/div>\n\n\t\t\t\t\n\t\t\t\t<h2 class=\"ha-product-grid__title\"><a href=\"https:\/\/mariasanzkimono.com\/pt-br\/produto\/kimono-izadora-4\/\" rel=\"bookmark\">Kimono Izadora<\/a><\/h2>\n\n\t\t\t\t\t\t\t\t\t<div class=\"ha-product-grid__price\">\n\t<span class=\"price\"><span class=\"woocommerce-Price-amount amount\"><bdi><span class=\"woocommerce-Price-currencySymbol\">&#36;<\/span>&nbsp;795,00<\/bdi><\/span><\/span>\n<\/div>\n\t\t\t\t\n\t\t\t\t\n\t\t\t<\/article>\n\n\n\t\t\t<article class=\"ha-product-grid__item product type-product post-547 status-publish instock product_cat-kimono-dress product_cat-party product_tag-conforto product_tag-elegancia product_tag-estampa-arroboboi product_tag-kimono-vestido product_tag-luxo product_tag-moda-feminina product_tag-praticidade product_tag-viscose-de-jersey has-post-thumbnail shipping-taxable purchasable product-type-simple\">\n\t\t\t\t<div role=\"figure\" class=\"ha-product-grid__img\">\n\t\t\t\t\t<a href=\"https:\/\/mariasanzkimono.com\/pt-br\/produto\/kimono-izadora-5\/\" rel=\"bookmark\">\n\t\t\t\t\t\t<img loading=\"lazy\" decoding=\"async\" width=\"500\" height=\"700\" src=\"https:\/\/mariasanzkimono.com\/wp-content\/uploads\/2024\/09\/Kimono-Izadora-Arroboboi-MARIA_SANZ_KIMONO_-2jpg-scaled-500x700.jpg\" class=\"attachment-woocommerce_thumbnail size-woocommerce_thumbnail\" alt=\"Kimono Izadora\" \/>\t\t\t\t\t<\/a>\n\n\t\t\t\t\t\t\t\t\t\t\t\t\t\t\t\t\t\t\t\t\t\t\t\t\t<\/div>\n\n\t\t\t\t\n\t\t\t\t<h2 class=\"ha-product-grid__title\"><a href=\"https:\/\/mariasanzkimono.com\/pt-br\/produto\/kimono-izadora-5\/\" rel=\"bookmark\">Kimono Izadora<\/a><\/h2>\n\n\t\t\t\t\t\t\t\t\t<div class=\"ha-product-grid__price\">\n\t<span class=\"price\"><span class=\"woocommerce-Price-amount amount\"><bdi><span class=\"woocommerce-Price-currencySymbol\">&#36;<\/span>&nbsp;795,00<\/bdi><\/span><\/span>\n<\/div>\n\t\t\t\t\n\t\t\t\t\n\t\t\t<\/article>\n\n\n\t\t\t<article class=\"ha-product-grid__item product type-product post-548 status-publish last instock product_cat-kimono-dress product_cat-party product_tag-conforto product_tag-elegancia product_tag-estampa-joker product_tag-kimono-vestido product_tag-luxo product_tag-moda-feminina product_tag-praticidade product_tag-viscose-de-jersey has-post-thumbnail shipping-taxable purchasable product-type-simple\">\n\t\t\t\t<div role=\"figure\" class=\"ha-product-grid__img\">\n\t\t\t\t\t<a href=\"https:\/\/mariasanzkimono.com\/pt-br\/produto\/kimono-izadora-6\/\" rel=\"bookmark\">\n\t\t\t\t\t\t<img loading=\"lazy\" decoding=\"async\" width=\"500\" height=\"700\" src=\"https:\/\/mariasanzkimono.com\/wp-content\/uploads\/2024\/09\/Kimono-Izadora-Joker-MARIA_SANZ_KIMONO_-0jpg-scaled-500x700.jpg\" class=\"attachment-woocommerce_thumbnail size-woocommerce_thumbnail\" alt=\"Kimono Izadora\" \/>\t\t\t\t\t<\/a>\n\n\t\t\t\t\t\t\t\t\t\t\t\t\t\t\t\t\t\t\t\t\t\t\t\t\t<\/div>\n\n\t\t\t\t\n\t\t\t\t<h2 class=\"ha-product-grid__title\"><a href=\"https:\/\/mariasanzkimono.com\/pt-br\/produto\/kimono-izadora-6\/\" rel=\"bookmark\">Kimono Izadora<\/a><\/h2>\n\n\t\t\t\t\t\t\t\t\t<div class=\"ha-product-grid__price\">\n\t<span class=\"price\"><span class=\"woocommerce-Price-amount amount\"><bdi><span class=\"woocommerce-Price-currencySymbol\">&#36;<\/span>&nbsp;795,00<\/bdi><\/span><\/span>\n<\/div>\n\t\t\t\t\n\t\t\t\t\n\t\t\t<\/article>\n\n\t\t\t\t<\/div>\n\t\t\t\t<\/div>\n\t\t\t\t<div class=\"elementor-element elementor-element-35467fe elementor-align-center elementor-widget elementor-widget-button\" data-id=\"35467fe\" data-element_type=\"widget\" data-widget_type=\"button.default\">\n\t\t\t\t<div class=\"elementor-widget-container\">\n\t\t\t\t\t\t\t\t\t<div class=\"elementor-button-wrapper\">\n\t\t\t\t\t<a class=\"elementor-button elementor-button-link elementor-size-sm\" href=\"\/product-category\/party\/\">\n\t\t\t\t\t\t<span class=\"elementor-button-content-wrapper\">\n\t\t\t\t\t\t\t\t\t<span class=\"elementor-button-text\">VER TODOS OS PRODUTOS<\/span>\n\t\t\t\t\t<\/span>\n\t\t\t\t\t<\/a>\n\t\t\t\t<\/div>\n\t\t\t\t\t\t\t\t<\/div>\n\t\t\t\t<\/div>\n\t\t\t\t\t<\/div>\n\t\t\t\t<\/div>\n\t\t\t\t<\/div>\n\t\t","protected":false},"excerpt":{"rendered":"<p>JERSEY DE VISCOSE Cole\u00e7\u00e3o exclusiva de vestidos-Kimonos, em Jersey de Viscose. Cada pe\u00e7a desta linha de kimono-vestido foi concebida para oferecer um caimento perfeito, transformando qualquer festa em uma ocasi\u00e3o inesquec\u00edvel de eleg\u00e2ncia e estilo. O Jersey de Viscose \u00e9 um tecido conhecido por sua suavidade sedosa, elasticidade e acabamento impec\u00e1vel. Este material superior garante [&hellip;]<\/p>\n","protected":false},"author":1,"featured_media":0,"parent":0,"menu_order":0,"comment_status":"closed","ping_status":"closed","template":"elementor_header_footer","meta":{"inline_featured_image":false,"footnotes":""},"class_list":["post-674","page","type-page","status-publish","hentry"],"_links":{"self":[{"href":"https:\/\/mariasanzkimono.com\/pt-br\/wp-json\/wp\/v2\/pages\/674","targetHints":{"allow":["GET"]}}],"collection":[{"href":"https:\/\/mariasanzkimono.com\/pt-br\/wp-json\/wp\/v2\/pages"}],"about":[{"href":"https:\/\/mariasanzkimono.com\/pt-br\/wp-json\/wp\/v2\/types\/page"}],"author":[{"embeddable":true,"href":"https:\/\/mariasanzkimono.com\/pt-br\/wp-json\/wp\/v2\/users\/1"}],"replies":[{"embeddable":true,"href":"https:\/\/mariasanzkimono.com\/pt-br\/wp-json\/wp\/v2\/comments?post=674"}],"version-history":[{"count":0,"href":"https:\/\/mariasanzkimono.com\/pt-br\/wp-json\/wp\/v2\/pages\/674\/revisions"}],"wp:attachment":[{"href":"https:\/\/mariasanzkimono.com\/pt-br\/wp-json\/wp\/v2\/media?parent=674"}],"curies":[{"name":"wp","href":"https:\/\/api.w.org\/{rel}","templated":true}]}}