{"id":689,"date":"2024-09-18T18:37:25","date_gmt":"2024-09-18T18:37:25","guid":{"rendered":"https:\/\/mariasanzkimono.com\/?page_id=689"},"modified":"2024-10-07T15:39:51","modified_gmt":"2024-10-07T18:39:51","slug":"life","status":"publish","type":"page","link":"https:\/\/mariasanzkimono.com\/pt-br\/life\/","title":{"rendered":"Life"},"content":{"rendered":"\t\t<div data-elementor-type=\"wp-page\" data-elementor-id=\"689\" class=\"elementor elementor-689\" data-elementor-settings=\"{&quot;ha_cmc_init_switcher&quot;:&quot;no&quot;}\" data-elementor-post-type=\"page\">\n\t\t\t\t<div class=\"elementor-element elementor-element-e85e5f3 e-con-full e-flex e-con e-parent\" data-id=\"e85e5f3\" data-element_type=\"container\" data-settings=\"{&quot;background_background&quot;:&quot;classic&quot;,&quot;_ha_eqh_enable&quot;:false}\">\n\t\t\t\t<\/div>\n\t\t<div class=\"elementor-element elementor-element-94ee8cf e-flex e-con-boxed e-con e-parent\" data-id=\"94ee8cf\" data-element_type=\"container\" data-settings=\"{&quot;background_background&quot;:&quot;classic&quot;,&quot;_ha_eqh_enable&quot;:false}\">\n\t\t\t\t\t<div class=\"e-con-inner\">\n\t\t<div class=\"elementor-element elementor-element-51bedfc e-con-full e-flex e-con e-child\" data-id=\"51bedfc\" data-element_type=\"container\" data-settings=\"{&quot;background_background&quot;:&quot;classic&quot;,&quot;_ha_eqh_enable&quot;:false}\">\n\t\t\t\t<div class=\"elementor-element elementor-element-5906513 elementor-widget elementor-widget-image\" data-id=\"5906513\" data-element_type=\"widget\" data-widget_type=\"image.default\">\n\t\t\t\t<div class=\"elementor-widget-container\">\n\t\t\t\t\t\t\t\t\t\t\t\t\t\t\t<img fetchpriority=\"high\" decoding=\"async\" width=\"800\" height=\"996\" src=\"https:\/\/mariasanzkimono.com\/wp-content\/uploads\/2024\/09\/Conceito_Life_01.jpg\" class=\"attachment-large size-large wp-image-692\" alt=\"\" srcset=\"https:\/\/mariasanzkimono.com\/wp-content\/uploads\/2024\/09\/Conceito_Life_01.jpg 810w, https:\/\/mariasanzkimono.com\/wp-content\/uploads\/2024\/09\/Conceito_Life_01-800x996.jpg 800w, https:\/\/mariasanzkimono.com\/wp-content\/uploads\/2024\/09\/Conceito_Life_01-241x300.jpg 241w, https:\/\/mariasanzkimono.com\/wp-content\/uploads\/2024\/09\/Conceito_Life_01-768x956.jpg 768w\" sizes=\"(max-width: 800px) 100vw, 800px\" \/>\t\t\t\t\t\t\t\t\t\t\t\t\t\t\t<\/div>\n\t\t\t\t<\/div>\n\t\t\t\t<\/div>\n\t\t<div class=\"elementor-element elementor-element-b83eedb e-con-full e-flex e-con e-child\" data-id=\"b83eedb\" data-element_type=\"container\" data-settings=\"{&quot;_ha_eqh_enable&quot;:false}\">\n\t\t\t\t<div class=\"elementor-element elementor-element-c9850e7 elementor-widget elementor-widget-heading\" data-id=\"c9850e7\" data-element_type=\"widget\" data-widget_type=\"heading.default\">\n\t\t\t\t<div class=\"elementor-widget-container\">\n\t\t\t\t\t<h2 class=\"elementor-heading-title elementor-size-default\">Kimono LIFE <\/br> 100% Viscose<\/h2>\t\t\t\t<\/div>\n\t\t\t\t<\/div>\n\t\t\t\t<div class=\"elementor-element elementor-element-b2562db elementor-widget elementor-widget-text-editor\" data-id=\"b2562db\" data-element_type=\"widget\" data-widget_type=\"text-editor.default\">\n\t\t\t\t<div class=\"elementor-widget-container\">\n\t\t\t\t\t\t\t\t\t<p><span style=\"font-weight: 400;\">A cole\u00e7\u00e3o Life foi criada em uma viscose especial com caimento ideal e toque fresco. Os kimonos s\u00e3o modelos cl\u00e1ssicos japoneses e as estampas exclusivas da marca.<\/span><\/p><p>\u00a0<\/p><p><span style=\"font-weight: 400;\">Eles podem ser usados de dia com rasteiras elegantes ou com acess\u00f3rios luxuosos e sand\u00e1lias de salto para um look noturno sofisticado. <\/span><\/p>\t\t\t\t\t\t\t\t<\/div>\n\t\t\t\t<\/div>\n\t\t\t\t<\/div>\n\t\t\t\t\t<\/div>\n\t\t\t\t<\/div>\n\t\t<div class=\"elementor-element elementor-element-0045d74 e-flex e-con-boxed e-con e-parent\" data-id=\"0045d74\" data-element_type=\"container\" data-settings=\"{&quot;background_background&quot;:&quot;classic&quot;,&quot;_ha_eqh_enable&quot;:false}\">\n\t\t\t\t\t<div class=\"e-con-inner\">\n\t\t<div class=\"elementor-element elementor-element-0e42dda e-con-full e-flex e-con e-child\" data-id=\"0e42dda\" data-element_type=\"container\" data-settings=\"{&quot;_ha_eqh_enable&quot;:false}\">\n\t\t\t\t<div class=\"elementor-element elementor-element-653b08e elementor-widget elementor-widget-image\" data-id=\"653b08e\" data-element_type=\"widget\" data-widget_type=\"image.default\">\n\t\t\t\t<div class=\"elementor-widget-container\">\n\t\t\t\t\t\t\t\t\t\t\t\t\t\t\t<img decoding=\"async\" width=\"420\" height=\"612\" src=\"https:\/\/mariasanzkimono.com\/wp-content\/uploads\/2024\/09\/Conceito_Life_04.jpg\" class=\"attachment-large size-large wp-image-693\" alt=\"\" srcset=\"https:\/\/mariasanzkimono.com\/wp-content\/uploads\/2024\/09\/Conceito_Life_04.jpg 420w, https:\/\/mariasanzkimono.com\/wp-content\/uploads\/2024\/09\/Conceito_Life_04-206x300.jpg 206w\" sizes=\"(max-width: 420px) 100vw, 420px\" \/>\t\t\t\t\t\t\t\t\t\t\t\t\t\t\t<\/div>\n\t\t\t\t<\/div>\n\t\t\t\t<div class=\"elementor-element elementor-element-9252104 elementor-widget elementor-widget-heading\" data-id=\"9252104\" data-element_type=\"widget\" data-widget_type=\"heading.default\">\n\t\t\t\t<div class=\"elementor-widget-container\">\n\t\t\t\t\t<h2 class=\"elementor-heading-title elementor-size-default\">Estampas Life<\/h2>\t\t\t\t<\/div>\n\t\t\t\t<\/div>\n\t\t\t\t<div class=\"elementor-element elementor-element-ff854e0 elementor-widget elementor-widget-text-editor\" data-id=\"ff854e0\" data-element_type=\"widget\" data-widget_type=\"text-editor.default\">\n\t\t\t\t<div class=\"elementor-widget-container\">\n\t\t\t\t\t\t\t\t\t<p><strong>Samurai<br \/><\/strong><span style=\"font-weight: 400;\">Essa \u00e9 uma estampa oriental-l\u00fadica com o Samurais e as flores de cerejeiras. Tamb\u00e9m serve muito bem ao masculino para um visual cool-chic.\u00a0 <\/span><\/p>\t\t\t\t\t\t\t\t<\/div>\n\t\t\t\t<\/div>\n\t\t\t\t<\/div>\n\t\t<div class=\"elementor-element elementor-element-b13c7cb e-con-full e-flex e-con e-child\" data-id=\"b13c7cb\" data-element_type=\"container\" data-settings=\"{&quot;background_background&quot;:&quot;classic&quot;,&quot;_ha_eqh_enable&quot;:false}\">\n\t\t\t\t<div class=\"elementor-element elementor-element-9e1ca05 elementor-widget elementor-widget-image\" data-id=\"9e1ca05\" data-element_type=\"widget\" data-widget_type=\"image.default\">\n\t\t\t\t<div class=\"elementor-widget-container\">\n\t\t\t\t\t\t\t\t\t\t\t\t\t\t\t<img decoding=\"async\" width=\"800\" height=\"996\" src=\"https:\/\/mariasanzkimono.com\/wp-content\/uploads\/2024\/09\/Conceito_Life_02.jpg\" class=\"attachment-large size-large wp-image-779\" alt=\"\" srcset=\"https:\/\/mariasanzkimono.com\/wp-content\/uploads\/2024\/09\/Conceito_Life_02.jpg 810w, https:\/\/mariasanzkimono.com\/wp-content\/uploads\/2024\/09\/Conceito_Life_02-800x996.jpg 800w, https:\/\/mariasanzkimono.com\/wp-content\/uploads\/2024\/09\/Conceito_Life_02-241x300.jpg 241w, https:\/\/mariasanzkimono.com\/wp-content\/uploads\/2024\/09\/Conceito_Life_02-768x956.jpg 768w\" sizes=\"(max-width: 800px) 100vw, 800px\" \/>\t\t\t\t\t\t\t\t\t\t\t\t\t\t\t<\/div>\n\t\t\t\t<\/div>\n\t\t\t\t<\/div>\n\t\t\t\t\t<\/div>\n\t\t\t\t<\/div>\n\t\t<div class=\"elementor-element elementor-element-d3a60d3 e-flex e-con-boxed e-con e-parent\" data-id=\"d3a60d3\" data-element_type=\"container\" data-settings=\"{&quot;background_background&quot;:&quot;classic&quot;,&quot;_ha_eqh_enable&quot;:false}\">\n\t\t\t\t\t<div class=\"e-con-inner\">\n\t\t<div class=\"elementor-element elementor-element-9c72538 e-con-full e-flex e-con e-child\" data-id=\"9c72538\" data-element_type=\"container\" data-settings=\"{&quot;_ha_eqh_enable&quot;:false}\">\n\t\t\t\t<div class=\"elementor-element elementor-element-0ebb8c3 elementor-widget elementor-widget-image\" data-id=\"0ebb8c3\" data-element_type=\"widget\" data-widget_type=\"image.default\">\n\t\t\t\t<div class=\"elementor-widget-container\">\n\t\t\t\t\t\t\t\t\t\t\t\t\t\t\t<img loading=\"lazy\" decoding=\"async\" width=\"810\" height=\"1008\" src=\"https:\/\/mariasanzkimono.com\/wp-content\/uploads\/2024\/09\/Conceito_Life_03.jpg\" class=\"attachment-full size-full wp-image-780\" alt=\"\" srcset=\"https:\/\/mariasanzkimono.com\/wp-content\/uploads\/2024\/09\/Conceito_Life_03.jpg 810w, https:\/\/mariasanzkimono.com\/wp-content\/uploads\/2024\/09\/Conceito_Life_03-800x996.jpg 800w, https:\/\/mariasanzkimono.com\/wp-content\/uploads\/2024\/09\/Conceito_Life_03-241x300.jpg 241w, https:\/\/mariasanzkimono.com\/wp-content\/uploads\/2024\/09\/Conceito_Life_03-768x956.jpg 768w\" sizes=\"(max-width: 810px) 100vw, 810px\" \/>\t\t\t\t\t\t\t\t\t\t\t\t\t\t\t<\/div>\n\t\t\t\t<\/div>\n\t\t\t\t<\/div>\n\t\t<div class=\"elementor-element elementor-element-385c66f e-con-full e-flex e-con e-child\" data-id=\"385c66f\" data-element_type=\"container\" data-settings=\"{&quot;_ha_eqh_enable&quot;:false}\">\n\t\t\t\t<div class=\"elementor-element elementor-element-99af8ba elementor-widget elementor-widget-text-editor\" data-id=\"99af8ba\" data-element_type=\"widget\" data-widget_type=\"text-editor.default\">\n\t\t\t\t<div class=\"elementor-widget-container\">\n\t\t\t\t\t\t\t\t\t<p><strong>Tsuru<br \/><\/strong><span style=\"font-weight: 400;\">Essa \u00e9 uma estampa cl\u00e1ssica japonesa com os Tsurus simbolizando a prosperidade e a sutileza do amor monog\u00e2mico.\u00a0<\/span><\/p><p><strong>Pav\u00e3o Lil\u00e1s<br \/><\/strong><span style=\"font-weight: 400;\">Cl\u00e1ssico da marca, o Pav\u00e3o representa a exuber\u00e2ncia e a celebra\u00e7\u00e3o do amor pr\u00f3prio.<\/span><\/p><p><strong>Pav\u00e3o Black<br \/><\/strong><span style=\"font-weight: 400;\">Estampa queridinha da marca, o Pav\u00e3o Black \u00e9 um cl\u00e1ssico do poder feminino.<\/span><\/p><p><strong>Olhos<br \/><\/strong><span style=\"font-weight: 400;\">A estampa olhos tem uma pegada artsy-surrealistas, com olhos desenhados \u00e0 m\u00e3o representando a consci\u00eancia.\u00a0<\/span><\/p><p><strong>Amoriri\u00a0<br \/><\/strong><span style=\"font-weight: 400;\">Para as amantes de animal print com assinatura, Amoriri \u00e9 uma estampa sensual e elegante na mesma medida.<\/span><\/p>\t\t\t\t\t\t\t\t<\/div>\n\t\t\t\t<\/div>\n\t\t\t\t<\/div>\n\t\t\t\t\t<\/div>\n\t\t\t\t<\/div>\n\t\t<div class=\"elementor-element elementor-element-91a3dbd e-flex e-con-boxed e-con e-parent\" data-id=\"91a3dbd\" data-element_type=\"container\" data-settings=\"{&quot;background_background&quot;:&quot;classic&quot;,&quot;_ha_eqh_enable&quot;:false}\">\n\t\t\t\t\t<div class=\"e-con-inner\">\n\t\t\t\t<div class=\"elementor-element elementor-element-ff9345e elementor-widget elementor-widget-heading\" data-id=\"ff9345e\" data-element_type=\"widget\" data-widget_type=\"heading.default\">\n\t\t\t\t<div class=\"elementor-widget-container\">\n\t\t\t\t\t<h2 class=\"elementor-heading-title elementor-size-default\">CONHE\u00c7A TAMB\u00c9M<\/h2>\t\t\t\t<\/div>\n\t\t\t\t<\/div>\n\t\t\t\t<div class=\"elementor-element elementor-element-210bd28 elementor-widget elementor-widget-button\" data-id=\"210bd28\" data-element_type=\"widget\" data-widget_type=\"button.default\">\n\t\t\t\t<div class=\"elementor-widget-container\">\n\t\t\t\t\t\t\t\t\t<div class=\"elementor-button-wrapper\">\n\t\t\t\t\t<a class=\"elementor-button elementor-button-link elementor-size-sm\" href=\"\/resort\/\">\n\t\t\t\t\t\t<span class=\"elementor-button-content-wrapper\">\n\t\t\t\t\t\t\t\t\t<span class=\"elementor-button-text\">RESORT<\/span>\n\t\t\t\t\t<\/span>\n\t\t\t\t\t<\/a>\n\t\t\t\t<\/div>\n\t\t\t\t\t\t\t\t<\/div>\n\t\t\t\t<\/div>\n\t\t\t\t<div class=\"elementor-element elementor-element-0a2e166 elementor-widget elementor-widget-button\" data-id=\"0a2e166\" data-element_type=\"widget\" data-widget_type=\"button.default\">\n\t\t\t\t<div class=\"elementor-widget-container\">\n\t\t\t\t\t\t\t\t\t<div class=\"elementor-button-wrapper\">\n\t\t\t\t\t<a class=\"elementor-button elementor-button-link elementor-size-sm\" href=\"\/party\/\">\n\t\t\t\t\t\t<span class=\"elementor-button-content-wrapper\">\n\t\t\t\t\t\t\t\t\t<span class=\"elementor-button-text\">PARTY<\/span>\n\t\t\t\t\t<\/span>\n\t\t\t\t\t<\/a>\n\t\t\t\t<\/div>\n\t\t\t\t\t\t\t\t<\/div>\n\t\t\t\t<\/div>\n\t\t\t\t<div class=\"elementor-element elementor-element-bcbd413 elementor-widget elementor-widget-button\" data-id=\"bcbd413\" data-element_type=\"widget\" data-widget_type=\"button.default\">\n\t\t\t\t<div class=\"elementor-widget-container\">\n\t\t\t\t\t\t\t\t\t<div class=\"elementor-button-wrapper\">\n\t\t\t\t\t<a class=\"elementor-button elementor-button-link elementor-size-sm\" href=\"\/garden\/\">\n\t\t\t\t\t\t<span class=\"elementor-button-content-wrapper\">\n\t\t\t\t\t\t\t\t\t<span class=\"elementor-button-text\">GARDEN<\/span>\n\t\t\t\t\t<\/span>\n\t\t\t\t\t<\/a>\n\t\t\t\t<\/div>\n\t\t\t\t\t\t\t\t<\/div>\n\t\t\t\t<\/div>\n\t\t\t\t<div class=\"elementor-element elementor-element-6ba012f elementor-widget elementor-widget-button\" data-id=\"6ba012f\" data-element_type=\"widget\" data-widget_type=\"button.default\">\n\t\t\t\t<div class=\"elementor-widget-container\">\n\t\t\t\t\t\t\t\t\t<div class=\"elementor-button-wrapper\">\n\t\t\t\t\t<a class=\"elementor-button elementor-button-link elementor-size-sm\" href=\"\/yawa-colors\/\">\n\t\t\t\t\t\t<span class=\"elementor-button-content-wrapper\">\n\t\t\t\t\t\t\t\t\t<span class=\"elementor-button-text\">YAWA COLORS<\/span>\n\t\t\t\t\t<\/span>\n\t\t\t\t\t<\/a>\n\t\t\t\t<\/div>\n\t\t\t\t\t\t\t\t<\/div>\n\t\t\t\t<\/div>\n\t\t\t\t\t<\/div>\n\t\t\t\t<\/div>\n\t\t<div class=\"elementor-element elementor-element-1f30a13 e-flex e-con-boxed e-con e-parent\" data-id=\"1f30a13\" data-element_type=\"container\" data-settings=\"{&quot;_ha_eqh_enable&quot;:false}\">\n\t\t\t\t\t<div class=\"e-con-inner\">\n\t\t\t\t<div class=\"elementor-element elementor-element-4adb1bc ha-product-grid--hover ha-product-grid--center ha-product-grid--btns-center elementor-widget elementor-widget-ha-product-grid-new happy-addon ha-product-grid-new happy-addon-pro ha-product-grid\" data-id=\"4adb1bc\" data-element_type=\"widget\" data-widget_type=\"ha-product-grid-new.default\">\n\t\t\t\t<div class=\"elementor-widget-container\">\n\t\t\t\t\t\n\t\t\t<article class=\"ha-product-grid__item product type-product post-530 status-publish first instock product_cat-kimono-longo product_cat-life product_tag-conforto product_tag-elegancia product_tag-estampa-pavao product_tag-kimono-longo product_tag-leveza product_tag-luxo product_tag-moda-feminina product_tag-praticidade product_tag-viscose has-post-thumbnail shipping-taxable purchasable product-type-simple\">\n\t\t\t\t<div role=\"figure\" class=\"ha-product-grid__img\">\n\t\t\t\t\t<a href=\"https:\/\/mariasanzkimono.com\/pt-br\/produto\/kimono-miss-gion-2\/\" rel=\"bookmark\">\n\t\t\t\t\t\t<img loading=\"lazy\" decoding=\"async\" width=\"500\" height=\"700\" src=\"https:\/\/mariasanzkimono.com\/wp-content\/uploads\/2024\/09\/Kimono-Miss-Gion-Pavao-Black-MARIA_SANZ_KIMONO_0jpg-scaled-500x700.jpg\" class=\"attachment-woocommerce_thumbnail size-woocommerce_thumbnail\" alt=\"Kimono Miss Gion\" \/>\t\t\t\t\t<\/a>\n\n\t\t\t\t\t\t\t\t\t\t\t\t\t\t\t\t\t\t\t\t\t\t\t\t\t<\/div>\n\n\t\t\t\t\n\t\t\t\t<h2 class=\"ha-product-grid__title\"><a href=\"https:\/\/mariasanzkimono.com\/pt-br\/produto\/kimono-miss-gion-2\/\" rel=\"bookmark\">Kimono Miss Gion<\/a><\/h2>\n\n\t\t\t\t\t\t\t\t\t<div class=\"ha-product-grid__price\">\n\t<span class=\"price\"><span class=\"woocommerce-Price-amount amount\"><bdi><span class=\"woocommerce-Price-currencySymbol\">&#36;<\/span>&nbsp;320,00<\/bdi><\/span><\/span>\n<\/div>\n\t\t\t\t\n\t\t\t\t\n\t\t\t<\/article>\n\n\n\t\t\t<article class=\"ha-product-grid__item product type-product post-531 status-publish instock product_cat-kimono-longo product_cat-life product_tag-conforto product_tag-elegancia product_tag-estampa-tsuru product_tag-kimono-longo product_tag-leveza product_tag-luxo product_tag-moda-feminina product_tag-praticidade product_tag-viscose has-post-thumbnail shipping-taxable purchasable product-type-simple\">\n\t\t\t\t<div role=\"figure\" class=\"ha-product-grid__img\">\n\t\t\t\t\t<a href=\"https:\/\/mariasanzkimono.com\/pt-br\/produto\/kimono-miss-gion-3\/\" rel=\"bookmark\">\n\t\t\t\t\t\t<img loading=\"lazy\" decoding=\"async\" width=\"500\" height=\"700\" src=\"https:\/\/mariasanzkimono.com\/wp-content\/uploads\/2024\/09\/Kimono-Miss-Gion-Tsuru-MARIA_SANZ_KIMONO_1jpg-scaled-500x700.jpg\" class=\"attachment-woocommerce_thumbnail size-woocommerce_thumbnail\" alt=\"Kimono Miss Gion\" \/>\t\t\t\t\t<\/a>\n\n\t\t\t\t\t\t\t\t\t\t\t\t\t\t\t\t\t\t\t\t\t\t\t\t\t<\/div>\n\n\t\t\t\t\n\t\t\t\t<h2 class=\"ha-product-grid__title\"><a href=\"https:\/\/mariasanzkimono.com\/pt-br\/produto\/kimono-miss-gion-3\/\" rel=\"bookmark\">Kimono Miss Gion<\/a><\/h2>\n\n\t\t\t\t\t\t\t\t\t<div class=\"ha-product-grid__price\">\n\t<span class=\"price\"><span class=\"woocommerce-Price-amount amount\"><bdi><span class=\"woocommerce-Price-currencySymbol\">&#36;<\/span>&nbsp;320,00<\/bdi><\/span><\/span>\n<\/div>\n\t\t\t\t\n\t\t\t\t\n\t\t\t<\/article>\n\n\n\t\t\t<article class=\"ha-product-grid__item product type-product post-532 status-publish last instock product_cat-kimono-longo product_cat-life product_tag-conforto product_tag-elegancia product_tag-estampa-olhos product_tag-kimono-longo product_tag-leveza product_tag-luxo product_tag-moda-feminina product_tag-praticidade product_tag-viscose has-post-thumbnail shipping-taxable purchasable product-type-simple\">\n\t\t\t\t<div role=\"figure\" class=\"ha-product-grid__img\">\n\t\t\t\t\t<a href=\"https:\/\/mariasanzkimono.com\/pt-br\/produto\/kimono-miss-gion-4\/\" rel=\"bookmark\">\n\t\t\t\t\t\t<img loading=\"lazy\" decoding=\"async\" width=\"500\" height=\"700\" src=\"https:\/\/mariasanzkimono.com\/wp-content\/uploads\/2024\/09\/Kimono-Miss-Gion-Olhos-MARIA_SANZ_KIMONO_-500x700.jpg\" class=\"attachment-woocommerce_thumbnail size-woocommerce_thumbnail\" alt=\"Kimono Miss Gion\" \/>\t\t\t\t\t<\/a>\n\n\t\t\t\t\t\t\t\t\t\t\t\t\t\t\t\t\t\t\t\t\t\t\t\t\t<\/div>\n\n\t\t\t\t\n\t\t\t\t<h2 class=\"ha-product-grid__title\"><a href=\"https:\/\/mariasanzkimono.com\/pt-br\/produto\/kimono-miss-gion-4\/\" rel=\"bookmark\">Kimono Miss Gion<\/a><\/h2>\n\n\t\t\t\t\t\t\t\t\t<div class=\"ha-product-grid__price\">\n\t<span class=\"price\"><span class=\"woocommerce-Price-amount amount\"><bdi><span class=\"woocommerce-Price-currencySymbol\">&#36;<\/span>&nbsp;320,00<\/bdi><\/span><\/span>\n<\/div>\n\t\t\t\t\n\t\t\t\t\n\t\t\t<\/article>\n\n\t\t\t\t<\/div>\n\t\t\t\t<\/div>\n\t\t\t\t<div class=\"elementor-element elementor-element-35467fe elementor-align-center elementor-widget elementor-widget-button\" data-id=\"35467fe\" data-element_type=\"widget\" data-widget_type=\"button.default\">\n\t\t\t\t<div class=\"elementor-widget-container\">\n\t\t\t\t\t\t\t\t\t<div class=\"elementor-button-wrapper\">\n\t\t\t\t\t<a class=\"elementor-button elementor-button-link elementor-size-sm\" href=\"\/product-category\/life\/\">\n\t\t\t\t\t\t<span class=\"elementor-button-content-wrapper\">\n\t\t\t\t\t\t\t\t\t<span class=\"elementor-button-text\">VER TODOS OS PRODUTOS<\/span>\n\t\t\t\t\t<\/span>\n\t\t\t\t\t<\/a>\n\t\t\t\t<\/div>\n\t\t\t\t\t\t\t\t<\/div>\n\t\t\t\t<\/div>\n\t\t\t\t\t<\/div>\n\t\t\t\t<\/div>\n\t\t\t\t<\/div>\n\t\t","protected":false},"excerpt":{"rendered":"<p>Kimono LIFE 100% Viscose A cole\u00e7\u00e3o Life foi criada em uma viscose especial com caimento ideal e toque fresco. Os kimonos s\u00e3o modelos cl\u00e1ssicos japoneses e as estampas exclusivas da marca. \u00a0 Eles podem ser usados de dia com rasteiras elegantes ou com acess\u00f3rios luxuosos e sand\u00e1lias de salto para um look noturno sofisticado. Estampas [&hellip;]<\/p>\n","protected":false},"author":1,"featured_media":0,"parent":0,"menu_order":0,"comment_status":"closed","ping_status":"closed","template":"elementor_header_footer","meta":{"inline_featured_image":false,"footnotes":""},"class_list":["post-689","page","type-page","status-publish","hentry"],"_links":{"self":[{"href":"https:\/\/mariasanzkimono.com\/pt-br\/wp-json\/wp\/v2\/pages\/689","targetHints":{"allow":["GET"]}}],"collection":[{"href":"https:\/\/mariasanzkimono.com\/pt-br\/wp-json\/wp\/v2\/pages"}],"about":[{"href":"https:\/\/mariasanzkimono.com\/pt-br\/wp-json\/wp\/v2\/types\/page"}],"author":[{"embeddable":true,"href":"https:\/\/mariasanzkimono.com\/pt-br\/wp-json\/wp\/v2\/users\/1"}],"replies":[{"embeddable":true,"href":"https:\/\/mariasanzkimono.com\/pt-br\/wp-json\/wp\/v2\/comments?post=689"}],"version-history":[{"count":0,"href":"https:\/\/mariasanzkimono.com\/pt-br\/wp-json\/wp\/v2\/pages\/689\/revisions"}],"wp:attachment":[{"href":"https:\/\/mariasanzkimono.com\/pt-br\/wp-json\/wp\/v2\/media?parent=689"}],"curies":[{"name":"wp","href":"https:\/\/api.w.org\/{rel}","templated":true}]}}