{"id":697,"date":"2024-09-18T18:51:22","date_gmt":"2024-09-18T18:51:22","guid":{"rendered":"https:\/\/mariasanzkimono.com\/?page_id=697"},"modified":"2024-12-19T16:11:51","modified_gmt":"2024-12-19T19:11:51","slug":"resort","status":"publish","type":"page","link":"https:\/\/mariasanzkimono.com\/pt-br\/resort\/","title":{"rendered":"Resort"},"content":{"rendered":"\t\t<div data-elementor-type=\"wp-page\" data-elementor-id=\"697\" class=\"elementor elementor-697\" data-elementor-settings=\"{&quot;ha_cmc_init_switcher&quot;:&quot;no&quot;}\" data-elementor-post-type=\"page\">\n\t\t\t\t<div class=\"elementor-element elementor-element-e85e5f3 e-con-full e-flex e-con e-parent\" data-id=\"e85e5f3\" data-element_type=\"container\" data-settings=\"{&quot;background_background&quot;:&quot;classic&quot;,&quot;_ha_eqh_enable&quot;:false}\">\n\t\t\t\t<\/div>\n\t\t<div class=\"elementor-element elementor-element-94ee8cf e-flex e-con-boxed e-con e-parent\" data-id=\"94ee8cf\" data-element_type=\"container\" data-settings=\"{&quot;background_background&quot;:&quot;classic&quot;,&quot;_ha_eqh_enable&quot;:false}\">\n\t\t\t\t\t<div class=\"e-con-inner\">\n\t\t<div class=\"elementor-element elementor-element-51bedfc e-con-full e-flex e-con e-child\" data-id=\"51bedfc\" data-element_type=\"container\" data-settings=\"{&quot;background_background&quot;:&quot;classic&quot;,&quot;_ha_eqh_enable&quot;:false}\">\n\t\t\t\t<div class=\"elementor-element elementor-element-5906513 elementor-widget elementor-widget-image\" data-id=\"5906513\" data-element_type=\"widget\" data-widget_type=\"image.default\">\n\t\t\t\t<div class=\"elementor-widget-container\">\n\t\t\t\t\t\t\t\t\t\t\t\t\t\t\t<img fetchpriority=\"high\" decoding=\"async\" width=\"774\" height=\"1008\" src=\"https:\/\/mariasanzkimono.com\/wp-content\/uploads\/2024\/09\/Conceito_Resort_01.jpg\" class=\"attachment-large size-large wp-image-700\" alt=\"\" srcset=\"https:\/\/mariasanzkimono.com\/wp-content\/uploads\/2024\/09\/Conceito_Resort_01.jpg 774w, https:\/\/mariasanzkimono.com\/wp-content\/uploads\/2024\/09\/Conceito_Resort_01-230x300.jpg 230w, https:\/\/mariasanzkimono.com\/wp-content\/uploads\/2024\/09\/Conceito_Resort_01-768x1000.jpg 768w\" sizes=\"(max-width: 774px) 100vw, 774px\" \/>\t\t\t\t\t\t\t\t\t\t\t\t\t\t\t<\/div>\n\t\t\t\t<\/div>\n\t\t\t\t<\/div>\n\t\t<div class=\"elementor-element elementor-element-b83eedb e-con-full e-flex e-con e-child\" data-id=\"b83eedb\" data-element_type=\"container\" data-settings=\"{&quot;_ha_eqh_enable&quot;:false}\">\n\t\t\t\t<div class=\"elementor-element elementor-element-c9850e7 elementor-widget elementor-widget-heading\" data-id=\"c9850e7\" data-element_type=\"widget\" data-widget_type=\"heading.default\">\n\t\t\t\t<div class=\"elementor-widget-container\">\n\t\t\t\t\t<h2 class=\"elementor-heading-title elementor-size-default\">Seda Pura<\/h2>\t\t\t\t<\/div>\n\t\t\t\t<\/div>\n\t\t\t\t<div class=\"elementor-element elementor-element-b2562db elementor-widget elementor-widget-text-editor\" data-id=\"b2562db\" data-element_type=\"widget\" data-widget_type=\"text-editor.default\">\n\t\t\t\t<div class=\"elementor-widget-container\">\n\t\t\t\t\t\t\t\t\t<p><span style=\"font-weight: 400;\">A seda pura oferece um toque incompar\u00e1vel ao guarda-roupa de viagens resort, harmonizados a linha beachwear, desenvolvida para complementar os kimonos de maneira \u00fanica e sofisticada.\u00a0<\/span><\/p><p><span style=\"font-weight: 400;\">As estampas da cole\u00e7\u00e3o RESORT foram desenvolvidas por Maria Sanz e inspiradas pela natureza vibrante e delicada do Oriente.<\/span><\/p><p><span style=\"font-weight: 400;\">Os kimonos de seda pura podem ser usados tanto como uma cobertura elegante sobre o biqu\u00edni \u00e0 beira da piscina quanto como uma pe\u00e7a chave em um jantar sofisticado \u00e0 noite. A combina\u00e7\u00e3o com o biqu\u00edni ou collant garante estilo e funcionalidade para qualquer ocasi\u00e3o.<\/span><\/p>\t\t\t\t\t\t\t\t<\/div>\n\t\t\t\t<\/div>\n\t\t\t\t<div class=\"elementor-element elementor-element-81b569c elementor-widget elementor-widget-heading\" data-id=\"81b569c\" data-element_type=\"widget\" data-widget_type=\"heading.default\">\n\t\t\t\t<div class=\"elementor-widget-container\">\n\t\t\t\t\t<h2 class=\"elementor-heading-title elementor-size-default\">yemay\u00e1<\/h2>\t\t\t\t<\/div>\n\t\t\t\t<\/div>\n\t\t\t\t<div class=\"elementor-element elementor-element-cdfa685 elementor-widget elementor-widget-text-editor\" data-id=\"cdfa685\" data-element_type=\"widget\" data-widget_type=\"text-editor.default\">\n\t\t\t\t<div class=\"elementor-widget-container\">\n\t\t\t\t\t\t\t\t\t<p><span style=\"font-weight: 400;\">Esta \u00e9 uma cria\u00e7\u00e3o art\u00edstica que transcende as tend\u00eancias da moda ao combinar o ex\u00f3tico animal print, com um floral inspirado\u00a0 nas pe\u00f4nia japonesas. Al\u00e9m de conter mandalas orientais de boa fortuna e o Kanji da palavra \u201carte\u201d.<\/span><\/p>\t\t\t\t\t\t\t\t<\/div>\n\t\t\t\t<\/div>\n\t\t\t\t<\/div>\n\t\t\t\t\t<\/div>\n\t\t\t\t<\/div>\n\t\t<div class=\"elementor-element elementor-element-0045d74 e-flex e-con-boxed e-con e-parent\" data-id=\"0045d74\" data-element_type=\"container\" data-settings=\"{&quot;background_background&quot;:&quot;classic&quot;,&quot;_ha_eqh_enable&quot;:false}\">\n\t\t\t\t\t<div class=\"e-con-inner\">\n\t\t<div class=\"elementor-element elementor-element-0e42dda e-con-full e-flex e-con e-child\" data-id=\"0e42dda\" data-element_type=\"container\" data-settings=\"{&quot;_ha_eqh_enable&quot;:false}\">\n\t\t\t\t<div class=\"elementor-element elementor-element-653b08e elementor-widget elementor-widget-image\" data-id=\"653b08e\" data-element_type=\"widget\" data-widget_type=\"image.default\">\n\t\t\t\t<div class=\"elementor-widget-container\">\n\t\t\t\t\t\t\t\t\t\t\t\t\t\t\t<img decoding=\"async\" width=\"420\" height=\"612\" src=\"https:\/\/mariasanzkimono.com\/wp-content\/uploads\/2024\/09\/Conceito_Resort_04.jpg\" class=\"attachment-large size-large wp-image-701\" alt=\"\" srcset=\"https:\/\/mariasanzkimono.com\/wp-content\/uploads\/2024\/09\/Conceito_Resort_04.jpg 420w, https:\/\/mariasanzkimono.com\/wp-content\/uploads\/2024\/09\/Conceito_Resort_04-206x300.jpg 206w\" sizes=\"(max-width: 420px) 100vw, 420px\" \/>\t\t\t\t\t\t\t\t\t\t\t\t\t\t\t<\/div>\n\t\t\t\t<\/div>\n\t\t\t\t<div class=\"elementor-element elementor-element-9252104 elementor-widget elementor-widget-heading\" data-id=\"9252104\" data-element_type=\"widget\" data-widget_type=\"heading.default\">\n\t\t\t\t<div class=\"elementor-widget-container\">\n\t\t\t\t\t<h2 class=\"elementor-heading-title elementor-size-default\">oriente-se<\/h2>\t\t\t\t<\/div>\n\t\t\t\t<\/div>\n\t\t\t\t<div class=\"elementor-element elementor-element-ff854e0 elementor-widget elementor-widget-text-editor\" data-id=\"ff854e0\" data-element_type=\"widget\" data-widget_type=\"text-editor.default\">\n\t\t\t\t<div class=\"elementor-widget-container\">\n\t\t\t\t\t\t\t\t\t<p><span style=\"font-weight: 400;\">Esta estampa \u00e9 uma celebra\u00e7\u00e3o da cultura e tradi\u00e7\u00f5es orientais, marcada pela presen\u00e7a dos Tsurus, aves que simbolizam felicidade, boa sorte e longevidade no Jap\u00e3o. Cada detalhe da estampa foi criado para refletir a leveza e a beleza simb\u00f3lica dos Tsurus, transformando cada pe\u00e7a em uma verdadeira obra de arte.<\/span><\/p>\t\t\t\t\t\t\t\t<\/div>\n\t\t\t\t<\/div>\n\t\t\t\t<\/div>\n\t\t<div class=\"elementor-element elementor-element-b13c7cb e-con-full e-flex e-con e-child\" data-id=\"b13c7cb\" data-element_type=\"container\" data-settings=\"{&quot;background_background&quot;:&quot;classic&quot;,&quot;_ha_eqh_enable&quot;:false}\">\n\t\t\t\t<div class=\"elementor-element elementor-element-9e1ca05 elementor-widget elementor-widget-image\" data-id=\"9e1ca05\" data-element_type=\"widget\" data-widget_type=\"image.default\">\n\t\t\t\t<div class=\"elementor-widget-container\">\n\t\t\t\t\t\t\t\t\t\t\t\t\t\t\t<img decoding=\"async\" width=\"800\" height=\"996\" src=\"https:\/\/mariasanzkimono.com\/wp-content\/uploads\/2024\/09\/Conceito_Resort_02.jpg\" class=\"attachment-large size-large wp-image-702\" alt=\"\" srcset=\"https:\/\/mariasanzkimono.com\/wp-content\/uploads\/2024\/09\/Conceito_Resort_02.jpg 810w, https:\/\/mariasanzkimono.com\/wp-content\/uploads\/2024\/09\/Conceito_Resort_02-800x996.jpg 800w, https:\/\/mariasanzkimono.com\/wp-content\/uploads\/2024\/09\/Conceito_Resort_02-241x300.jpg 241w, https:\/\/mariasanzkimono.com\/wp-content\/uploads\/2024\/09\/Conceito_Resort_02-768x956.jpg 768w\" sizes=\"(max-width: 800px) 100vw, 800px\" \/>\t\t\t\t\t\t\t\t\t\t\t\t\t\t\t<\/div>\n\t\t\t\t<\/div>\n\t\t\t\t<\/div>\n\t\t\t\t\t<\/div>\n\t\t\t\t<\/div>\n\t\t<div class=\"elementor-element elementor-element-d3a60d3 e-flex e-con-boxed e-con e-parent\" data-id=\"d3a60d3\" data-element_type=\"container\" data-settings=\"{&quot;background_background&quot;:&quot;classic&quot;,&quot;_ha_eqh_enable&quot;:false}\">\n\t\t\t\t\t<div class=\"e-con-inner\">\n\t\t<div class=\"elementor-element elementor-element-9c72538 e-con-full e-flex e-con e-child\" data-id=\"9c72538\" data-element_type=\"container\" data-settings=\"{&quot;_ha_eqh_enable&quot;:false}\">\n\t\t\t\t<div class=\"elementor-element elementor-element-0ebb8c3 elementor-widget elementor-widget-image\" data-id=\"0ebb8c3\" data-element_type=\"widget\" data-widget_type=\"image.default\">\n\t\t\t\t<div class=\"elementor-widget-container\">\n\t\t\t\t\t\t\t\t\t\t\t\t\t\t\t<img loading=\"lazy\" decoding=\"async\" width=\"810\" height=\"1008\" src=\"https:\/\/mariasanzkimono.com\/wp-content\/uploads\/2024\/09\/Conceito_Resort_03.jpg\" class=\"attachment-full size-full wp-image-703\" alt=\"\" srcset=\"https:\/\/mariasanzkimono.com\/wp-content\/uploads\/2024\/09\/Conceito_Resort_03.jpg 810w, https:\/\/mariasanzkimono.com\/wp-content\/uploads\/2024\/09\/Conceito_Resort_03-800x996.jpg 800w, https:\/\/mariasanzkimono.com\/wp-content\/uploads\/2024\/09\/Conceito_Resort_03-241x300.jpg 241w, https:\/\/mariasanzkimono.com\/wp-content\/uploads\/2024\/09\/Conceito_Resort_03-768x956.jpg 768w\" sizes=\"(max-width: 810px) 100vw, 810px\" \/>\t\t\t\t\t\t\t\t\t\t\t\t\t\t\t<\/div>\n\t\t\t\t<\/div>\n\t\t\t\t<\/div>\n\t\t<div class=\"elementor-element elementor-element-385c66f e-con-full e-flex e-con e-child\" data-id=\"385c66f\" data-element_type=\"container\" data-settings=\"{&quot;_ha_eqh_enable&quot;:false}\">\n\t\t\t\t<div class=\"elementor-element elementor-element-6799263 elementor-widget elementor-widget-heading\" data-id=\"6799263\" data-element_type=\"widget\" data-widget_type=\"heading.default\">\n\t\t\t\t<div class=\"elementor-widget-container\">\n\t\t\t\t\t<h2 class=\"elementor-heading-title elementor-size-default\">Rainbow<\/h2>\t\t\t\t<\/div>\n\t\t\t\t<\/div>\n\t\t\t\t<div class=\"elementor-element elementor-element-99af8ba elementor-widget elementor-widget-text-editor\" data-id=\"99af8ba\" data-element_type=\"widget\" data-widget_type=\"text-editor.default\">\n\t\t\t\t<div class=\"elementor-widget-container\">\n\t\t\t\t\t\t\t\t\t<p><span style=\"font-weight: 400;\">Esta cria\u00e7\u00e3o exclusiva combina a serenidade e a for\u00e7a das ondas japonesas, conhecidas por sua forma elegante e movimento hipnotizante com a exuber\u00e2ncia de um arco-\u00edris deslumbrante, resultando em uma estampa oriental vibrante que \u00e9 ao mesmo tempo descontra\u00edda e sofisticada. Rainbow n\u00e3o \u00e9 apenas uma estampa; \u00e9 um cl\u00e1ssico Maria Sanz e uma declara\u00e7\u00e3o de estilo e amor \u00e0 arte.<\/span><\/p>\t\t\t\t\t\t\t\t<\/div>\n\t\t\t\t<\/div>\n\t\t\t\t<\/div>\n\t\t\t\t\t<\/div>\n\t\t\t\t<\/div>\n\t\t<div class=\"elementor-element elementor-element-91a3dbd e-flex e-con-boxed e-con e-parent\" data-id=\"91a3dbd\" data-element_type=\"container\" data-settings=\"{&quot;background_background&quot;:&quot;classic&quot;,&quot;_ha_eqh_enable&quot;:false}\">\n\t\t\t\t\t<div class=\"e-con-inner\">\n\t\t\t\t<div class=\"elementor-element elementor-element-ff9345e elementor-widget elementor-widget-heading\" data-id=\"ff9345e\" data-element_type=\"widget\" data-widget_type=\"heading.default\">\n\t\t\t\t<div class=\"elementor-widget-container\">\n\t\t\t\t\t<h2 class=\"elementor-heading-title elementor-size-default\">CONHE\u00c7A TAMB\u00c9M<\/h2>\t\t\t\t<\/div>\n\t\t\t\t<\/div>\n\t\t\t\t<div class=\"elementor-element elementor-element-210bd28 elementor-widget elementor-widget-button\" data-id=\"210bd28\" data-element_type=\"widget\" data-widget_type=\"button.default\">\n\t\t\t\t<div class=\"elementor-widget-container\">\n\t\t\t\t\t\t\t\t\t<div class=\"elementor-button-wrapper\">\n\t\t\t\t\t<a class=\"elementor-button elementor-button-link elementor-size-sm\" href=\"\/garden\/\">\n\t\t\t\t\t\t<span class=\"elementor-button-content-wrapper\">\n\t\t\t\t\t\t\t\t\t<span class=\"elementor-button-text\">GARDEN<\/span>\n\t\t\t\t\t<\/span>\n\t\t\t\t\t<\/a>\n\t\t\t\t<\/div>\n\t\t\t\t\t\t\t\t<\/div>\n\t\t\t\t<\/div>\n\t\t\t\t<div class=\"elementor-element elementor-element-0a2e166 elementor-widget elementor-widget-button\" data-id=\"0a2e166\" data-element_type=\"widget\" data-widget_type=\"button.default\">\n\t\t\t\t<div class=\"elementor-widget-container\">\n\t\t\t\t\t\t\t\t\t<div class=\"elementor-button-wrapper\">\n\t\t\t\t\t<a class=\"elementor-button elementor-button-link elementor-size-sm\" href=\"\/party\/\">\n\t\t\t\t\t\t<span class=\"elementor-button-content-wrapper\">\n\t\t\t\t\t\t\t\t\t<span class=\"elementor-button-text\">PARTY<\/span>\n\t\t\t\t\t<\/span>\n\t\t\t\t\t<\/a>\n\t\t\t\t<\/div>\n\t\t\t\t\t\t\t\t<\/div>\n\t\t\t\t<\/div>\n\t\t\t\t<div class=\"elementor-element elementor-element-bcbd413 elementor-widget elementor-widget-button\" data-id=\"bcbd413\" data-element_type=\"widget\" data-widget_type=\"button.default\">\n\t\t\t\t<div class=\"elementor-widget-container\">\n\t\t\t\t\t\t\t\t\t<div class=\"elementor-button-wrapper\">\n\t\t\t\t\t<a class=\"elementor-button elementor-button-link elementor-size-sm\" href=\"\/life\/\">\n\t\t\t\t\t\t<span class=\"elementor-button-content-wrapper\">\n\t\t\t\t\t\t\t\t\t<span class=\"elementor-button-text\">LIFE<\/span>\n\t\t\t\t\t<\/span>\n\t\t\t\t\t<\/a>\n\t\t\t\t<\/div>\n\t\t\t\t\t\t\t\t<\/div>\n\t\t\t\t<\/div>\n\t\t\t\t<div class=\"elementor-element elementor-element-6ba012f elementor-widget elementor-widget-button\" data-id=\"6ba012f\" data-element_type=\"widget\" data-widget_type=\"button.default\">\n\t\t\t\t<div class=\"elementor-widget-container\">\n\t\t\t\t\t\t\t\t\t<div class=\"elementor-button-wrapper\">\n\t\t\t\t\t<a class=\"elementor-button elementor-button-link elementor-size-sm\" href=\"\/yawa-colors\/\">\n\t\t\t\t\t\t<span class=\"elementor-button-content-wrapper\">\n\t\t\t\t\t\t\t\t\t<span class=\"elementor-button-text\">YAWA COLORS<\/span>\n\t\t\t\t\t<\/span>\n\t\t\t\t\t<\/a>\n\t\t\t\t<\/div>\n\t\t\t\t\t\t\t\t<\/div>\n\t\t\t\t<\/div>\n\t\t\t\t\t<\/div>\n\t\t\t\t<\/div>\n\t\t<div class=\"elementor-element elementor-element-1f30a13 e-flex e-con-boxed e-con e-parent\" data-id=\"1f30a13\" data-element_type=\"container\" data-settings=\"{&quot;_ha_eqh_enable&quot;:false}\">\n\t\t\t\t\t<div class=\"e-con-inner\">\n\t\t\t\t<div class=\"elementor-element elementor-element-4adb1bc ha-product-grid--hover ha-product-grid--center ha-product-grid--btns-center elementor-widget elementor-widget-ha-product-grid-new happy-addon ha-product-grid-new happy-addon-pro ha-product-grid\" data-id=\"4adb1bc\" data-element_type=\"widget\" data-widget_type=\"ha-product-grid-new.default\">\n\t\t\t\t<div class=\"elementor-widget-container\">\n\t\t\t\t\t\n\t\t\t<article class=\"ha-product-grid__item product type-product post-582 status-publish first instock product_cat-beachwear product_cat-resort product_tag-biquini product_tag-conforto product_tag-estampa-orientese product_tag-lycra product_tag-moda-praia product_tag-verao has-post-thumbnail shipping-taxable purchasable product-type-simple\">\n\t\t\t\t<div role=\"figure\" class=\"ha-product-grid__img\">\n\t\t\t\t\t<a href=\"https:\/\/mariasanzkimono.com\/pt-br\/produto\/biquini-susy\/\" rel=\"bookmark\">\n\t\t\t\t\t\t<img loading=\"lazy\" decoding=\"async\" width=\"500\" height=\"700\" src=\"https:\/\/mariasanzkimono.com\/wp-content\/uploads\/2024\/09\/Biquini-Susy-Orientese-MARIA_SANZ_KIMONO_frente0-scaled-500x700.jpg\" class=\"attachment-woocommerce_thumbnail size-woocommerce_thumbnail\" alt=\"Bikini Susy\" \/>\t\t\t\t\t<\/a>\n\n\t\t\t\t\t\t\t\t\t\t\t\t\t\t\t\t\t\t\t\t\t\t\t\t\t<\/div>\n\n\t\t\t\t\n\t\t\t\t<h2 class=\"ha-product-grid__title\"><a href=\"https:\/\/mariasanzkimono.com\/pt-br\/produto\/biquini-susy\/\" rel=\"bookmark\">Bikini Susy<\/a><\/h2>\n\n\t\t\t\t\t\t\t\t\t<div class=\"ha-product-grid__price\">\n\t<span class=\"price\"><span class=\"woocommerce-Price-amount amount\"><bdi><span class=\"woocommerce-Price-currencySymbol\">&#36;<\/span>&nbsp;140,00<\/bdi><\/span><\/span>\n<\/div>\n\t\t\t\t\n\t\t\t\t\n\t\t\t<\/article>\n\n\n\t\t\t<article class=\"ha-product-grid__item product type-product post-583 status-publish instock product_cat-beachwear product_cat-resort product_tag-biquini product_tag-conforto product_tag-estampa-rainbow product_tag-lycra product_tag-moda-praia product_tag-verao has-post-thumbnail shipping-taxable purchasable product-type-simple\">\n\t\t\t\t<div role=\"figure\" class=\"ha-product-grid__img\">\n\t\t\t\t\t<a href=\"https:\/\/mariasanzkimono.com\/pt-br\/produto\/biquini-susy-2\/\" rel=\"bookmark\">\n\t\t\t\t\t\t<img loading=\"lazy\" decoding=\"async\" width=\"500\" height=\"700\" src=\"https:\/\/mariasanzkimono.com\/wp-content\/uploads\/2024\/09\/Biquini-Susy-Rainbow-MARIA_SANZ_KIMONO_frente-scaled-500x700.jpg\" class=\"attachment-woocommerce_thumbnail size-woocommerce_thumbnail\" alt=\"Bikini Susy\" \/>\t\t\t\t\t<\/a>\n\n\t\t\t\t\t\t\t\t\t\t\t\t\t\t\t\t\t\t\t\t\t\t\t\t\t<\/div>\n\n\t\t\t\t\n\t\t\t\t<h2 class=\"ha-product-grid__title\"><a href=\"https:\/\/mariasanzkimono.com\/pt-br\/produto\/biquini-susy-2\/\" rel=\"bookmark\">Bikini Susy<\/a><\/h2>\n\n\t\t\t\t\t\t\t\t\t<div class=\"ha-product-grid__price\">\n\t<span class=\"price\"><span class=\"woocommerce-Price-amount amount\"><bdi><span class=\"woocommerce-Price-currencySymbol\">&#36;<\/span>&nbsp;140,00<\/bdi><\/span><\/span>\n<\/div>\n\t\t\t\t\n\t\t\t\t\n\t\t\t<\/article>\n\n\n\t\t\t<article class=\"ha-product-grid__item product type-product post-584 status-publish last instock product_cat-beachwear product_cat-resort product_tag-biquini product_tag-conforto product_tag-estampa-yemaya product_tag-lycra product_tag-moda-praia product_tag-verao has-post-thumbnail shipping-taxable purchasable product-type-simple\">\n\t\t\t\t<div role=\"figure\" class=\"ha-product-grid__img\">\n\t\t\t\t\t<a href=\"https:\/\/mariasanzkimono.com\/pt-br\/produto\/biquini-susy-3\/\" rel=\"bookmark\">\n\t\t\t\t\t\t<img loading=\"lazy\" decoding=\"async\" width=\"500\" height=\"700\" src=\"https:\/\/mariasanzkimono.com\/wp-content\/uploads\/2024\/09\/Biquini-Susy-Yemaya-MARIA_SANZ_KIMONO_frente-scaled-500x700.jpg\" class=\"attachment-woocommerce_thumbnail size-woocommerce_thumbnail\" alt=\"Bikini Susy\" \/>\t\t\t\t\t<\/a>\n\n\t\t\t\t\t\t\t\t\t\t\t\t\t\t\t\t\t\t\t\t\t\t\t\t\t<\/div>\n\n\t\t\t\t\n\t\t\t\t<h2 class=\"ha-product-grid__title\"><a href=\"https:\/\/mariasanzkimono.com\/pt-br\/produto\/biquini-susy-3\/\" rel=\"bookmark\">Bikini Susy<\/a><\/h2>\n\n\t\t\t\t\t\t\t\t\t<div class=\"ha-product-grid__price\">\n\t<span class=\"price\"><span class=\"woocommerce-Price-amount amount\"><bdi><span class=\"woocommerce-Price-currencySymbol\">&#36;<\/span>&nbsp;140,00<\/bdi><\/span><\/span>\n<\/div>\n\t\t\t\t\n\t\t\t\t\n\t\t\t<\/article>\n\n\t\t\t\t<\/div>\n\t\t\t\t<\/div>\n\t\t\t\t<div class=\"elementor-element elementor-element-35467fe elementor-align-center elementor-widget elementor-widget-button\" data-id=\"35467fe\" data-element_type=\"widget\" data-widget_type=\"button.default\">\n\t\t\t\t<div class=\"elementor-widget-container\">\n\t\t\t\t\t\t\t\t\t<div class=\"elementor-button-wrapper\">\n\t\t\t\t\t<a class=\"elementor-button elementor-button-link elementor-size-sm\" href=\"\/product-category\/resort\/\">\n\t\t\t\t\t\t<span class=\"elementor-button-content-wrapper\">\n\t\t\t\t\t\t\t\t\t<span class=\"elementor-button-text\">VER TODOS OS PRODUTOS<\/span>\n\t\t\t\t\t<\/span>\n\t\t\t\t\t<\/a>\n\t\t\t\t<\/div>\n\t\t\t\t\t\t\t\t<\/div>\n\t\t\t\t<\/div>\n\t\t\t\t\t<\/div>\n\t\t\t\t<\/div>\n\t\t\t\t<\/div>\n\t\t","protected":false},"excerpt":{"rendered":"<p>Seda Pura A seda pura oferece um toque incompar\u00e1vel ao guarda-roupa de viagens resort, harmonizados a linha beachwear, desenvolvida para complementar os kimonos de maneira \u00fanica e sofisticada.\u00a0 As estampas da cole\u00e7\u00e3o RESORT foram desenvolvidas por Maria Sanz e inspiradas pela natureza vibrante e delicada do Oriente. Os kimonos de seda pura podem ser usados [&hellip;]<\/p>\n","protected":false},"author":1,"featured_media":0,"parent":0,"menu_order":0,"comment_status":"closed","ping_status":"closed","template":"elementor_header_footer","meta":{"inline_featured_image":false,"footnotes":""},"class_list":["post-697","page","type-page","status-publish","hentry"],"_links":{"self":[{"href":"https:\/\/mariasanzkimono.com\/pt-br\/wp-json\/wp\/v2\/pages\/697","targetHints":{"allow":["GET"]}}],"collection":[{"href":"https:\/\/mariasanzkimono.com\/pt-br\/wp-json\/wp\/v2\/pages"}],"about":[{"href":"https:\/\/mariasanzkimono.com\/pt-br\/wp-json\/wp\/v2\/types\/page"}],"author":[{"embeddable":true,"href":"https:\/\/mariasanzkimono.com\/pt-br\/wp-json\/wp\/v2\/users\/1"}],"replies":[{"embeddable":true,"href":"https:\/\/mariasanzkimono.com\/pt-br\/wp-json\/wp\/v2\/comments?post=697"}],"version-history":[{"count":3,"href":"https:\/\/mariasanzkimono.com\/pt-br\/wp-json\/wp\/v2\/pages\/697\/revisions"}],"predecessor-version":[{"id":1245,"href":"https:\/\/mariasanzkimono.com\/pt-br\/wp-json\/wp\/v2\/pages\/697\/revisions\/1245"}],"wp:attachment":[{"href":"https:\/\/mariasanzkimono.com\/pt-br\/wp-json\/wp\/v2\/media?parent=697"}],"curies":[{"name":"wp","href":"https:\/\/api.w.org\/{rel}","templated":true}]}}