{"id":707,"date":"2024-09-18T18:55:12","date_gmt":"2024-09-18T18:55:12","guid":{"rendered":"https:\/\/mariasanzkimono.com\/?page_id=707"},"modified":"2024-10-08T17:33:47","modified_gmt":"2024-10-08T20:33:47","slug":"yawa-colors","status":"publish","type":"page","link":"https:\/\/mariasanzkimono.com\/pt-br\/yawa-colors\/","title":{"rendered":"Yawa Colors"},"content":{"rendered":"\t\t<div data-elementor-type=\"wp-page\" data-elementor-id=\"707\" class=\"elementor elementor-707\" data-elementor-settings=\"{&quot;ha_cmc_init_switcher&quot;:&quot;no&quot;}\" data-elementor-post-type=\"page\">\n\t\t\t\t<div class=\"elementor-element elementor-element-e85e5f3 e-con-full e-flex e-con e-parent\" data-id=\"e85e5f3\" data-element_type=\"container\" data-settings=\"{&quot;background_background&quot;:&quot;classic&quot;,&quot;_ha_eqh_enable&quot;:false}\">\n\t\t\t\t<\/div>\n\t\t<div class=\"elementor-element elementor-element-94ee8cf e-flex e-con-boxed e-con e-parent\" data-id=\"94ee8cf\" data-element_type=\"container\" data-settings=\"{&quot;background_background&quot;:&quot;classic&quot;,&quot;_ha_eqh_enable&quot;:false}\">\n\t\t\t\t\t<div class=\"e-con-inner\">\n\t\t<div class=\"elementor-element elementor-element-b83eedb e-con-full e-flex e-con e-child\" data-id=\"b83eedb\" data-element_type=\"container\" data-settings=\"{&quot;_ha_eqh_enable&quot;:false}\">\n\t\t\t\t<div class=\"elementor-element elementor-element-c9850e7 elementor-widget elementor-widget-heading\" data-id=\"c9850e7\" data-element_type=\"widget\" data-widget_type=\"heading.default\">\n\t\t\t\t<div class=\"elementor-widget-container\">\n\t\t\t\t\t<h2 class=\"elementor-heading-title elementor-size-default\">YAW\u00c1 Kene Colors <\/br> 100% Viscose \n<\/h2>\t\t\t\t<\/div>\n\t\t\t\t<\/div>\n\t\t\t\t<div class=\"elementor-element elementor-element-b2562db elementor-widget elementor-widget-text-editor\" data-id=\"b2562db\" data-element_type=\"widget\" data-widget_type=\"text-editor.default\">\n\t\t\t\t<div class=\"elementor-widget-container\">\n\t\t\t\t\t\t\t\t\t<p><span style=\"font-weight: 400;\">S\u00e9rie Primeiro Amuleto<\/span><\/p><p><span style=\"font-weight: 400;\">Sonhada e desenvolvida por Nawashahu Yawanaw\u00e1 e Maria Sanz, foram criadas a partir dos desenhos feitos durante uma dieta espiritual na Aldeia Sagrada, no Rio Greg\u00f3rio, Acre.<\/span><\/p><p><span style=\"font-weight: 400;\">Kenes s\u00e3o s\u00edmbolos que representam os elementos da floresta, a for\u00e7a da \u00e1gua, da lua, do sol e dos desenhos tradicionais, Paspi, as lan\u00e7as sagradas, a for\u00e7a dos guerreiros, bem como os peixes e os cestos, que contam as hist\u00f3rias sagradas dos Potes Yawanaw\u00e1.<\/span><\/p><p>\u00a0<\/p><p>\u00a0<\/p>\t\t\t\t\t\t\t\t<\/div>\n\t\t\t\t<\/div>\n\t\t\t\t<\/div>\n\t\t<div class=\"elementor-element elementor-element-51bedfc e-con-full e-flex e-con e-child\" data-id=\"51bedfc\" data-element_type=\"container\" data-settings=\"{&quot;background_background&quot;:&quot;classic&quot;,&quot;_ha_eqh_enable&quot;:false}\">\n\t\t\t\t<div class=\"elementor-element elementor-element-5906513 elementor-widget elementor-widget-image\" data-id=\"5906513\" data-element_type=\"widget\" data-widget_type=\"image.default\">\n\t\t\t\t<div class=\"elementor-widget-container\">\n\t\t\t\t\t\t\t\t\t\t\t\t\t\t\t<img fetchpriority=\"high\" decoding=\"async\" width=\"800\" height=\"996\" src=\"https:\/\/mariasanzkimono.com\/wp-content\/uploads\/2024\/09\/Conceito_Yawa_01.jpg\" class=\"attachment-large size-large wp-image-710\" alt=\"\" srcset=\"https:\/\/mariasanzkimono.com\/wp-content\/uploads\/2024\/09\/Conceito_Yawa_01.jpg 810w, https:\/\/mariasanzkimono.com\/wp-content\/uploads\/2024\/09\/Conceito_Yawa_01-800x996.jpg 800w, https:\/\/mariasanzkimono.com\/wp-content\/uploads\/2024\/09\/Conceito_Yawa_01-241x300.jpg 241w, https:\/\/mariasanzkimono.com\/wp-content\/uploads\/2024\/09\/Conceito_Yawa_01-768x956.jpg 768w\" sizes=\"(max-width: 800px) 100vw, 800px\" \/>\t\t\t\t\t\t\t\t\t\t\t\t\t\t\t<\/div>\n\t\t\t\t<\/div>\n\t\t\t\t<\/div>\n\t\t\t\t\t<\/div>\n\t\t\t\t<\/div>\n\t\t<div class=\"elementor-element elementor-element-0045d74 e-flex e-con-boxed e-con e-parent\" data-id=\"0045d74\" data-element_type=\"container\" data-settings=\"{&quot;background_background&quot;:&quot;classic&quot;,&quot;_ha_eqh_enable&quot;:false}\">\n\t\t\t\t\t<div class=\"e-con-inner\">\n\t\t<div class=\"elementor-element elementor-element-b13c7cb e-con-full e-flex e-con e-child\" data-id=\"b13c7cb\" data-element_type=\"container\" data-settings=\"{&quot;background_background&quot;:&quot;classic&quot;,&quot;_ha_eqh_enable&quot;:false}\">\n\t\t\t\t<div class=\"elementor-element elementor-element-9e1ca05 elementor-widget elementor-widget-image\" data-id=\"9e1ca05\" data-element_type=\"widget\" data-widget_type=\"image.default\">\n\t\t\t\t<div class=\"elementor-widget-container\">\n\t\t\t\t\t\t\t\t\t\t\t\t\t\t\t<img decoding=\"async\" width=\"800\" height=\"996\" src=\"https:\/\/mariasanzkimono.com\/wp-content\/uploads\/2024\/09\/Conceito_Yawa_02.jpg\" class=\"attachment-large size-large wp-image-711\" alt=\"\" srcset=\"https:\/\/mariasanzkimono.com\/wp-content\/uploads\/2024\/09\/Conceito_Yawa_02.jpg 810w, https:\/\/mariasanzkimono.com\/wp-content\/uploads\/2024\/09\/Conceito_Yawa_02-800x996.jpg 800w, https:\/\/mariasanzkimono.com\/wp-content\/uploads\/2024\/09\/Conceito_Yawa_02-241x300.jpg 241w, https:\/\/mariasanzkimono.com\/wp-content\/uploads\/2024\/09\/Conceito_Yawa_02-768x956.jpg 768w\" sizes=\"(max-width: 800px) 100vw, 800px\" \/>\t\t\t\t\t\t\t\t\t\t\t\t\t\t\t<\/div>\n\t\t\t\t<\/div>\n\t\t\t\t<\/div>\n\t\t<div class=\"elementor-element elementor-element-0e42dda e-con-full e-flex e-con e-child\" data-id=\"0e42dda\" data-element_type=\"container\" data-settings=\"{&quot;_ha_eqh_enable&quot;:false}\">\n\t\t\t\t<div class=\"elementor-element elementor-element-ff854e0 elementor-widget elementor-widget-text-editor\" data-id=\"ff854e0\" data-element_type=\"widget\" data-widget_type=\"text-editor.default\">\n\t\t\t\t<div class=\"elementor-widget-container\">\n\t\t\t\t\t\t\t\t\t<p><span style=\"font-weight: 400;\">As modelagens tamb\u00e9m foram desenvolvidas como elo simb\u00f3lico entre as vestes tradicionais de cerim\u00f4nia Yawanaw\u00e1 e a contemporaneidade-ancestral dos kimonos.<\/span><\/p><p><span style=\"font-weight: 400;\">O tecido escolhido como base principal da cole\u00e7\u00e3o \u00e9 a viscose 100%.<\/span><\/p>\t\t\t\t\t\t\t\t<\/div>\n\t\t\t\t<\/div>\n\t\t\t\t<div class=\"elementor-element elementor-element-653b08e elementor-widget elementor-widget-image\" data-id=\"653b08e\" data-element_type=\"widget\" data-widget_type=\"image.default\">\n\t\t\t\t<div class=\"elementor-widget-container\">\n\t\t\t\t\t\t\t\t\t\t\t\t\t\t\t<img decoding=\"async\" width=\"420\" height=\"612\" src=\"https:\/\/mariasanzkimono.com\/wp-content\/uploads\/2024\/09\/Conceito_Yawa_04.jpg\" class=\"attachment-large size-large wp-image-712\" alt=\"\" srcset=\"https:\/\/mariasanzkimono.com\/wp-content\/uploads\/2024\/09\/Conceito_Yawa_04.jpg 420w, https:\/\/mariasanzkimono.com\/wp-content\/uploads\/2024\/09\/Conceito_Yawa_04-206x300.jpg 206w\" sizes=\"(max-width: 420px) 100vw, 420px\" \/>\t\t\t\t\t\t\t\t\t\t\t\t\t\t\t<\/div>\n\t\t\t\t<\/div>\n\t\t\t\t<\/div>\n\t\t\t\t\t<\/div>\n\t\t\t\t<\/div>\n\t\t<div class=\"elementor-element elementor-element-d3a60d3 e-flex e-con-boxed e-con e-parent\" data-id=\"d3a60d3\" data-element_type=\"container\" data-settings=\"{&quot;background_background&quot;:&quot;classic&quot;,&quot;_ha_eqh_enable&quot;:false}\">\n\t\t\t\t\t<div class=\"e-con-inner\">\n\t\t<div class=\"elementor-element elementor-element-9c72538 e-con-full e-flex e-con e-child\" data-id=\"9c72538\" data-element_type=\"container\" data-settings=\"{&quot;_ha_eqh_enable&quot;:false}\">\n\t\t\t\t<div class=\"elementor-element elementor-element-0ebb8c3 elementor-widget elementor-widget-image\" data-id=\"0ebb8c3\" data-element_type=\"widget\" data-widget_type=\"image.default\">\n\t\t\t\t<div class=\"elementor-widget-container\">\n\t\t\t\t\t\t\t\t\t\t\t\t\t\t\t<img loading=\"lazy\" decoding=\"async\" width=\"810\" height=\"1008\" src=\"https:\/\/mariasanzkimono.com\/wp-content\/uploads\/2024\/09\/Conceito_Yawa_03.jpg\" class=\"attachment-full size-full wp-image-713\" alt=\"\" srcset=\"https:\/\/mariasanzkimono.com\/wp-content\/uploads\/2024\/09\/Conceito_Yawa_03.jpg 810w, https:\/\/mariasanzkimono.com\/wp-content\/uploads\/2024\/09\/Conceito_Yawa_03-800x996.jpg 800w, https:\/\/mariasanzkimono.com\/wp-content\/uploads\/2024\/09\/Conceito_Yawa_03-241x300.jpg 241w, https:\/\/mariasanzkimono.com\/wp-content\/uploads\/2024\/09\/Conceito_Yawa_03-768x956.jpg 768w\" sizes=\"(max-width: 810px) 100vw, 810px\" \/>\t\t\t\t\t\t\t\t\t\t\t\t\t\t\t<\/div>\n\t\t\t\t<\/div>\n\t\t\t\t<\/div>\n\t\t<div class=\"elementor-element elementor-element-385c66f e-con-full e-flex e-con e-child\" data-id=\"385c66f\" data-element_type=\"container\" data-settings=\"{&quot;_ha_eqh_enable&quot;:false}\">\n\t\t\t\t<div class=\"elementor-element elementor-element-8af6115 elementor-widget elementor-widget-heading\" data-id=\"8af6115\" data-element_type=\"widget\" data-widget_type=\"heading.default\">\n\t\t\t\t<div class=\"elementor-widget-container\">\n\t\t\t\t\t<h2 class=\"elementor-heading-title elementor-size-default\">Estampas Yaw\u00e1 Kene<\/h2>\t\t\t\t<\/div>\n\t\t\t\t<\/div>\n\t\t\t\t<div class=\"elementor-element elementor-element-99af8ba elementor-widget elementor-widget-text-editor\" data-id=\"99af8ba\" data-element_type=\"widget\" data-widget_type=\"text-editor.default\">\n\t\t\t\t<div class=\"elementor-widget-container\">\n\t\t\t\t\t\t\t\t\t<p><span style=\"font-weight: 400;\">Luz da Mira\u00e7\u00e3o\u00a0<\/span><\/p><p><span style=\"font-weight: 400;\">Kene Pax\u00ed\u00a0<\/span><\/p><p><span style=\"font-weight: 400;\">Awavena Kene<\/span><\/p><p><span style=\"font-weight: 400;\">Yuv\u00ea Kawa\u00a0<\/span><\/p>\t\t\t\t\t\t\t\t<\/div>\n\t\t\t\t<\/div>\n\t\t\t\t<\/div>\n\t\t\t\t\t<\/div>\n\t\t\t\t<\/div>\n\t\t<div class=\"elementor-element elementor-element-91a3dbd e-flex e-con-boxed e-con e-parent\" data-id=\"91a3dbd\" data-element_type=\"container\" data-settings=\"{&quot;background_background&quot;:&quot;classic&quot;,&quot;_ha_eqh_enable&quot;:false}\">\n\t\t\t\t\t<div class=\"e-con-inner\">\n\t\t\t\t<div class=\"elementor-element elementor-element-ff9345e elementor-widget elementor-widget-heading\" data-id=\"ff9345e\" data-element_type=\"widget\" data-widget_type=\"heading.default\">\n\t\t\t\t<div class=\"elementor-widget-container\">\n\t\t\t\t\t<h2 class=\"elementor-heading-title elementor-size-default\">CONHE\u00c7A TAMB\u00c9M<\/h2>\t\t\t\t<\/div>\n\t\t\t\t<\/div>\n\t\t\t\t<div class=\"elementor-element elementor-element-210bd28 elementor-widget elementor-widget-button\" data-id=\"210bd28\" data-element_type=\"widget\" data-widget_type=\"button.default\">\n\t\t\t\t<div class=\"elementor-widget-container\">\n\t\t\t\t\t\t\t\t\t<div class=\"elementor-button-wrapper\">\n\t\t\t\t\t<a class=\"elementor-button elementor-button-link elementor-size-sm\" href=\"\/resort\/\">\n\t\t\t\t\t\t<span class=\"elementor-button-content-wrapper\">\n\t\t\t\t\t\t\t\t\t<span class=\"elementor-button-text\">RESORT<\/span>\n\t\t\t\t\t<\/span>\n\t\t\t\t\t<\/a>\n\t\t\t\t<\/div>\n\t\t\t\t\t\t\t\t<\/div>\n\t\t\t\t<\/div>\n\t\t\t\t<div class=\"elementor-element elementor-element-0a2e166 elementor-widget elementor-widget-button\" data-id=\"0a2e166\" data-element_type=\"widget\" data-widget_type=\"button.default\">\n\t\t\t\t<div class=\"elementor-widget-container\">\n\t\t\t\t\t\t\t\t\t<div class=\"elementor-button-wrapper\">\n\t\t\t\t\t<a class=\"elementor-button elementor-button-link elementor-size-sm\" href=\"\/party\/\">\n\t\t\t\t\t\t<span class=\"elementor-button-content-wrapper\">\n\t\t\t\t\t\t\t\t\t<span class=\"elementor-button-text\">PARTY<\/span>\n\t\t\t\t\t<\/span>\n\t\t\t\t\t<\/a>\n\t\t\t\t<\/div>\n\t\t\t\t\t\t\t\t<\/div>\n\t\t\t\t<\/div>\n\t\t\t\t<div class=\"elementor-element elementor-element-bcbd413 elementor-widget elementor-widget-button\" data-id=\"bcbd413\" data-element_type=\"widget\" data-widget_type=\"button.default\">\n\t\t\t\t<div class=\"elementor-widget-container\">\n\t\t\t\t\t\t\t\t\t<div class=\"elementor-button-wrapper\">\n\t\t\t\t\t<a class=\"elementor-button elementor-button-link elementor-size-sm\" href=\"\/life\/\">\n\t\t\t\t\t\t<span class=\"elementor-button-content-wrapper\">\n\t\t\t\t\t\t\t\t\t<span class=\"elementor-button-text\">LIFE<\/span>\n\t\t\t\t\t<\/span>\n\t\t\t\t\t<\/a>\n\t\t\t\t<\/div>\n\t\t\t\t\t\t\t\t<\/div>\n\t\t\t\t<\/div>\n\t\t\t\t<div class=\"elementor-element elementor-element-6ba012f elementor-widget elementor-widget-button\" data-id=\"6ba012f\" data-element_type=\"widget\" data-widget_type=\"button.default\">\n\t\t\t\t<div class=\"elementor-widget-container\">\n\t\t\t\t\t\t\t\t\t<div class=\"elementor-button-wrapper\">\n\t\t\t\t\t<a class=\"elementor-button elementor-button-link elementor-size-sm\" href=\"\/garden\/\">\n\t\t\t\t\t\t<span class=\"elementor-button-content-wrapper\">\n\t\t\t\t\t\t\t\t\t<span class=\"elementor-button-text\">GARDEN<\/span>\n\t\t\t\t\t<\/span>\n\t\t\t\t\t<\/a>\n\t\t\t\t<\/div>\n\t\t\t\t\t\t\t\t<\/div>\n\t\t\t\t<\/div>\n\t\t\t\t\t<\/div>\n\t\t\t\t<\/div>\n\t\t<div class=\"elementor-element elementor-element-1f30a13 e-flex e-con-boxed e-con e-parent\" data-id=\"1f30a13\" data-element_type=\"container\" data-settings=\"{&quot;_ha_eqh_enable&quot;:false}\">\n\t\t\t\t\t<div class=\"e-con-inner\">\n\t\t\t\t<div class=\"elementor-element elementor-element-35467fe elementor-align-center elementor-widget elementor-widget-button\" data-id=\"35467fe\" data-element_type=\"widget\" data-widget_type=\"button.default\">\n\t\t\t\t<div class=\"elementor-widget-container\">\n\t\t\t\t\t\t\t\t\t<div class=\"elementor-button-wrapper\">\n\t\t\t\t\t<a class=\"elementor-button elementor-button-link elementor-size-sm\" href=\"\/product-category\/yawa\/\">\n\t\t\t\t\t\t<span class=\"elementor-button-content-wrapper\">\n\t\t\t\t\t\t\t\t\t<span class=\"elementor-button-text\">VER TODOS OS PRODUTOS<\/span>\n\t\t\t\t\t<\/span>\n\t\t\t\t\t<\/a>\n\t\t\t\t<\/div>\n\t\t\t\t\t\t\t\t<\/div>\n\t\t\t\t<\/div>\n\t\t\t\t\t<\/div>\n\t\t\t\t<\/div>\n\t\t\t\t<\/div>\n\t\t","protected":false},"excerpt":{"rendered":"<p>YAW\u00c1 Kene Colors 100% Viscose S\u00e9rie Primeiro Amuleto Sonhada e desenvolvida por Nawashahu Yawanaw\u00e1 e Maria Sanz, foram criadas a partir dos desenhos feitos durante uma dieta espiritual na Aldeia Sagrada, no Rio Greg\u00f3rio, Acre. Kenes s\u00e3o s\u00edmbolos que representam os elementos da floresta, a for\u00e7a da \u00e1gua, da lua, do sol e dos desenhos [&hellip;]<\/p>\n","protected":false},"author":1,"featured_media":0,"parent":0,"menu_order":0,"comment_status":"closed","ping_status":"closed","template":"elementor_header_footer","meta":{"inline_featured_image":false,"footnotes":""},"class_list":["post-707","page","type-page","status-publish","hentry"],"_links":{"self":[{"href":"https:\/\/mariasanzkimono.com\/pt-br\/wp-json\/wp\/v2\/pages\/707","targetHints":{"allow":["GET"]}}],"collection":[{"href":"https:\/\/mariasanzkimono.com\/pt-br\/wp-json\/wp\/v2\/pages"}],"about":[{"href":"https:\/\/mariasanzkimono.com\/pt-br\/wp-json\/wp\/v2\/types\/page"}],"author":[{"embeddable":true,"href":"https:\/\/mariasanzkimono.com\/pt-br\/wp-json\/wp\/v2\/users\/1"}],"replies":[{"embeddable":true,"href":"https:\/\/mariasanzkimono.com\/pt-br\/wp-json\/wp\/v2\/comments?post=707"}],"version-history":[{"count":0,"href":"https:\/\/mariasanzkimono.com\/pt-br\/wp-json\/wp\/v2\/pages\/707\/revisions"}],"wp:attachment":[{"href":"https:\/\/mariasanzkimono.com\/pt-br\/wp-json\/wp\/v2\/media?parent=707"}],"curies":[{"name":"wp","href":"https:\/\/api.w.org\/{rel}","templated":true}]}}