{"id":1975,"date":"2024-12-22T17:17:03","date_gmt":"2024-12-22T20:17:03","guid":{"rendered":"https:\/\/mariasanzkimono.com\/produto\/kimono-izadora-7\/"},"modified":"2024-12-23T19:00:06","modified_gmt":"2024-12-23T22:00:06","slug":"kimono-izadora-7","status":"publish","type":"product","link":"https:\/\/mariasanzkimono.com\/pt-br\/produto\/kimono-izadora-7\/","title":{"rendered":"Kimono Izadora"},"content":{"rendered":"<p><strong>Tamanho: <\/strong>\u00danico<\/p>\n<p><strong>Estampa:<\/strong> On\u00e7a<\/p>\n<p><strong>Composi\u00e7\u00e3o<\/strong><strong>:<\/strong> 100% viscose<\/p>\n<p><strong>Medidas: <\/strong>Altura: 1,45cm | Largura: 0,35cm<\/p>\n<p><strong>Descri\u00e7\u00e3o: <\/strong>Todas as estampas s\u00e3o desenvolvidas pela Maria Sanz, s\u00e3o exclusivas da marca. Nenhum Kimono \u00e9 igual ao outro, cada um \u00e9 composto por uma parte da estampa.<\/p>\n","protected":false},"excerpt":{"rendered":"<p>Tamanho: \u00danico Estampa: On\u00e7a Composi\u00e7\u00e3o: 100% viscose Medidas: Altura: 1,45cm | Largura: 0,35cm Descri\u00e7\u00e3o: Todas as estampas s\u00e3o desenvolvidas pela Maria Sanz, s\u00e3o exclusivas da marca. Nenhum Kimono \u00e9 igual ao outro, cada um \u00e9 composto por uma parte da estampa.<\/p>\n","protected":false},"featured_media":2008,"template":"","meta":{"inline_featured_image":false},"product_brand":[],"product_cat":[238,25],"product_tag":[88,93,241,242],"class_list":{"0":"post-1975","1":"product","2":"type-product","3":"status-publish","4":"has-post-thumbnail","6":"product_cat-fuga","7":"product_cat-kimono-dress","8":"product_tag-conforto","9":"product_tag-elegancia","10":"product_tag-estampa-pt-br","11":"product_tag-onca-pt-br","13":"first","14":"instock","15":"shipping-taxable","16":"purchasable","17":"product-type-simple"},"_links":{"self":[{"href":"https:\/\/mariasanzkimono.com\/pt-br\/wp-json\/wp\/v2\/product\/1975","targetHints":{"allow":["GET"]}}],"collection":[{"href":"https:\/\/mariasanzkimono.com\/pt-br\/wp-json\/wp\/v2\/product"}],"about":[{"href":"https:\/\/mariasanzkimono.com\/pt-br\/wp-json\/wp\/v2\/types\/product"}],"version-history":[{"count":4,"href":"https:\/\/mariasanzkimono.com\/pt-br\/wp-json\/wp\/v2\/product\/1975\/revisions"}],"predecessor-version":[{"id":2193,"href":"https:\/\/mariasanzkimono.com\/pt-br\/wp-json\/wp\/v2\/product\/1975\/revisions\/2193"}],"wp:featuredmedia":[{"embeddable":true,"href":"https:\/\/mariasanzkimono.com\/pt-br\/wp-json\/wp\/v2\/media\/2008"}],"wp:attachment":[{"href":"https:\/\/mariasanzkimono.com\/pt-br\/wp-json\/wp\/v2\/media?parent=1975"}],"wp:term":[{"taxonomy":"product_brand","embeddable":true,"href":"https:\/\/mariasanzkimono.com\/pt-br\/wp-json\/wp\/v2\/product_brand?post=1975"},{"taxonomy":"product_cat","embeddable":true,"href":"https:\/\/mariasanzkimono.com\/pt-br\/wp-json\/wp\/v2\/product_cat?post=1975"},{"taxonomy":"product_tag","embeddable":true,"href":"https:\/\/mariasanzkimono.com\/pt-br\/wp-json\/wp\/v2\/product_tag?post=1975"}],"curies":[{"name":"wp","href":"https:\/\/api.w.org\/{rel}","templated":true}]}}