{"id":1977,"date":"2024-12-22T17:17:03","date_gmt":"2024-12-22T20:17:03","guid":{"rendered":"https:\/\/mariasanzkimono.com\/produto\/collant-ross\/"},"modified":"2024-12-23T18:37:48","modified_gmt":"2024-12-23T21:37:48","slug":"collant-ross","status":"publish","type":"product","link":"https:\/\/mariasanzkimono.com\/pt-br\/produto\/collant-ross\/","title":{"rendered":"Collant Ross"},"content":{"rendered":"<p><strong>Tamanho:<\/strong> P, M<\/p>\n<p><strong>Estampa:<\/strong> Blush<\/p>\n<p><strong>Composi\u00e7\u00e3o:<\/strong> 82% poliamida | 18% elastano<\/p>\n<p><strong>Descri\u00e7\u00e3o:<\/strong> Todas as estampas s\u00e3o desenvolvidas pela Maria Sanz, s\u00e3o exclusivas da marca.<\/p>\n","protected":false},"excerpt":{"rendered":"<p>Tamanho: P, M Estampa: Blush Composi\u00e7\u00e3o: 82% poliamida | 18% elastano Descri\u00e7\u00e3o: Todas as estampas s\u00e3o desenvolvidas pela Maria Sanz, s\u00e3o exclusivas da marca.<\/p>\n","protected":false},"featured_media":2054,"template":"","meta":{"inline_featured_image":false},"product_brand":[],"product_cat":[238,86],"product_tag":[245,88,93,246,247],"class_list":{"0":"post-1977","1":"product","2":"type-product","3":"status-publish","4":"has-post-thumbnail","6":"product_cat-fuga","7":"product_cat-beachwear","8":"product_tag-collant-pt-br","9":"product_tag-conforto","10":"product_tag-elegancia","11":"product_tag-moda-pt-br","12":"product_tag-praia-pt-br","14":"first","15":"instock","16":"shipping-taxable","17":"purchasable","18":"product-type-variable"},"_links":{"self":[{"href":"https:\/\/mariasanzkimono.com\/pt-br\/wp-json\/wp\/v2\/product\/1977","targetHints":{"allow":["GET"]}}],"collection":[{"href":"https:\/\/mariasanzkimono.com\/pt-br\/wp-json\/wp\/v2\/product"}],"about":[{"href":"https:\/\/mariasanzkimono.com\/pt-br\/wp-json\/wp\/v2\/types\/product"}],"version-history":[{"count":3,"href":"https:\/\/mariasanzkimono.com\/pt-br\/wp-json\/wp\/v2\/product\/1977\/revisions"}],"predecessor-version":[{"id":2195,"href":"https:\/\/mariasanzkimono.com\/pt-br\/wp-json\/wp\/v2\/product\/1977\/revisions\/2195"}],"wp:featuredmedia":[{"embeddable":true,"href":"https:\/\/mariasanzkimono.com\/pt-br\/wp-json\/wp\/v2\/media\/2054"}],"wp:attachment":[{"href":"https:\/\/mariasanzkimono.com\/pt-br\/wp-json\/wp\/v2\/media?parent=1977"}],"wp:term":[{"taxonomy":"product_brand","embeddable":true,"href":"https:\/\/mariasanzkimono.com\/pt-br\/wp-json\/wp\/v2\/product_brand?post=1977"},{"taxonomy":"product_cat","embeddable":true,"href":"https:\/\/mariasanzkimono.com\/pt-br\/wp-json\/wp\/v2\/product_cat?post=1977"},{"taxonomy":"product_tag","embeddable":true,"href":"https:\/\/mariasanzkimono.com\/pt-br\/wp-json\/wp\/v2\/product_tag?post=1977"}],"curies":[{"name":"wp","href":"https:\/\/api.w.org\/{rel}","templated":true}]}}