{"id":1979,"date":"2024-12-22T17:17:03","date_gmt":"2024-12-22T20:17:03","guid":{"rendered":"https:\/\/mariasanzkimono.com\/produto\/collant-ross-2\/"},"modified":"2025-01-14T10:30:45","modified_gmt":"2025-01-14T13:30:45","slug":"collant-ross-2","status":"publish","type":"product","link":"https:\/\/mariasanzkimono.com\/pt-br\/produto\/collant-ross-2\/","title":{"rendered":"Collant Ross"},"content":{"rendered":"<p><strong>Tamanhos:<\/strong> P, M<\/p>\n<p><strong>Estampa:<\/strong> On\u00e7a<\/p>\n<p><strong>Composi\u00e7\u00e3o:<\/strong> 82% poliamida | 18% elastano<\/p>\n<p><strong>Descri\u00e7\u00e3o:<\/strong> Todas as estampas s\u00e3o desenvolvidas pela Maria Sanz, s\u00e3o exclusivas da marca. Nenhum Collant \u00e9 igual ao outro, cada um \u00e9 composto por uma parte da estampa.<\/p>\n","protected":false},"excerpt":{"rendered":"<p>Tamanhos: P, M Estampa: On\u00e7a Composi\u00e7\u00e3o: 82% poliamida | 18% elastano Descri\u00e7\u00e3o: Todas as estampas s\u00e3o desenvolvidas pela Maria Sanz, s\u00e3o exclusivas da marca. Nenhum Collant \u00e9 igual ao outro, cada um \u00e9 composto por uma parte da estampa.<\/p>\n","protected":false},"featured_media":2004,"template":"","meta":{"inline_featured_image":false},"product_brand":[],"product_cat":[238,86],"product_tag":[245,88,93,241,250,246,242,247],"class_list":{"0":"post-1979","1":"product","2":"type-product","3":"status-publish","4":"has-post-thumbnail","6":"product_cat-fuga","7":"product_cat-beachwear","8":"product_tag-collant-pt-br","9":"product_tag-conforto","10":"product_tag-elegancia","11":"product_tag-estampa-pt-br","12":"product_tag-maio-pt-br","13":"product_tag-moda-pt-br","14":"product_tag-onca-pt-br","15":"product_tag-praia-pt-br","17":"first","18":"instock","19":"shipping-taxable","20":"purchasable","21":"product-type-variable"},"_links":{"self":[{"href":"https:\/\/mariasanzkimono.com\/pt-br\/wp-json\/wp\/v2\/product\/1979","targetHints":{"allow":["GET"]}}],"collection":[{"href":"https:\/\/mariasanzkimono.com\/pt-br\/wp-json\/wp\/v2\/product"}],"about":[{"href":"https:\/\/mariasanzkimono.com\/pt-br\/wp-json\/wp\/v2\/types\/product"}],"version-history":[{"count":3,"href":"https:\/\/mariasanzkimono.com\/pt-br\/wp-json\/wp\/v2\/product\/1979\/revisions"}],"predecessor-version":[{"id":2211,"href":"https:\/\/mariasanzkimono.com\/pt-br\/wp-json\/wp\/v2\/product\/1979\/revisions\/2211"}],"wp:featuredmedia":[{"embeddable":true,"href":"https:\/\/mariasanzkimono.com\/pt-br\/wp-json\/wp\/v2\/media\/2004"}],"wp:attachment":[{"href":"https:\/\/mariasanzkimono.com\/pt-br\/wp-json\/wp\/v2\/media?parent=1979"}],"wp:term":[{"taxonomy":"product_brand","embeddable":true,"href":"https:\/\/mariasanzkimono.com\/pt-br\/wp-json\/wp\/v2\/product_brand?post=1979"},{"taxonomy":"product_cat","embeddable":true,"href":"https:\/\/mariasanzkimono.com\/pt-br\/wp-json\/wp\/v2\/product_cat?post=1979"},{"taxonomy":"product_tag","embeddable":true,"href":"https:\/\/mariasanzkimono.com\/pt-br\/wp-json\/wp\/v2\/product_tag?post=1979"}],"curies":[{"name":"wp","href":"https:\/\/api.w.org\/{rel}","templated":true}]}}