{"id":1985,"date":"2024-12-22T17:17:03","date_gmt":"2024-12-22T20:17:03","guid":{"rendered":"https:\/\/mariasanzkimono.com\/produto\/biquini-aza\/"},"modified":"2024-12-23T18:49:51","modified_gmt":"2024-12-23T21:49:51","slug":"biquini-aza","status":"publish","type":"product","link":"https:\/\/mariasanzkimono.com\/pt-br\/produto\/biquini-aza\/","title":{"rendered":"Biqu\u00edni Aza"},"content":{"rendered":"<p><strong>Tamanho:<\/strong> \u00danico<\/p>\n<p><strong>Estampa:<\/strong> On\u00e7a<\/p>\n<p><strong>Composi\u00e7\u00e3o:<\/strong> 82% poliamida | 18% elastano<\/p>\n<p><strong>Medidas:<\/strong> Altura: 0,20cm | Largura: 0,34cm<\/p>\n<p><strong>Descri\u00e7\u00e3o:<\/strong> Todas as estampas s\u00e3o desenvolvidas pela Maria Sanz, s\u00e3o exclusivas da marca. Nenhum Biqu\u00edni \u00e9 igual ao outro, cada um \u00e9 composto por uma parte da estampa.<\/p>\n","protected":false},"excerpt":{"rendered":"<p>Tamanho: \u00danico Estampa: On\u00e7a Composi\u00e7\u00e3o: 82% poliamida | 18% elastano Medidas: Altura: 0,20cm | Largura: 0,34cm Descri\u00e7\u00e3o: Todas as estampas s\u00e3o desenvolvidas pela Maria Sanz, s\u00e3o exclusivas da marca. Nenhum Biqu\u00edni \u00e9 igual ao outro, cada um \u00e9 composto por uma parte da estampa.<\/p>\n","protected":false},"featured_media":1996,"template":"","meta":{"inline_featured_image":false},"product_brand":[],"product_cat":[238,86],"product_tag":[123,88,93,241,246,242,247],"class_list":{"0":"post-1985","1":"product","2":"type-product","3":"status-publish","4":"has-post-thumbnail","6":"product_cat-fuga","7":"product_cat-beachwear","8":"product_tag-biquini","9":"product_tag-conforto","10":"product_tag-elegancia","11":"product_tag-estampa-pt-br","12":"product_tag-moda-pt-br","13":"product_tag-onca-pt-br","14":"product_tag-praia-pt-br","16":"first","17":"instock","18":"shipping-taxable","19":"purchasable","20":"product-type-simple"},"_links":{"self":[{"href":"https:\/\/mariasanzkimono.com\/pt-br\/wp-json\/wp\/v2\/product\/1985","targetHints":{"allow":["GET"]}}],"collection":[{"href":"https:\/\/mariasanzkimono.com\/pt-br\/wp-json\/wp\/v2\/product"}],"about":[{"href":"https:\/\/mariasanzkimono.com\/pt-br\/wp-json\/wp\/v2\/types\/product"}],"version-history":[{"count":3,"href":"https:\/\/mariasanzkimono.com\/pt-br\/wp-json\/wp\/v2\/product\/1985\/revisions"}],"predecessor-version":[{"id":2199,"href":"https:\/\/mariasanzkimono.com\/pt-br\/wp-json\/wp\/v2\/product\/1985\/revisions\/2199"}],"wp:featuredmedia":[{"embeddable":true,"href":"https:\/\/mariasanzkimono.com\/pt-br\/wp-json\/wp\/v2\/media\/1996"}],"wp:attachment":[{"href":"https:\/\/mariasanzkimono.com\/pt-br\/wp-json\/wp\/v2\/media?parent=1985"}],"wp:term":[{"taxonomy":"product_brand","embeddable":true,"href":"https:\/\/mariasanzkimono.com\/pt-br\/wp-json\/wp\/v2\/product_brand?post=1985"},{"taxonomy":"product_cat","embeddable":true,"href":"https:\/\/mariasanzkimono.com\/pt-br\/wp-json\/wp\/v2\/product_cat?post=1985"},{"taxonomy":"product_tag","embeddable":true,"href":"https:\/\/mariasanzkimono.com\/pt-br\/wp-json\/wp\/v2\/product_tag?post=1985"}],"curies":[{"name":"wp","href":"https:\/\/api.w.org\/{rel}","templated":true}]}}