{"id":1988,"date":"2024-12-22T17:17:03","date_gmt":"2024-12-22T20:17:03","guid":{"rendered":"https:\/\/mariasanzkimono.com\/produto\/calca-quente-2\/"},"modified":"2024-12-23T18:53:35","modified_gmt":"2024-12-23T21:53:35","slug":"calca-quente-2","status":"publish","type":"product","link":"https:\/\/mariasanzkimono.com\/pt-br\/produto\/calca-quente-2\/","title":{"rendered":"Hot Pant"},"content":{"rendered":"<p><strong>Tamanho:<\/strong> \u00danico<\/p>\n<p><strong>Estampa:<\/strong> Blush<\/p>\n<p><strong>Composi\u00e7\u00e3o:<\/strong> 82% poliamida | 18% elastano<\/p>\n<p><strong>Medidas:<\/strong> Altura: 0,33cm | Largura: 0,33cm<\/p>\n<p><strong>Descri\u00e7\u00e3o:<\/strong> Todas as estampas s\u00e3o desenvolvidas pela Maria Sanz, s\u00e3o exclusivas da marca. Nenhum Biqu\u00edni \u00e9 igual ao outro, cada um \u00e9 composto por uma parte da estampa.<\/p>\n<p>&nbsp;<\/p>\n","protected":false},"excerpt":{"rendered":"<p>Tamanho: \u00danico Estampa: Blush Composi\u00e7\u00e3o: 82% poliamida | 18% elastano Medidas: Altura: 0,33cm | Largura: 0,33cm Descri\u00e7\u00e3o: Todas as estampas s\u00e3o desenvolvidas pela Maria Sanz, s\u00e3o exclusivas da marca. Nenhum Biqu\u00edni \u00e9 igual ao outro, cada um \u00e9 composto por uma parte da estampa. &nbsp;<\/p>\n","protected":false},"featured_media":2052,"template":"","meta":{"inline_featured_image":false},"product_brand":[],"product_cat":[238],"product_tag":[123,252,88,93,241,246,247],"class_list":{"0":"post-1988","1":"product","2":"type-product","3":"status-publish","4":"has-post-thumbnail","6":"product_cat-fuga","7":"product_tag-biquini","8":"product_tag-blush-pt-br","9":"product_tag-conforto","10":"product_tag-elegancia","11":"product_tag-estampa-pt-br","12":"product_tag-moda-pt-br","13":"product_tag-praia-pt-br","15":"first","16":"instock","17":"shipping-taxable","18":"purchasable","19":"product-type-simple"},"_links":{"self":[{"href":"https:\/\/mariasanzkimono.com\/pt-br\/wp-json\/wp\/v2\/product\/1988","targetHints":{"allow":["GET"]}}],"collection":[{"href":"https:\/\/mariasanzkimono.com\/pt-br\/wp-json\/wp\/v2\/product"}],"about":[{"href":"https:\/\/mariasanzkimono.com\/pt-br\/wp-json\/wp\/v2\/types\/product"}],"version-history":[{"count":3,"href":"https:\/\/mariasanzkimono.com\/pt-br\/wp-json\/wp\/v2\/product\/1988\/revisions"}],"predecessor-version":[{"id":2201,"href":"https:\/\/mariasanzkimono.com\/pt-br\/wp-json\/wp\/v2\/product\/1988\/revisions\/2201"}],"wp:featuredmedia":[{"embeddable":true,"href":"https:\/\/mariasanzkimono.com\/pt-br\/wp-json\/wp\/v2\/media\/2052"}],"wp:attachment":[{"href":"https:\/\/mariasanzkimono.com\/pt-br\/wp-json\/wp\/v2\/media?parent=1988"}],"wp:term":[{"taxonomy":"product_brand","embeddable":true,"href":"https:\/\/mariasanzkimono.com\/pt-br\/wp-json\/wp\/v2\/product_brand?post=1988"},{"taxonomy":"product_cat","embeddable":true,"href":"https:\/\/mariasanzkimono.com\/pt-br\/wp-json\/wp\/v2\/product_cat?post=1988"},{"taxonomy":"product_tag","embeddable":true,"href":"https:\/\/mariasanzkimono.com\/pt-br\/wp-json\/wp\/v2\/product_tag?post=1988"}],"curies":[{"name":"wp","href":"https:\/\/api.w.org\/{rel}","templated":true}]}}