{"id":3431,"date":"2025-06-01T15:36:44","date_gmt":"2025-06-01T18:36:44","guid":{"rendered":"https:\/\/mariasanzkimono.com\/produto\/conjunto-philip\/"},"modified":"2025-06-30T13:52:02","modified_gmt":"2025-06-30T16:52:02","slug":"conjunto-philip","status":"publish","type":"product","link":"https:\/\/mariasanzkimono.com\/pt-br\/produto\/conjunto-philip\/","title":{"rendered":"Conjunto Philip"},"content":{"rendered":"<p><strong>Tamanho: <\/strong>P, M, G, GG<\/p>\n<p><strong>Estampa: <\/strong>Joker<\/p>\n<p><strong>Composi\u00e7\u00e3o:<\/strong> 100% Viscose<\/p>\n<p><strong>Descri\u00e7\u00e3o: <\/strong>Todas as estampas s\u00e3o desenvolvidas pela Maria Sanz, s\u00e3o exclusivas da marca.<br \/>\nNenhum Kimono \u00e9 igual ao outro, cada um \u00e9 composto por uma parte da estampa.<\/p>\n","protected":false},"excerpt":{"rendered":"<p>A Manz nasceu dentro de casa &#8211; entre desenhos, afetos e o nascimento de um filho.<br \/>\n\u00c9 uma marca masculina com alma autoral, feita para homens que vestem identidade, que n\u00e3o temem a cor e que expressam o que s\u00e3o com autenticidade.<br \/>\nFeita para quem est\u00e1 pelo mundo &#8211; cruzando cidades, vivendo narrativas, criando o pr\u00f3prio caminho.<\/p>\n<p>Porque vestir-se tamb\u00e9m \u00e9 declarar quem voc\u00ea \u00e9.<\/p>\n","protected":false},"featured_media":3286,"template":"","meta":{"inline_featured_image":false},"product_brand":[],"product_cat":[15],"product_tag":[88,283,89],"class_list":{"0":"post-3431","1":"product","2":"type-product","3":"status-publish","4":"has-post-thumbnail","6":"product_cat-uncategorized","7":"product_tag-conforto","8":"product_tag-moda-masculina-pt-br","9":"product_tag-praticidade","11":"first","12":"instock","13":"shipping-taxable","14":"purchasable","15":"product-type-variable"},"_links":{"self":[{"href":"https:\/\/mariasanzkimono.com\/pt-br\/wp-json\/wp\/v2\/product\/3431","targetHints":{"allow":["GET"]}}],"collection":[{"href":"https:\/\/mariasanzkimono.com\/pt-br\/wp-json\/wp\/v2\/product"}],"about":[{"href":"https:\/\/mariasanzkimono.com\/pt-br\/wp-json\/wp\/v2\/types\/product"}],"version-history":[{"count":1,"href":"https:\/\/mariasanzkimono.com\/pt-br\/wp-json\/wp\/v2\/product\/3431\/revisions"}],"predecessor-version":[{"id":3670,"href":"https:\/\/mariasanzkimono.com\/pt-br\/wp-json\/wp\/v2\/product\/3431\/revisions\/3670"}],"wp:featuredmedia":[{"embeddable":true,"href":"https:\/\/mariasanzkimono.com\/pt-br\/wp-json\/wp\/v2\/media\/3286"}],"wp:attachment":[{"href":"https:\/\/mariasanzkimono.com\/pt-br\/wp-json\/wp\/v2\/media?parent=3431"}],"wp:term":[{"taxonomy":"product_brand","embeddable":true,"href":"https:\/\/mariasanzkimono.com\/pt-br\/wp-json\/wp\/v2\/product_brand?post=3431"},{"taxonomy":"product_cat","embeddable":true,"href":"https:\/\/mariasanzkimono.com\/pt-br\/wp-json\/wp\/v2\/product_cat?post=3431"},{"taxonomy":"product_tag","embeddable":true,"href":"https:\/\/mariasanzkimono.com\/pt-br\/wp-json\/wp\/v2\/product_tag?post=3431"}],"curies":[{"name":"wp","href":"https:\/\/api.w.org\/{rel}","templated":true}]}}