{"id":531,"date":"2024-09-07T23:11:44","date_gmt":"2024-09-07T23:11:44","guid":{"rendered":"https:\/\/mariasanzkimono.com\/?post_type=product&#038;p=531"},"modified":"2025-08-05T20:38:27","modified_gmt":"2025-08-05T23:38:27","slug":"kimono-miss-gion-3","status":"publish","type":"product","link":"https:\/\/mariasanzkimono.com\/pt-br\/produto\/kimono-miss-gion-3\/","title":{"rendered":"Kimono Miss Gion"},"content":{"rendered":"<p><strong>Tamanho: <\/strong>\u00danico<\/p>\n<p><strong>Estampa:<\/strong> Tsuru &#8211; <span style=\"font-weight: 400\">Essa \u00e9 uma estampa cl\u00e1ssica japonesa com os Tsurus simbolizando a prosperidade e a sutileza do amor monog\u00e2mico. <\/span><\/p>\n<p><strong>Composi\u00e7\u00e3o:<\/strong> 100% viscose<\/p>\n<p><strong>Medidas: <\/strong>Altura: 1,42cm | Largura: 0,65cm<\/p>\n<p><strong>Descri\u00e7\u00e3o: <\/strong>Todas as estampas s\u00e3o desenvolvidas pela Maria Sanz, s\u00e3o exclusivas da marca.<br \/>\nNenhum Kimono \u00e9 igual ao outro, cada um \u00e9 composto por uma parte da estampa.<\/p>\n","protected":false},"excerpt":{"rendered":"<p><span style=\"font-weight: 400\">A cole\u00e7\u00e3o Life foi criada em uma viscose especial com caimento ideal e toque fresco. Os kimonos s\u00e3o modelos cl\u00e1ssicos japoneses e as estampas exclusivas da marca.<br \/>\n<\/span><span style=\"font-weight: 400\">Eles podem ser usados de dia com rasteiras elegantes ou com acess\u00f3rios luxuosos e sand\u00e1lias de salto para um look noturno sofisticado.<\/span><\/p>\n","protected":false},"featured_media":286,"template":"","meta":{"inline_featured_image":false},"product_brand":[],"product_cat":[16,82],"product_tag":[88,93,101,98,94,92,100,89,91],"class_list":{"0":"post-531","1":"product","2":"type-product","3":"status-publish","4":"has-post-thumbnail","6":"product_cat-kimono-longo","7":"product_cat-life","8":"product_tag-conforto","9":"product_tag-elegancia","10":"product_tag-estampa-tsuru","11":"product_tag-kimono-longo","12":"product_tag-leveza","13":"product_tag-luxo","14":"product_tag-moda-feminina","15":"product_tag-praticidade","16":"product_tag-viscose","18":"first","19":"instock","20":"shipping-taxable","21":"purchasable","22":"product-type-simple"},"_links":{"self":[{"href":"https:\/\/mariasanzkimono.com\/pt-br\/wp-json\/wp\/v2\/product\/531","targetHints":{"allow":["GET"]}}],"collection":[{"href":"https:\/\/mariasanzkimono.com\/pt-br\/wp-json\/wp\/v2\/product"}],"about":[{"href":"https:\/\/mariasanzkimono.com\/pt-br\/wp-json\/wp\/v2\/types\/product"}],"version-history":[{"count":1,"href":"https:\/\/mariasanzkimono.com\/pt-br\/wp-json\/wp\/v2\/product\/531\/revisions"}],"predecessor-version":[{"id":1189,"href":"https:\/\/mariasanzkimono.com\/pt-br\/wp-json\/wp\/v2\/product\/531\/revisions\/1189"}],"wp:featuredmedia":[{"embeddable":true,"href":"https:\/\/mariasanzkimono.com\/pt-br\/wp-json\/wp\/v2\/media\/286"}],"wp:attachment":[{"href":"https:\/\/mariasanzkimono.com\/pt-br\/wp-json\/wp\/v2\/media?parent=531"}],"wp:term":[{"taxonomy":"product_brand","embeddable":true,"href":"https:\/\/mariasanzkimono.com\/pt-br\/wp-json\/wp\/v2\/product_brand?post=531"},{"taxonomy":"product_cat","embeddable":true,"href":"https:\/\/mariasanzkimono.com\/pt-br\/wp-json\/wp\/v2\/product_cat?post=531"},{"taxonomy":"product_tag","embeddable":true,"href":"https:\/\/mariasanzkimono.com\/pt-br\/wp-json\/wp\/v2\/product_tag?post=531"}],"curies":[{"name":"wp","href":"https:\/\/api.w.org\/{rel}","templated":true}]}}