{"id":532,"date":"2024-09-07T23:19:51","date_gmt":"2024-09-07T23:19:51","guid":{"rendered":"https:\/\/mariasanzkimono.com\/?post_type=product&#038;p=532"},"modified":"2025-08-05T20:38:07","modified_gmt":"2025-08-05T23:38:07","slug":"kimono-miss-gion-4","status":"publish","type":"product","link":"https:\/\/mariasanzkimono.com\/pt-br\/produto\/kimono-miss-gion-4\/","title":{"rendered":"Kimono Miss Gion"},"content":{"rendered":"<p><strong>Tamanho: <\/strong>\u00danico<\/p>\n<p><strong>Estampa:<\/strong> Olhos Pastel &#8211; <span style=\"font-weight: 400\">A estampa olhos tem uma pegada artsy-surrealistas, com olhos desenhados \u00e0 m\u00e3o representando a consci\u00eancia.\u00a0<\/span><\/p>\n<p><strong>Composi\u00e7\u00e3o:<\/strong> 100% viscose<\/p>\n<p><strong>Medidas: <\/strong>Altura: 1,42cm | Largura: 0,65cm<\/p>\n<p><strong>Descri\u00e7\u00e3o: <\/strong>Todas as estampas s\u00e3o desenvolvidas pela Maria Sanz, s\u00e3o exclusivas da marca.<br \/>\nNenhum Kimono \u00e9 igual ao outro, cada um \u00e9 composto por uma parte da estampa.<\/p>\n","protected":false},"excerpt":{"rendered":"<p><span style=\"font-weight: 400\">A cole\u00e7\u00e3o Life foi criada em uma viscose especial com caimento ideal e toque fresco. Os kimonos s\u00e3o modelos cl\u00e1ssicos japoneses e as estampas exclusivas da marca.<br \/>\n<\/span><span style=\"font-weight: 400\">Eles podem ser usados de dia com rasteiras elegantes ou com acess\u00f3rios luxuosos e sand\u00e1lias de salto para um look noturno sofisticado.<\/span><\/p>\n","protected":false},"featured_media":278,"template":"","meta":{"inline_featured_image":false},"product_brand":[],"product_cat":[16,82],"product_tag":[88,93,102,98,94,92,100,89,91],"class_list":{"0":"post-532","1":"product","2":"type-product","3":"status-publish","4":"has-post-thumbnail","6":"product_cat-kimono-longo","7":"product_cat-life","8":"product_tag-conforto","9":"product_tag-elegancia","10":"product_tag-estampa-olhos","11":"product_tag-kimono-longo","12":"product_tag-leveza","13":"product_tag-luxo","14":"product_tag-moda-feminina","15":"product_tag-praticidade","16":"product_tag-viscose","18":"first","19":"instock","20":"shipping-taxable","21":"purchasable","22":"product-type-simple"},"_links":{"self":[{"href":"https:\/\/mariasanzkimono.com\/pt-br\/wp-json\/wp\/v2\/product\/532","targetHints":{"allow":["GET"]}}],"collection":[{"href":"https:\/\/mariasanzkimono.com\/pt-br\/wp-json\/wp\/v2\/product"}],"about":[{"href":"https:\/\/mariasanzkimono.com\/pt-br\/wp-json\/wp\/v2\/types\/product"}],"version-history":[{"count":1,"href":"https:\/\/mariasanzkimono.com\/pt-br\/wp-json\/wp\/v2\/product\/532\/revisions"}],"predecessor-version":[{"id":1188,"href":"https:\/\/mariasanzkimono.com\/pt-br\/wp-json\/wp\/v2\/product\/532\/revisions\/1188"}],"wp:featuredmedia":[{"embeddable":true,"href":"https:\/\/mariasanzkimono.com\/pt-br\/wp-json\/wp\/v2\/media\/278"}],"wp:attachment":[{"href":"https:\/\/mariasanzkimono.com\/pt-br\/wp-json\/wp\/v2\/media?parent=532"}],"wp:term":[{"taxonomy":"product_brand","embeddable":true,"href":"https:\/\/mariasanzkimono.com\/pt-br\/wp-json\/wp\/v2\/product_brand?post=532"},{"taxonomy":"product_cat","embeddable":true,"href":"https:\/\/mariasanzkimono.com\/pt-br\/wp-json\/wp\/v2\/product_cat?post=532"},{"taxonomy":"product_tag","embeddable":true,"href":"https:\/\/mariasanzkimono.com\/pt-br\/wp-json\/wp\/v2\/product_tag?post=532"}],"curies":[{"name":"wp","href":"https:\/\/api.w.org\/{rel}","templated":true}]}}