{"id":543,"date":"2024-09-08T01:04:59","date_gmt":"2024-09-08T01:04:59","guid":{"rendered":"https:\/\/mariasanzkimono.com\/?post_type=product&#038;p=543"},"modified":"2025-01-14T11:13:38","modified_gmt":"2025-01-14T14:13:38","slug":"kimono-izadora","status":"publish","type":"product","link":"https:\/\/mariasanzkimono.com\/pt-br\/produto\/kimono-izadora\/","title":{"rendered":"kimono Izadora"},"content":{"rendered":"<p><strong>Tamanho: <\/strong>\u00danico<\/p>\n<p><strong>Estampa:<\/strong> Navy Blue Rose &#8211; Elegante.<\/p>\n<p><strong>Composi\u00e7\u00e3o:<\/strong> 100% viscose<\/p>\n<p><strong>Medidas: <\/strong>Altura: 1,45cm | Largura: 0,35cm<\/p>\n<p><strong>Descri\u00e7\u00e3o: <\/strong>Todas as estampas s\u00e3o desenvolvidas pela Maria Sanz, s\u00e3o exclusivas da marca.<br \/>\nNenhum Kimono \u00e9 igual ao outro, cada um \u00e9 composto por uma parte da estampa.<\/p>\n","protected":false},"excerpt":{"rendered":"<p><b>GARDEN \u2013\u00a0GGT de Viscose<\/b><\/p>\n<p><b><\/b><span style=\"font-weight: 400\">A cole\u00e7\u00e3o Garden \u00e9 composta de kimono-vestidos, ideal para dar leveza \u00e0s festas. S\u00e3o tr\u00eas estampas florais com mandalas japonesas de prosperidade.<br \/>\n<\/span><span style=\"font-weight: 400\">O kimono-vestido pode ser usado com rasteiras elegantes para eventos de dia, ou com acess\u00f3rios luxuosos para um look mais sofisticado em festas de noite.\u00a0<\/span><\/p>\n<p>&nbsp;<\/p>\n","protected":false},"featured_media":259,"template":"","meta":{"inline_featured_image":false},"product_brand":[],"product_cat":[83,25],"product_tag":[88,93,107,109,105,92,100,89,108,106],"class_list":{"0":"post-543","1":"product","2":"type-product","3":"status-publish","4":"has-post-thumbnail","6":"product_cat-garden","7":"product_cat-kimono-dress","8":"product_tag-conforto","9":"product_tag-elegancia","10":"product_tag-estampa-de-rosas","11":"product_tag-home","12":"product_tag-kimono-vestido","13":"product_tag-luxo","14":"product_tag-moda-feminina","15":"product_tag-praticidade","16":"product_tag-romantismo","17":"product_tag-viscose-transparente","19":"first","20":"instock","21":"shipping-taxable","22":"purchasable","23":"product-type-simple"},"_links":{"self":[{"href":"https:\/\/mariasanzkimono.com\/pt-br\/wp-json\/wp\/v2\/product\/543","targetHints":{"allow":["GET"]}}],"collection":[{"href":"https:\/\/mariasanzkimono.com\/pt-br\/wp-json\/wp\/v2\/product"}],"about":[{"href":"https:\/\/mariasanzkimono.com\/pt-br\/wp-json\/wp\/v2\/types\/product"}],"version-history":[{"count":1,"href":"https:\/\/mariasanzkimono.com\/pt-br\/wp-json\/wp\/v2\/product\/543\/revisions"}],"predecessor-version":[{"id":1197,"href":"https:\/\/mariasanzkimono.com\/pt-br\/wp-json\/wp\/v2\/product\/543\/revisions\/1197"}],"wp:featuredmedia":[{"embeddable":true,"href":"https:\/\/mariasanzkimono.com\/pt-br\/wp-json\/wp\/v2\/media\/259"}],"wp:attachment":[{"href":"https:\/\/mariasanzkimono.com\/pt-br\/wp-json\/wp\/v2\/media?parent=543"}],"wp:term":[{"taxonomy":"product_brand","embeddable":true,"href":"https:\/\/mariasanzkimono.com\/pt-br\/wp-json\/wp\/v2\/product_brand?post=543"},{"taxonomy":"product_cat","embeddable":true,"href":"https:\/\/mariasanzkimono.com\/pt-br\/wp-json\/wp\/v2\/product_cat?post=543"},{"taxonomy":"product_tag","embeddable":true,"href":"https:\/\/mariasanzkimono.com\/pt-br\/wp-json\/wp\/v2\/product_tag?post=543"}],"curies":[{"name":"wp","href":"https:\/\/api.w.org\/{rel}","templated":true}]}}