{"id":546,"date":"2024-09-08T12:21:06","date_gmt":"2024-09-08T12:21:06","guid":{"rendered":"https:\/\/mariasanzkimono.com\/?post_type=product&#038;p=546"},"modified":"2025-07-17T16:17:27","modified_gmt":"2025-07-17T19:17:27","slug":"kimono-izadora-4","status":"publish","type":"product","link":"https:\/\/mariasanzkimono.com\/pt-br\/produto\/kimono-izadora-4\/","title":{"rendered":"Kimono Izadora"},"content":{"rendered":"<p><strong>Tamanho: <\/strong>\u00danico<\/p>\n<p><strong>Estampa:<\/strong> Cheeta &#8211; <span style=\"font-weight: 400;\">Este \u00e9 um animal print cl\u00e1ssico da marca. Cheeta tem eleg\u00e2ncia e irrever\u00eancia na mesma medida. O tom caramelo vibrante confere personalidade a essa estampa que funciona tanto para um evento noturno sofisticado, quanto para um encontro casual onde a eleg\u00e2ncia \u00e9 prioridade.<\/span><\/p>\n<p><strong>Composi\u00e7\u00e3o:<\/strong> 100% viscose<\/p>\n<p><strong>Medidas: <\/strong>Altura: 1,40cm | Largura: 0,40cm<\/p>\n<p><strong>Descri\u00e7\u00e3o: <\/strong>Todas as estampas s\u00e3o desenvolvidas pela Maria Sanz, s\u00e3o exclusivas da marca.<br \/>\nNenhum Kimono \u00e9 igual ao outro, cada um \u00e9 composto por uma parte da estampa.<\/p>\n","protected":false},"excerpt":{"rendered":"<p><b>PARTY \u2013\u00a0Jersey de Viscose\u00a0<\/b><\/p>\n<p><span style=\"font-weight: 400;\">Cole\u00e7\u00e3o exclusiva de vestidos-Kimonos, em Jersey de Viscose. Cada pe\u00e7a desta linha de kimono-vestido foi concebida para oferecer um caimento perfeito, transformando qualquer festa em uma ocasi\u00e3o inesquec\u00edvel de eleg\u00e2ncia e estilo. O Jersey de Viscose \u00e9 um tecido conhecido por sua suavidade sedosa, elasticidade e acabamento impec\u00e1vel. Este material superior garante um toque agrad\u00e1vel \u00e0 pele, proporcionando conforto excepcional e liberdade de movimento sem sacrificar a sofistica\u00e7\u00e3o.<\/span><\/p>\n<p><span style=\"font-weight: 400;\">Estes vestidos-kimonos s\u00e3o ideais para uma ampla variedade de celebra\u00e7\u00f5es. Perfeitos para festas diurnas, onde a leveza do tecido e o design gracioso brilham sob a luz do sol, e igualmente adequados para eventos noturnos, onde o caimento perfeito e os detalhes sofisticados garantem um look glamoroso e marcante.<\/span><\/p>\n<p><strong><i>*Edi\u00e7\u00e3o Limitada*<\/i><\/strong><\/p>\n<p><span style=\"font-weight: 400;\">Para garantir a exclusividade e a alta qualidade de cada pe\u00e7a, a cole\u00e7\u00e3o de vestidos em Jersey de Viscose \u00e9 lan\u00e7ada em quantidades limitadas. Ao escolher um de nossos vestidos, voc\u00ea adquire n\u00e3o apenas uma roupa, mas uma experi\u00eancia singular de luxo e estilo.<\/span><\/p>\n<p>&nbsp;<\/p>\n","protected":false},"featured_media":346,"template":"","meta":{"inline_featured_image":false},"product_brand":[],"product_cat":[25,84],"product_tag":[88,93,111,105,92,100,89,110],"class_list":{"0":"post-546","1":"product","2":"type-product","3":"status-publish","4":"has-post-thumbnail","6":"product_cat-kimono-dress","7":"product_cat-party","8":"product_tag-conforto","9":"product_tag-elegancia","10":"product_tag-estampa-de-cheeta","11":"product_tag-kimono-vestido","12":"product_tag-luxo","13":"product_tag-moda-feminina","14":"product_tag-praticidade","15":"product_tag-viscose-de-jersey","17":"first","18":"outofstock","19":"shipping-taxable","20":"purchasable","21":"product-type-simple"},"_links":{"self":[{"href":"https:\/\/mariasanzkimono.com\/pt-br\/wp-json\/wp\/v2\/product\/546","targetHints":{"allow":["GET"]}}],"collection":[{"href":"https:\/\/mariasanzkimono.com\/pt-br\/wp-json\/wp\/v2\/product"}],"about":[{"href":"https:\/\/mariasanzkimono.com\/pt-br\/wp-json\/wp\/v2\/types\/product"}],"version-history":[{"count":3,"href":"https:\/\/mariasanzkimono.com\/pt-br\/wp-json\/wp\/v2\/product\/546\/revisions"}],"predecessor-version":[{"id":3787,"href":"https:\/\/mariasanzkimono.com\/pt-br\/wp-json\/wp\/v2\/product\/546\/revisions\/3787"}],"wp:featuredmedia":[{"embeddable":true,"href":"https:\/\/mariasanzkimono.com\/pt-br\/wp-json\/wp\/v2\/media\/346"}],"wp:attachment":[{"href":"https:\/\/mariasanzkimono.com\/pt-br\/wp-json\/wp\/v2\/media?parent=546"}],"wp:term":[{"taxonomy":"product_brand","embeddable":true,"href":"https:\/\/mariasanzkimono.com\/pt-br\/wp-json\/wp\/v2\/product_brand?post=546"},{"taxonomy":"product_cat","embeddable":true,"href":"https:\/\/mariasanzkimono.com\/pt-br\/wp-json\/wp\/v2\/product_cat?post=546"},{"taxonomy":"product_tag","embeddable":true,"href":"https:\/\/mariasanzkimono.com\/pt-br\/wp-json\/wp\/v2\/product_tag?post=546"}],"curies":[{"name":"wp","href":"https:\/\/api.w.org\/{rel}","templated":true}]}}