{"id":549,"date":"2024-09-08T12:45:53","date_gmt":"2024-09-08T12:45:53","guid":{"rendered":"https:\/\/mariasanzkimono.com\/?post_type=product&#038;p=549"},"modified":"2025-10-07T11:20:51","modified_gmt":"2025-10-07T14:20:51","slug":"kimono-miss-shibuya-longo-7","status":"publish","type":"product","link":"https:\/\/mariasanzkimono.com\/pt-br\/produto\/kimono-miss-shibuya-longo-7\/","title":{"rendered":"Kimono Miss Shibuya Longo"},"content":{"rendered":"<p><strong>Tamanho: <\/strong>\u00danico<\/p>\n<p><strong>Estampa:\u00a0<\/strong>Orientese &#8211; <span style=\"font-weight: 400\">Esta estampa \u00e9 uma celebra\u00e7\u00e3o da cultura e tradi\u00e7\u00f5es orientais, marcada pela presen\u00e7a dos Tsurus, aves que simbolizam felicidade, boa sorte e longevidade no Jap\u00e3o. Cada detalhe da estampa foi criado para refletir a leveza e a beleza simb\u00f3lica dos Tsurus, transformando cada pe\u00e7a em uma verdadeira obra de arte.<\/span><\/p>\n<p><strong>Composi\u00e7\u00e3o:<\/strong> 100% seda<\/p>\n<p><strong>Medidas: <\/strong>Altura: 1,42cm | Largura: 0,60cm<\/p>\n<p><strong>Descri\u00e7\u00e3o: <\/strong>Todas as estampas s\u00e3o desenvolvidas pela Maria Sanz, s\u00e3o exclusivas da marca.<br \/>\nNenhum Kimono \u00e9 igual ao outro, cada um \u00e9 composto por uma parte da estampa.<\/p>\n","protected":false},"excerpt":{"rendered":"<p><b>RESORT \u2013\u00a0Seda Pura<\/b><\/p>\n<p><span style=\"font-weight: 400\">A seda pura oferece um toque incompar\u00e1vel ao guarda-roupa de viagens resort, harmonizados a linha beachwear, desenvolvida para complementar os kimonos de maneira \u00fanica e sofisticada.<br \/>\n<\/span><span style=\"font-weight: 400\">As estampas da cole\u00e7\u00e3o RESORT foram desenvolvidas por Maria Sanz e inspiradas pela natureza vibrante e delicada do Oriente.<br \/>\n<\/span><span style=\"font-weight: 400\">Os kimonos de seda pura podem ser usados tanto como uma cobertura elegante sobre o biqu\u00edni \u00e0 beira da piscina quanto como uma pe\u00e7a chave em um jantar sofisticado \u00e0 noite. A combina\u00e7\u00e3o com o biqu\u00edni ou collant garante estilo e funcionalidade para qualquer ocasi\u00e3o.<\/span><\/p>\n<p>&nbsp;<\/p>\n","protected":false},"featured_media":506,"template":"","meta":{"inline_featured_image":false},"product_brand":[],"product_cat":[16,81],"product_tag":[88,93,115,109,98,94,92,100,89,95],"class_list":{"0":"post-549","1":"product","2":"type-product","3":"status-publish","4":"has-post-thumbnail","6":"product_cat-kimono-longo","7":"product_cat-resort","8":"product_tag-conforto","9":"product_tag-elegancia","10":"product_tag-estampa-orientese","11":"product_tag-home","12":"product_tag-kimono-longo","13":"product_tag-leveza","14":"product_tag-luxo","15":"product_tag-moda-feminina","16":"product_tag-praticidade","17":"product_tag-seda-pura","19":"first","20":"instock","21":"shipping-taxable","22":"purchasable","23":"product-type-simple"},"_links":{"self":[{"href":"https:\/\/mariasanzkimono.com\/pt-br\/wp-json\/wp\/v2\/product\/549","targetHints":{"allow":["GET"]}}],"collection":[{"href":"https:\/\/mariasanzkimono.com\/pt-br\/wp-json\/wp\/v2\/product"}],"about":[{"href":"https:\/\/mariasanzkimono.com\/pt-br\/wp-json\/wp\/v2\/types\/product"}],"version-history":[{"count":1,"href":"https:\/\/mariasanzkimono.com\/pt-br\/wp-json\/wp\/v2\/product\/549\/revisions"}],"predecessor-version":[{"id":1172,"href":"https:\/\/mariasanzkimono.com\/pt-br\/wp-json\/wp\/v2\/product\/549\/revisions\/1172"}],"wp:featuredmedia":[{"embeddable":true,"href":"https:\/\/mariasanzkimono.com\/pt-br\/wp-json\/wp\/v2\/media\/506"}],"wp:attachment":[{"href":"https:\/\/mariasanzkimono.com\/pt-br\/wp-json\/wp\/v2\/media?parent=549"}],"wp:term":[{"taxonomy":"product_brand","embeddable":true,"href":"https:\/\/mariasanzkimono.com\/pt-br\/wp-json\/wp\/v2\/product_brand?post=549"},{"taxonomy":"product_cat","embeddable":true,"href":"https:\/\/mariasanzkimono.com\/pt-br\/wp-json\/wp\/v2\/product_cat?post=549"},{"taxonomy":"product_tag","embeddable":true,"href":"https:\/\/mariasanzkimono.com\/pt-br\/wp-json\/wp\/v2\/product_tag?post=549"}],"curies":[{"name":"wp","href":"https:\/\/api.w.org\/{rel}","templated":true}]}}