{"id":584,"date":"2024-09-09T16:41:30","date_gmt":"2024-09-09T16:41:30","guid":{"rendered":"https:\/\/mariasanzkimono.com\/?post_type=product&#038;p=584"},"modified":"2025-01-14T11:05:28","modified_gmt":"2025-01-14T14:05:28","slug":"biquini-susy-3","status":"publish","type":"product","link":"https:\/\/mariasanzkimono.com\/pt-br\/produto\/biquini-susy-3\/","title":{"rendered":"Bikini Susy"},"content":{"rendered":"<p><strong>Tamanho: <\/strong>\u00danico<\/p>\n<p><strong>Estampa:\u00a0<\/strong>Yemaya<\/p>\n<p><strong>Composi\u00e7\u00e3o:<\/strong> 82% poliamida | 18% elastano<\/p>\n<p><strong>Medidas: <\/strong>Altura: 0,30cm | Largura: 0,32cm<\/p>\n<p><strong>Descri\u00e7\u00e3o: <\/strong>Todas as estampas s\u00e3o desenvolvidas pela Maria Sanz, s\u00e3o exclusivas da marca.<br \/>\nNenhum Kimono \u00e9 igual ao outro, cada um \u00e9 composto por uma parte da estampa.<\/p>\n","protected":false},"excerpt":{"rendered":"<p>Tamanho: \u00danico Estampa:\u00a0Yemaya Composi\u00e7\u00e3o: 82% poliamida | 18% elastano Medidas: Altura: 0,30cm | Largura: 0,32cm Descri\u00e7\u00e3o: Todas as estampas s\u00e3o desenvolvidas pela Maria Sanz, s\u00e3o exclusivas da marca. Nenhum Kimono \u00e9 igual ao outro, cada um \u00e9 composto por uma parte da estampa.<\/p>\n","protected":false},"featured_media":598,"template":"","meta":{"inline_featured_image":false},"product_brand":[],"product_cat":[86,81],"product_tag":[123,88,117,97,125,124],"class_list":{"0":"post-584","1":"product","2":"type-product","3":"status-publish","4":"has-post-thumbnail","6":"product_cat-beachwear","7":"product_cat-resort","8":"product_tag-biquini","9":"product_tag-conforto","10":"product_tag-estampa-yemaya","11":"product_tag-lycra","12":"product_tag-moda-praia","13":"product_tag-verao","15":"first","16":"instock","17":"shipping-taxable","18":"purchasable","19":"product-type-simple"},"_links":{"self":[{"href":"https:\/\/mariasanzkimono.com\/pt-br\/wp-json\/wp\/v2\/product\/584","targetHints":{"allow":["GET"]}}],"collection":[{"href":"https:\/\/mariasanzkimono.com\/pt-br\/wp-json\/wp\/v2\/product"}],"about":[{"href":"https:\/\/mariasanzkimono.com\/pt-br\/wp-json\/wp\/v2\/types\/product"}],"version-history":[{"count":2,"href":"https:\/\/mariasanzkimono.com\/pt-br\/wp-json\/wp\/v2\/product\/584\/revisions"}],"predecessor-version":[{"id":1219,"href":"https:\/\/mariasanzkimono.com\/pt-br\/wp-json\/wp\/v2\/product\/584\/revisions\/1219"}],"wp:featuredmedia":[{"embeddable":true,"href":"https:\/\/mariasanzkimono.com\/pt-br\/wp-json\/wp\/v2\/media\/598"}],"wp:attachment":[{"href":"https:\/\/mariasanzkimono.com\/pt-br\/wp-json\/wp\/v2\/media?parent=584"}],"wp:term":[{"taxonomy":"product_brand","embeddable":true,"href":"https:\/\/mariasanzkimono.com\/pt-br\/wp-json\/wp\/v2\/product_brand?post=584"},{"taxonomy":"product_cat","embeddable":true,"href":"https:\/\/mariasanzkimono.com\/pt-br\/wp-json\/wp\/v2\/product_cat?post=584"},{"taxonomy":"product_tag","embeddable":true,"href":"https:\/\/mariasanzkimono.com\/pt-br\/wp-json\/wp\/v2\/product_tag?post=584"}],"curies":[{"name":"wp","href":"https:\/\/api.w.org\/{rel}","templated":true}]}}