{"id":590,"date":"2024-09-09T17:09:29","date_gmt":"2024-09-09T17:09:29","guid":{"rendered":"https:\/\/mariasanzkimono.com\/?post_type=product&#038;p=590"},"modified":"2025-08-14T20:20:45","modified_gmt":"2025-08-14T23:20:45","slug":"collant-nina-3","status":"publish","type":"product","link":"https:\/\/mariasanzkimono.com\/pt-br\/produto\/collant-nina-3\/","title":{"rendered":"Collant Nina"},"content":{"rendered":"<p><strong>Size: <\/strong>P, M<\/p>\n<p><strong>Estampa: <\/strong>Yemaya<\/p>\n<p><strong>Composi\u00e7\u00e3o:<\/strong> <span class=\"Y2IQFc\" lang=\"en\">82% poliamida | 18% elastano<br \/>\n<\/span><\/p>\n<p><strong>Descri\u00e7\u00e3o: <\/strong><span class=\"Y2IQFc\" lang=\"en\">Todas as estampas s\u00e3o desenvolvidas pela Maria Sanz, s\u00e3o exclusivas da marca.<br \/>\nNenhum Collant \u00e9 igual ao outro, cada um \u00e9 composto por uma parte da estampa.<\/span><\/p>\n","protected":false},"excerpt":{"rendered":"<p>Size: P, M Estampa: Yemaya Composi\u00e7\u00e3o: 82% poliamida | 18% elastano Descri\u00e7\u00e3o: Todas as estampas s\u00e3o desenvolvidas pela Maria Sanz, s\u00e3o exclusivas da marca. Nenhum Collant \u00e9 igual ao outro, cada um \u00e9 composto por uma parte da estampa.<\/p>\n","protected":false},"featured_media":604,"template":"","meta":{"inline_featured_image":false},"product_brand":[],"product_cat":[86],"product_tag":[123,88,117,97,125,124],"class_list":{"0":"post-590","1":"product","2":"type-product","3":"status-publish","4":"has-post-thumbnail","6":"product_cat-beachwear","7":"product_tag-biquini","8":"product_tag-conforto","9":"product_tag-estampa-yemaya","10":"product_tag-lycra","11":"product_tag-moda-praia","12":"product_tag-verao","14":"first","15":"instock","16":"shipping-taxable","17":"purchasable","18":"product-type-variable"},"_links":{"self":[{"href":"https:\/\/mariasanzkimono.com\/pt-br\/wp-json\/wp\/v2\/product\/590","targetHints":{"allow":["GET"]}}],"collection":[{"href":"https:\/\/mariasanzkimono.com\/pt-br\/wp-json\/wp\/v2\/product"}],"about":[{"href":"https:\/\/mariasanzkimono.com\/pt-br\/wp-json\/wp\/v2\/types\/product"}],"version-history":[{"count":3,"href":"https:\/\/mariasanzkimono.com\/pt-br\/wp-json\/wp\/v2\/product\/590\/revisions"}],"predecessor-version":[{"id":1340,"href":"https:\/\/mariasanzkimono.com\/pt-br\/wp-json\/wp\/v2\/product\/590\/revisions\/1340"}],"wp:featuredmedia":[{"embeddable":true,"href":"https:\/\/mariasanzkimono.com\/pt-br\/wp-json\/wp\/v2\/media\/604"}],"wp:attachment":[{"href":"https:\/\/mariasanzkimono.com\/pt-br\/wp-json\/wp\/v2\/media?parent=590"}],"wp:term":[{"taxonomy":"product_brand","embeddable":true,"href":"https:\/\/mariasanzkimono.com\/pt-br\/wp-json\/wp\/v2\/product_brand?post=590"},{"taxonomy":"product_cat","embeddable":true,"href":"https:\/\/mariasanzkimono.com\/pt-br\/wp-json\/wp\/v2\/product_cat?post=590"},{"taxonomy":"product_tag","embeddable":true,"href":"https:\/\/mariasanzkimono.com\/pt-br\/wp-json\/wp\/v2\/product_tag?post=590"}],"curies":[{"name":"wp","href":"https:\/\/api.w.org\/{rel}","templated":true}]}}